{"id":3532,"date":"2021-02-17T13:41:58","date_gmt":"2021-02-17T13:41:58","guid":{"rendered":"https:\/\/ifdc.edu.ar\/home\/?page_id=3532"},"modified":"2026-03-09T19:40:15","modified_gmt":"2026-03-09T19:40:15","slug":"llamados-a-concurso","status":"publish","type":"page","link":"https:\/\/ifdc.edu.ar\/home\/llamados-a-concurso\/","title":{"rendered":"Llamados a Concurso"},"content":{"rendered":"<p>[et_pb_section fb_built=\u00bb1&#8243; _builder_version=\u00bb4.4.8&#8243; background_image=\u00bbhttps:\/\/ifdc.edu.ar\/home\/wp-content\/uploads\/2021\/02\/Gradiente-1.png\u00bb][et_pb_row _builder_version=\u00bb4.4.8&#8243;][et_pb_column type=\u00bb4_4&#8243; _builder_version=\u00bb4.4.8&#8243;][et_pb_text _builder_version=\u00bb4.4.8&#8243; header_text_align=\u00bbcenter\u00bb header_text_color=\u00bb#f9f9f9&#8243;]<\/p>\n<h1>Llamados a concurso<\/h1>\n<p>[\/et_pb_text][\/et_pb_column][\/et_pb_row][\/et_pb_section][et_pb_section fb_built=\u00bb1&#8243; _builder_version=\u00bb4.4.8&#8243;][\/et_pb_section][et_pb_section fb_built=\u00bb1&#8243; fullwidth=\u00bbon\u00bb _builder_version=\u00bb4.4.8&#8243;][\/et_pb_section][et_pb_section fb_built=\u00bb1&#8243; _builder_version=\u00bb4.4.8&#8243; width=\u00bb97.9%\u00bb][et_pb_row _builder_version=\u00bb4.4.8&#8243; custom_padding=\u00bb15px|15px|15px|15px|false|false\u00bb box_shadow_style=\u00bbpreset1&#8243;][et_pb_column type=\u00bb4_4&#8243; _builder_version=\u00bb4.4.8&#8243;][et_pb_text _builder_version=\u00bb4.4.8&#8243;]<\/p>\n<h2><span style=\"color: #1e73be;\"><strong>Informaci\u00f3n general<\/strong><\/span><\/h2>\n<p><span style=\"font-weight: 400;\">El ingreso del personal docente a los Institutos de Formaci\u00f3n Docente Continua se realiza a trav\u00e9s de concursos de antecedentes y oposici\u00f3n para cargos suplentes e interinos, tal como lo dispone\u00a0 la <a href=\"https:\/\/drive.google.com\/file\/d\/17GKgfIdiz3cIg6SlrW66qWUlzWeQwDXi\/view\">Res. 439\/26<\/a>.<\/span><\/p>\n<p><span style=\"font-weight: 400;\">En esta secci\u00f3n encontrar\u00e1 la informaci\u00f3n sobre los llamados a concursos vigentes para las cuatro carreras que se dictan en IFDC BARILOCHE<\/span><\/p>\n<p><span style=\"font-weight: 400;\">Se espera que los concursantes <\/span><b>tengan conocimiento de los dise\u00f1os curriculares de la formaci\u00f3n docente<\/b><span style=\"font-weight: 400;\"> para la carrera que se postula. Por ello ponemos a disposici\u00f3n dichos documentos:<\/span><\/p>\n<p>[\/et_pb_text][\/et_pb_column][\/et_pb_row][et_pb_row column_structure=\u00bb1_4,1_4,1_4,1_4&#8243; _builder_version=\u00bb4.4.8&#8243; locked=\u00bboff\u00bb][et_pb_column type=\u00bb1_4&#8243; _builder_version=\u00bb4.4.8&#8243;][et_pb_blurb url=\u00bbhttps:\/\/drive.google.com\/file\/d\/1-QUxX7yo_lbjfKI7TF2SUtXchfcUzvEa\/view\u00bb url_new_window=\u00bbon\u00bb _builder_version=\u00bb4.4.8&#8243; header_text_align=\u00bbcenter\u00bb min_height=\u00bb300px\u00bb custom_margin=\u00bb||||false|false\u00bb custom_padding=\u00bb30px|30px|30px|30px|false|false\u00bb box_shadow_style=\u00bbpreset3&#8243;]<\/p>\n<h5><strong>Profesorado de Educaci\u00f3n Primaria<\/strong><\/h5>\n<hr \/>\n<p><strong><a href=\"https:\/\/drive.google.com\/file\/d\/0B4iy7OfAvAgoVjR3NlpieGJtYTA\/view\">Resoluci\u00f3n 4249\/15<\/a><\/strong><\/p>\n<p><strong><a href=\"https:\/\/drive.google.com\/file\/d\/0B4iy7OfAvAgoYVNzMThyaDJsdTg\/view\">Dise\u00f1o curricular<\/a> <\/strong><\/p>\n<p><strong><a href=\"https:\/\/ifdbariloche-rng.infd.edu.ar\/sitio\/llamados-a-concurso\/upload\/mapa_curricular_primaria_4249.bmp\">Mapa<\/a><\/strong>[\/et_pb_blurb][\/et_pb_column][et_pb_column type=\u00bb1_4&#8243; _builder_version=\u00bb4.4.8&#8243;][et_pb_blurb url=\u00bbhttps:\/\/drive.google.com\/file\/d\/1-QUxX7yo_lbjfKI7TF2SUtXchfcUzvEa\/view\u00bb url_new_window=\u00bbon\u00bb _builder_version=\u00bb4.4.8&#8243; header_text_align=\u00bbcenter\u00bb min_height=\u00bb300px\u00bb custom_margin=\u00bb||||false|false\u00bb custom_padding=\u00bb30px|30px|30px|30px|false|false\u00bb box_shadow_style=\u00bbpreset3&#8243; locked=\u00bboff\u00bb]<\/p>\n<h5 data-wahfont=\"14\"><strong>Profesorado de Educaci\u00f3n Inicial<\/strong><\/h5>\n<hr \/>\n<p data-wahfont=\"14\"><strong><a role=\"link\" href=\"https:\/\/drive.google.com\/file\/d\/0B4iy7OfAvAgoc1NQMi00TUY2R1k\/view\" data-wahfont=\"14\">Resoluci\u00f3n\u00a04242\/1<\/a><a role=\"link\" href=\"https:\/\/drive.google.com\/file\/d\/0B4iy7OfAvAgoc1NQMi00TUY2R1k\/view\" data-wahfont=\"14\">5<\/a><\/strong><\/p>\n<p data-wahfont=\"14\"><strong><a role=\"link\" href=\"https:\/\/ifdbariloche-rng.infd.edu.ar\/sitio\/educacion-inicial\/upload\/04242-15_ANEXO_I_DISEN_O.pdf\" data-wahfont=\"14\">Dise\u00f1o curricular<\/a><\/strong><\/p>\n<p data-wahfont=\"14\"><strong><a role=\"link\" href=\"https:\/\/ifdbariloche-rng.infd.edu.ar\/sitio\/llamados-a-concurso\/upload\/EDUCACION_INICIAL_Mapa_Curricular.pdf\" data-wahfont=\"14\">Mapa<\/a><\/strong><\/p>\n<p>[\/et_pb_blurb][\/et_pb_column][et_pb_column type=\u00bb1_4&#8243; _builder_version=\u00bb4.4.8&#8243;][et_pb_blurb url=\u00bbhttps:\/\/drive.google.com\/file\/d\/1-QUxX7yo_lbjfKI7TF2SUtXchfcUzvEa\/view\u00bb url_new_window=\u00bbon\u00bb _builder_version=\u00bb4.4.8&#8243; header_text_align=\u00bbcenter\u00bb min_height=\u00bb300px\u00bb custom_margin=\u00bb||||false|false\u00bb custom_padding=\u00bb30px|30px|30px|30px|false|false\u00bb box_shadow_style=\u00bbpreset3&#8243; locked=\u00bboff\u00bb]<\/p>\n<h5><strong>Profesorado de Educaci\u00f3n Especial con orientaci\u00f3n en discapacidad intelectual<\/strong><\/h5>\n<hr \/>\n<p data-wahfont=\"14\"><strong><a role=\"link\" href=\"https:\/\/drive.google.com\/file\/d\/0B4iy7OfAvAgoQ1AzeHIxalFZcmM\/view\" data-wahfont=\"14\">Resoluci\u00f3n 4247\/15<\/a><\/strong><\/p>\n<p data-wahfont=\"14\"><strong><a role=\"link\" href=\"https:\/\/drive.google.com\/file\/d\/0B4iy7OfAvAgoeTFUTGVhcC1GakU\/view\" data-wahfont=\"14\">Dise\u00f1o curricular<\/a><\/strong><\/p>\n<p data-wahfont=\"14\"><strong><a role=\"link\" href=\"https:\/\/ifdbariloche-rng.infd.edu.ar\/sitio\/llamados-a-concurso\/upload\/EDUCACION_ESPECIAL_Mapa_Curricular_4247.pdf\" data-wahfont=\"14\">Mapa<\/a><\/strong><\/p>\n<p>[\/et_pb_blurb][\/et_pb_column][et_pb_column type=\u00bb1_4&#8243; _builder_version=\u00bb4.4.8&#8243;][et_pb_blurb url=\u00bbhttps:\/\/drive.google.com\/file\/d\/1-QUxX7yo_lbjfKI7TF2SUtXchfcUzvEa\/view\u00bb url_new_window=\u00bbon\u00bb _builder_version=\u00bb4.4.8&#8243; header_text_align=\u00bbcenter\u00bb min_height=\u00bb300px\u00bb custom_margin=\u00bb||||false|false\u00bb custom_padding=\u00bb30px|30px|30px|30px|false|false\u00bb box_shadow_style=\u00bbpreset3&#8243; locked=\u00bboff\u00bb]<\/p>\n<h5><strong>Profesorado de Educaci\u00f3n Secundaria en Filosof\u00eda<\/strong><\/h5>\n<hr \/>\n<p data-wahfont=\"14\"><a href=\"https:\/\/drive.google.com\/file\/d\/1m1ZRct8P4DyZ3SW9Az2Pt72AWuTp-r3R\/view?usp=sharing\"><strong>Resoluci\u00f3n 2047\/20<\/strong><\/a><\/p>\n<p data-wahfont=\"14\"><strong><a role=\"link\" href=\"https:\/\/drive.google.com\/file\/d\/1p54Knc8lZzlhRUwd1187ps85iTfgfVv7\/view?usp=sharing\" data-wahfont=\"14\">Dise\u00f1o curricular<\/a><\/strong><\/p>\n<p data-wahfont=\"14\"><strong><a role=\"link\" href=\"https:\/\/ifdc.edu.ar\/home\/wp-content\/uploads\/2022\/05\/mapa-curricular-FILO.png\" data-wahfont=\"14\">Mapa<\/a><\/strong><\/p>\n<p>[\/et_pb_blurb][\/et_pb_column][\/et_pb_row][et_pb_row _builder_version=\u00bb4.4.8&#8243;][et_pb_column type=\u00bb4_4&#8243; _builder_version=\u00bb4.4.8&#8243;][et_pb_divider show_divider=\u00bboff\u00bb _builder_version=\u00bb4.4.8&#8243;][\/et_pb_divider][\/et_pb_column][\/et_pb_row][et_pb_row _builder_version=\u00bb4.4.8&#8243;][et_pb_column type=\u00bb4_4&#8243; _builder_version=\u00bb4.4.8&#8243;][et_pb_text _builder_version=\u00bb4.4.8&#8243; header_text_align=\u00bbcenter\u00bb]<\/p>\n<h1>Concursos vigentes<\/h1>\n<p>[\/et_pb_text][\/et_pb_column][\/et_pb_row][et_pb_row disabled_on=\u00bboff|off|off\u00bb _builder_version=\u00bb4.4.8&#8243; locked=\u00bboff\u00bb][et_pb_column type=\u00bb4_4&#8243; _builder_version=\u00bb4.4.8&#8243;][et_pb_blog fullwidth=\u00bboff\u00bb include_categories=\u00bb9&#8243; show_more=\u00bbon\u00bb show_author=\u00bboff\u00bb show_categories=\u00bboff\u00bb use_overlay=\u00bbon\u00bb overlay_icon_color=\u00bb#17b2ff\u00bb _builder_version=\u00bb4.4.8&#8243; header_text_align=\u00bbleft\u00bb header_text_color=\u00bb#1e73be\u00bb meta_text_color=\u00bb#17b2ff\u00bb box_shadow_style=\u00bbpreset1&#8243;][\/et_pb_blog][\/et_pb_column][\/et_pb_row][et_pb_row _builder_version=\u00bb4.4.8&#8243; custom_padding=\u00bb15px|15px|15px|15px|false|false\u00bb box_shadow_style=\u00bbpreset1&#8243;][et_pb_column type=\u00bb4_4&#8243; _builder_version=\u00bb4.4.8&#8243;][et_pb_text _builder_version=\u00bb4.4.8&#8243; custom_margin=\u00bb||||true|true\u00bb custom_padding=\u00bb25px|25px|25px|25px|true|true\u00bb box_shadow_style=\u00bbpreset2&#8243; locked=\u00bboff\u00bb]<\/p>\n<h3><b>DOCUMENTOS PARA DESCARGAR.<\/b><\/h3>\n<p><span style=\"font-weight: 400;\">En esta secci\u00f3n encontrar\u00e1 toda la normativa y encuadres \u00a0 de\u00a0 las\u00a0 actividades\u00a0 y funciones docentes en los IFDC.<\/span><\/p>\n<ul>\n<li style=\"font-weight: 400;\" aria-level=\"1\"><span style=\"font-weight: 400;\">Reglamento Acad\u00e9mico Marco <\/span><a href=\"https:\/\/drive.google.com\/file\/d\/1bsgCTyQd1Nn39uoE7Nnrd-6nlgDDNUWo\/view?usp=sharing\"><span style=\"font-weight: 400;\">Resoluci\u00f3n N\u00b0 4077\/14<\/span><\/a><\/li>\n<li style=\"font-weight: 400;\" aria-level=\"1\"><span style=\"font-weight: 400;\">Reglamento Org\u00e1nico Marco Resoluci\u00f3n<\/span><a href=\"https:\/\/drive.google.com\/file\/d\/17G7TSTAz9-V-mngiLjEZIqgOJeLy7cJR\/view?usp=sharing\"><span style=\"font-weight: 400;\"> N\u00b0 2425\/16\u2013 Anexo I<\/span><\/a><\/li>\n<li style=\"font-weight: 400;\" aria-level=\"1\"><span style=\"font-weight: 400;\">Reglamento de Concursos Profesores Interinos y Suplentes \u2013 <\/span><a href=\"https:\/\/drive.google.com\/file\/d\/17GKgfIdiz3cIg6SlrW66qWUlzWeQwDXi\/view?usp=sharing\"><span style=\"font-weight: 400;\">Anexo I Resoluci\u00f3n N\u00b0 439\/26<\/span><\/a><\/li>\n<li style=\"font-weight: 400;\" aria-level=\"1\"><span style=\"font-weight: 400;\">Reglamento de Pr\u00e1ctica Docente &#8211; <\/span><a href=\"https:\/\/drive.google.com\/file\/d\/1vXI1POKZyNKZInTb4Q36nYW5x5BrI-gO\/view?usp=sharing\"><span style=\"font-weight: 400;\">Res. 6006\/24 &#8211; Anexo I<\/span><\/a><\/li>\n<li style=\"font-weight: 400;\" aria-level=\"1\"><a href=\"https:\/\/drive.google.com\/file\/d\/19LEvx9DteERBZNYjc6mUgCHigNuTpW_m\/view?usp=drive_link\"><span style=\"font-weight: 400;\">Disposici\u00f3n 884\/25 \u2013 DES<\/span><\/a><span style=\"font-weight: 400;\"> &#8211; Lineamientos para el desarrollo de las actividades de Formaci\u00f3n Inicial en los IFDC de R\u00edo Negro \u2013 Anexo I.<\/span><\/li>\n<li style=\"font-weight: 400;\" aria-level=\"1\"><a href=\"https:\/\/drive.google.com\/file\/d\/1SQAOQzL0SXjIeY9COmTUx8t9RKnRlwZA\/view?usp=sharing\"><span style=\"font-weight: 400;\">Disp. 1094\/24 DES<\/span><\/a><span style=\"font-weight: 400;\"> &#8211; Distribuci\u00f3n de la carga horaria destinada a las funciones de Formaci\u00f3n Permanente y la Investigaci\u00f3n y Extensi\u00f3n.<\/span><\/li>\n<li style=\"font-weight: 400;\" aria-level=\"1\"><a href=\"https:\/\/drive.google.com\/file\/d\/1PwbW1hfbPf5BQUgmpt0IVsFnPneJS-jm\/view?usp=sharing\"><span style=\"font-weight: 400;\">Disp. 3\/26<\/span><\/a><span style=\"font-weight: 400;\"> &#8211; Criterios jurisdiccionales para la organizaci\u00f3n y desarrollo de entrevistas en procesos concursales.\u00a0<\/span><\/li>\n<li style=\"font-weight: 400;\" aria-level=\"1\"><a href=\"https:\/\/drive.google.com\/file\/d\/1sOj0UcCFWRiY8yO54_rHZhBJzhRAHTGZ\/view?usp=sharing\"><span style=\"font-weight: 400;\">Res. 642\/17<\/span><\/a><span style=\"font-weight: 400;\"> &#8211; Lineamientos y Requisitos para Declarar de Inter\u00e9s Educativo las propuestas de Desarrollo Profesional Docente y Formaci\u00f3n Permanente.<\/span><\/li>\n<li style=\"font-weight: 400;\" aria-level=\"1\"><a href=\"https:\/\/drive.google.com\/file\/d\/1zDFK-6aU0ULYbcDPXtMDJcJ-kzwpQ_6U\/view?usp=sharing\"><span style=\"font-weight: 400;\">Disp. 270\/19 DES<\/span><\/a><span style=\"font-weight: 400;\"> &#8211; Lineamientos Generales para la Investigaci\u00f3n y la Extensi\u00f3n en los Institutos de Formaci\u00f3n Docente Continua de la Provincia de R\u00edo Negro<\/span><\/li>\n<li style=\"font-weight: 400;\" aria-level=\"1\"><a href=\"https:\/\/ifdc.edu.ar\/home\/programas-institucionales\/\"><span style=\"font-weight: 400;\">Programas institucionales IFDC Bariloche<\/span><\/a><\/li>\n<li style=\"font-weight: 400;\" aria-level=\"1\"><a href=\"https:\/\/docs.google.com\/document\/d\/1rkNjbBAAuaNvjGZSK0vkLl_MICXis8OW\/edit?usp=sharing&amp;ouid=116044642942130349314&amp;rtpof=true&amp;sd=true\"><span style=\"font-weight: 400;\">Modelo de solicitud Inscripci\u00f3n<\/span><\/a> <span style=\"font-weight: 400;\">para aspirantes\/postulantes<\/span><\/li>\n<\/ul>\n<h3><b>ORIENTACIONES PARA LA INSCRIPCI\u00d3N.<\/b><\/h3>\n<ul>\n<li style=\"font-weight: 400;\" aria-level=\"1\"><span style=\"font-weight: 400;\">Ingrese a la secci\u00f3n <\/span><b>Concursos abiertos<\/b><span style=\"font-weight: 400;\">, all\u00ed encontrar\u00e1 cada concurso vigente. Seleccione el concurso y lea las <\/span><b>\u00a0Bases para el llamado a concurso<\/b><span style=\"font-weight: 400;\">, teniendo en cuenta<\/span><b> fechas de apertura y cierre<\/b><span style=\"font-weight: 400;\"> de inscripciones, T\u00edtulos habilitantes para el cargo, y requisitos para la presentaci\u00f3n de <\/span><b>Curr\u00edculum<\/b><span style=\"font-weight: 400;\"> y <\/span><b>Proyecto personal.<\/b><\/li>\n<li style=\"font-weight: 400;\" aria-level=\"1\"><span style=\"font-weight: 400;\">Suba toda la documentaci\u00f3n solicitada de la base, en el<\/span><b> formulario google drive<\/b><span style=\"font-weight: 400;\"> que se encuentra en la misma.<\/span><\/li>\n<\/ul>\n<p><span style=\"font-weight: 400;\">Presente la <b>documentaci\u00f3n\u00a0 original respaldatoria<\/b> del concurso cuando se le solicite desde Secretar\u00eda.<\/span><\/p>\n<p>[\/et_pb_text][\/et_pb_column][\/et_pb_row][et_pb_row _builder_version=\u00bb4.4.8&#8243; custom_margin=\u00bb48px|auto||auto||\u00bb custom_padding=\u00bb15px|15px|15px|15px|false|false\u00bb box_shadow_style=\u00bbpreset1&#8243;][et_pb_column type=\u00bb4_4&#8243; _builder_version=\u00bb4.4.8&#8243;][et_pb_text _builder_version=\u00bb4.4.8&#8243;]<\/p>\n<h2><span style=\"color: #1e73be;\"><b>IMPORTANTE<\/b><\/span><\/h2>\n<p><span style=\"font-size: 14px;\"><\/span><\/p>\n<p><span style=\"font-weight: 400;\">Todas las titulaciones, formaciones, capacitaciones y cursos enunciados en el Curriculum Vitae deber\u00e1n estar <\/span><b>respaldados por la documentaci\u00f3n correspondiente<\/b><span style=\"font-weight: 400;\">. Para ello solicitamos adjuntar en un documento PDF el Curriculum Vitae, y en otro el DNI y todas las certificaciones en el <\/span><b>mismo orden <\/b><span style=\"font-weight: 400;\">en el que se encuentran enunciadas. Para realizar la uni\u00f3n de los documentos en un mismo PDF.<\/span><\/p>\n<p>[\/et_pb_text][\/et_pb_column][\/et_pb_row][\/et_pb_section][et_pb_section fb_built=\u00bb1&#8243; _builder_version=\u00bb4.4.8&#8243; box_shadow_style=\u00bbpreset1&#8243;][et_pb_row _builder_version=\u00bb4.4.8&#8243;][et_pb_column type=\u00bb4_4&#8243; _builder_version=\u00bb4.4.8&#8243;][et_pb_text _builder_version=\u00bb4.4.8&#8243; header_text_align=\u00bbcenter\u00bb]<\/p>\n<h1>Concursos Cerrados<\/h1>\n<p>[\/et_pb_text][\/et_pb_column][\/et_pb_row][et_pb_row column_structure=\u00bb1_3,1_3,1_3&#8243; _builder_version=\u00bb4.4.8&#8243;][et_pb_column type=\u00bb1_3&#8243; _builder_version=\u00bb4.4.8&#8243;][et_pb_text _builder_version=\u00bb4.4.8&#8243;][\/et_pb_text][\/et_pb_column][et_pb_column type=\u00bb1_3&#8243; _builder_version=\u00bb4.4.8&#8243;][\/et_pb_column][et_pb_column type=\u00bb1_3&#8243; _builder_version=\u00bb4.4.8&#8243;][\/et_pb_column][\/et_pb_row][\/et_pb_section][et_pb_section fb_built=\u00bb1&#8243; _builder_version=\u00bb4.4.8&#8243; box_shadow_style=\u00bbpreset1&#8243;][et_pb_row _builder_version=\u00bb4.4.8&#8243;][et_pb_column type=\u00bb4_4&#8243; _builder_version=\u00bb4.4.8&#8243;][et_pb_blog fullwidth=\u00bboff\u00bb include_categories=\u00bb13&#8243; show_author=\u00bboff\u00bb show_categories=\u00bboff\u00bb _builder_version=\u00bb4.4.8&#8243; box_shadow_style=\u00bbpreset1&#8243; box_shadow_style_image=\u00bbpreset1&#8243;][\/et_pb_blog][et_pb_text _builder_version=\u00bb4.4.8&#8243;][\/et_pb_text][et_pb_text _builder_version=\u00bb4.4.8&#8243;][\/et_pb_text][\/et_pb_column][\/et_pb_row][et_pb_row disabled_on=\u00bbon|on|on\u00bb _builder_version=\u00bb4.4.8&#8243; disabled=\u00bbon\u00bb][et_pb_column type=\u00bb4_4&#8243; _builder_version=\u00bb4.4.8&#8243;][et_pb_button button_text=\u00bbDIFUSI\u00d3N CONCUROS EXTERNOS\u00bb _builder_version=\u00bb4.4.8&#8243;][\/et_pb_button][\/et_pb_column][\/et_pb_row][et_pb_row column_structure=\u00bb1_4,1_4,1_4,1_4&#8243; disabled_on=\u00bbon|on|on\u00bb _builder_version=\u00bb4.4.8&#8243; disabled=\u00bbon\u00bb][et_pb_column type=\u00bb1_4&#8243; _builder_version=\u00bb4.4.8&#8243;][et_pb_button button_url=\u00bbhttps:\/\/concursosifdccatriel.blogspot.com\/\u00bb button_text=\u00bbCONCURSO IFDC CATRIEL\u00bb admin_label=\u00bbCONCURSOS IFDC BELTRAN\u00bb _builder_version=\u00bb4.4.8&#8243;][\/et_pb_button][\/et_pb_column][et_pb_column type=\u00bb1_4&#8243; _builder_version=\u00bb4.4.8&#8243;][et_pb_button button_url=\u00bbhttps:\/\/ifdbeltran-rng.infd.edu.ar\/sitio\/concursos\/\u00bb button_text=\u00bbCONCURSOS IFDC BELTRAN\u00bb _builder_version=\u00bb4.4.8&#8243;][\/et_pb_button][\/et_pb_column][et_pb_column type=\u00bb1_4&#8243; _builder_version=\u00bb4.4.8&#8243;][\/et_pb_column][et_pb_column type=\u00bb1_4&#8243; _builder_version=\u00bb4.4.8&#8243;][\/et_pb_column][\/et_pb_row][\/et_pb_section]<\/p>\n","protected":false},"excerpt":{"rendered":"<p>[et_pb_section fb_built=\u00bb1&#8243; _builder_version=\u00bb4.4.8&#8243; background_image=\u00bbhttps:\/\/ifdc.edu.ar\/home\/wp-content\/uploads\/2021\/02\/Gradiente-1.png\u00bb][et_pb_row _builder_version=\u00bb4.4.8&#8243;][et_pb_column type=\u00bb4_4&#8243; _builder_version=\u00bb4.4.8&#8243;][et_pb_text _builder_version=\u00bb4.4.8&#8243; header_text_align=\u00bbcenter\u00bb header_text_color=\u00bb#f9f9f9&#8243;] Llamados a concurso [\/et_pb_text][\/et_pb_column][\/et_pb_row][\/et_pb_section][et_pb_section fb_built=\u00bb1&#8243; _builder_version=\u00bb4.4.8&#8243;][\/et_pb_section][et_pb_section fb_built=\u00bb1&#8243; fullwidth=\u00bbon\u00bb _builder_version=\u00bb4.4.8&#8243;][\/et_pb_section][et_pb_section fb_built=\u00bb1&#8243; _builder_version=\u00bb4.4.8&#8243; width=\u00bb97.9%\u00bb][et_pb_row _builder_version=\u00bb4.4.8&#8243; custom_padding=\u00bb15px|15px|15px|15px|false|false\u00bb box_shadow_style=\u00bbpreset1&#8243;][et_pb_column type=\u00bb4_4&#8243; _builder_version=\u00bb4.4.8&#8243;][et_pb_text _builder_version=\u00bb4.4.8&#8243;] Informaci\u00f3n general [&hellip;]<\/p>\n","protected":false},"author":4,"featured_media":0,"parent":0,"menu_order":0,"comment_status":"closed","ping_status":"closed","template":"","meta":{"_et_pb_use_builder":"on","_et_pb_old_content":"","_et_gb_content_width":"","footnotes":""},"class_list":["post-3532","page","type-page","status-publish","hentry"],"yoast_head":"<!-- This site is optimized with the Yoast SEO plugin v26.9 - https:\/\/yoast.com\/product\/yoast-seo-wordpress\/ -->\n<title>Llamados a Concurso - IFDC Bariloche<\/title>\n<meta name=\"robots\" content=\"index, follow, max-snippet:-1, max-image-preview:large, max-video-preview:-1\" \/>\n<link rel=\"canonical\" href=\"https:\/\/ifdc.edu.ar\/home\/llamados-a-concurso\/\" \/>\n<meta property=\"og:locale\" content=\"es_ES\" \/>\n<meta property=\"og:type\" content=\"article\" \/>\n<meta property=\"og:title\" content=\"Llamados a Concurso - IFDC Bariloche\" \/>\n<meta property=\"og:description\" content=\"[et_pb_section fb_built=\u00bb1&#8243; _builder_version=\u00bb4.4.8&#8243; background_image=\u00bbhttps:\/\/ifdc.edu.ar\/home\/wp-content\/uploads\/2021\/02\/Gradiente-1.png\u00bb][et_pb_row _builder_version=\u00bb4.4.8&#8243;][et_pb_column type=\u00bb4_4&#8243; _builder_version=\u00bb4.4.8&#8243;][et_pb_text _builder_version=\u00bb4.4.8&#8243; header_text_align=\u00bbcenter\u00bb header_text_color=\u00bb#f9f9f9&#8243;] Llamados a concurso [\/et_pb_text][\/et_pb_column][\/et_pb_row][\/et_pb_section][et_pb_section fb_built=\u00bb1&#8243; _builder_version=\u00bb4.4.8&#8243;][\/et_pb_section][et_pb_section fb_built=\u00bb1&#8243; fullwidth=\u00bbon\u00bb _builder_version=\u00bb4.4.8&#8243;][\/et_pb_section][et_pb_section fb_built=\u00bb1&#8243; _builder_version=\u00bb4.4.8&#8243; width=\u00bb97.9%\u00bb][et_pb_row _builder_version=\u00bb4.4.8&#8243; custom_padding=\u00bb15px|15px|15px|15px|false|false\u00bb box_shadow_style=\u00bbpreset1&#8243;][et_pb_column type=\u00bb4_4&#8243; _builder_version=\u00bb4.4.8&#8243;][et_pb_text _builder_version=\u00bb4.4.8&#8243;] Informaci\u00f3n general [&hellip;]\" \/>\n<meta property=\"og:url\" content=\"https:\/\/ifdc.edu.ar\/home\/llamados-a-concurso\/\" \/>\n<meta property=\"og:site_name\" content=\"IFDC Bariloche\" \/>\n<meta property=\"article:modified_time\" content=\"2026-03-09T19:40:15+00:00\" \/>\n<meta name=\"twitter:card\" content=\"summary_large_image\" \/>\n<meta name=\"twitter:label1\" content=\"Tiempo de lectura\" \/>\n\t<meta name=\"twitter:data1\" content=\"7 minutos\" \/>\n<script type=\"application\/ld+json\" class=\"yoast-schema-graph\">{\"@context\":\"https:\/\/schema.org\",\"@graph\":[{\"@type\":\"WebPage\",\"@id\":\"https:\/\/ifdc.edu.ar\/home\/llamados-a-concurso\/\",\"url\":\"https:\/\/ifdc.edu.ar\/home\/llamados-a-concurso\/\",\"name\":\"Llamados a Concurso - IFDC Bariloche\",\"isPartOf\":{\"@id\":\"https:\/\/ifdc.edu.ar\/home\/#website\"},\"datePublished\":\"2021-02-17T13:41:58+00:00\",\"dateModified\":\"2026-03-09T19:40:15+00:00\",\"breadcrumb\":{\"@id\":\"https:\/\/ifdc.edu.ar\/home\/llamados-a-concurso\/#breadcrumb\"},\"inLanguage\":\"es\",\"potentialAction\":[{\"@type\":\"ReadAction\",\"target\":[\"https:\/\/ifdc.edu.ar\/home\/llamados-a-concurso\/\"]}]},{\"@type\":\"BreadcrumbList\",\"@id\":\"https:\/\/ifdc.edu.ar\/home\/llamados-a-concurso\/#breadcrumb\",\"itemListElement\":[{\"@type\":\"ListItem\",\"position\":1,\"name\":\"Portada\",\"item\":\"https:\/\/ifdc.edu.ar\/home\/\"},{\"@type\":\"ListItem\",\"position\":2,\"name\":\"Llamados a Concurso\"}]},{\"@type\":\"WebSite\",\"@id\":\"https:\/\/ifdc.edu.ar\/home\/#website\",\"url\":\"https:\/\/ifdc.edu.ar\/home\/\",\"name\":\"IFDC Bariloche\",\"description\":\"IFDC Bariloche\",\"potentialAction\":[{\"@type\":\"SearchAction\",\"target\":{\"@type\":\"EntryPoint\",\"urlTemplate\":\"https:\/\/ifdc.edu.ar\/home\/?s={search_term_string}\"},\"query-input\":{\"@type\":\"PropertyValueSpecification\",\"valueRequired\":true,\"valueName\":\"search_term_string\"}}],\"inLanguage\":\"es\"}]}<\/script>\n<!-- \/ Yoast SEO plugin. -->","yoast_head_json":{"title":"Llamados a Concurso - IFDC Bariloche","robots":{"index":"index","follow":"follow","max-snippet":"max-snippet:-1","max-image-preview":"max-image-preview:large","max-video-preview":"max-video-preview:-1"},"canonical":"https:\/\/ifdc.edu.ar\/home\/llamados-a-concurso\/","og_locale":"es_ES","og_type":"article","og_title":"Llamados a Concurso - IFDC Bariloche","og_description":"[et_pb_section fb_built=\u00bb1&#8243; _builder_version=\u00bb4.4.8&#8243; background_image=\u00bbhttps:\/\/ifdc.edu.ar\/home\/wp-content\/uploads\/2021\/02\/Gradiente-1.png\u00bb][et_pb_row _builder_version=\u00bb4.4.8&#8243;][et_pb_column type=\u00bb4_4&#8243; _builder_version=\u00bb4.4.8&#8243;][et_pb_text _builder_version=\u00bb4.4.8&#8243; header_text_align=\u00bbcenter\u00bb header_text_color=\u00bb#f9f9f9&#8243;] Llamados a concurso [\/et_pb_text][\/et_pb_column][\/et_pb_row][\/et_pb_section][et_pb_section fb_built=\u00bb1&#8243; _builder_version=\u00bb4.4.8&#8243;][\/et_pb_section][et_pb_section fb_built=\u00bb1&#8243; fullwidth=\u00bbon\u00bb _builder_version=\u00bb4.4.8&#8243;][\/et_pb_section][et_pb_section fb_built=\u00bb1&#8243; _builder_version=\u00bb4.4.8&#8243; width=\u00bb97.9%\u00bb][et_pb_row _builder_version=\u00bb4.4.8&#8243; custom_padding=\u00bb15px|15px|15px|15px|false|false\u00bb box_shadow_style=\u00bbpreset1&#8243;][et_pb_column type=\u00bb4_4&#8243; _builder_version=\u00bb4.4.8&#8243;][et_pb_text _builder_version=\u00bb4.4.8&#8243;] Informaci\u00f3n general [&hellip;]","og_url":"https:\/\/ifdc.edu.ar\/home\/llamados-a-concurso\/","og_site_name":"IFDC Bariloche","article_modified_time":"2026-03-09T19:40:15+00:00","twitter_card":"summary_large_image","twitter_misc":{"Tiempo de lectura":"7 minutos"},"schema":{"@context":"https:\/\/schema.org","@graph":[{"@type":"WebPage","@id":"https:\/\/ifdc.edu.ar\/home\/llamados-a-concurso\/","url":"https:\/\/ifdc.edu.ar\/home\/llamados-a-concurso\/","name":"Llamados a Concurso - IFDC Bariloche","isPartOf":{"@id":"https:\/\/ifdc.edu.ar\/home\/#website"},"datePublished":"2021-02-17T13:41:58+00:00","dateModified":"2026-03-09T19:40:15+00:00","breadcrumb":{"@id":"https:\/\/ifdc.edu.ar\/home\/llamados-a-concurso\/#breadcrumb"},"inLanguage":"es","potentialAction":[{"@type":"ReadAction","target":["https:\/\/ifdc.edu.ar\/home\/llamados-a-concurso\/"]}]},{"@type":"BreadcrumbList","@id":"https:\/\/ifdc.edu.ar\/home\/llamados-a-concurso\/#breadcrumb","itemListElement":[{"@type":"ListItem","position":1,"name":"Portada","item":"https:\/\/ifdc.edu.ar\/home\/"},{"@type":"ListItem","position":2,"name":"Llamados a Concurso"}]},{"@type":"WebSite","@id":"https:\/\/ifdc.edu.ar\/home\/#website","url":"https:\/\/ifdc.edu.ar\/home\/","name":"IFDC Bariloche","description":"IFDC Bariloche","potentialAction":[{"@type":"SearchAction","target":{"@type":"EntryPoint","urlTemplate":"https:\/\/ifdc.edu.ar\/home\/?s={search_term_string}"},"query-input":{"@type":"PropertyValueSpecification","valueRequired":true,"valueName":"search_term_string"}}],"inLanguage":"es"}]}},"_links":{"self":[{"href":"https:\/\/ifdc.edu.ar\/home\/wp-json\/wp\/v2\/pages\/3532","targetHints":{"allow":["GET"]}}],"collection":[{"href":"https:\/\/ifdc.edu.ar\/home\/wp-json\/wp\/v2\/pages"}],"about":[{"href":"https:\/\/ifdc.edu.ar\/home\/wp-json\/wp\/v2\/types\/page"}],"author":[{"embeddable":true,"href":"https:\/\/ifdc.edu.ar\/home\/wp-json\/wp\/v2\/users\/4"}],"replies":[{"embeddable":true,"href":"https:\/\/ifdc.edu.ar\/home\/wp-json\/wp\/v2\/comments?post=3532"}],"version-history":[{"count":58,"href":"https:\/\/ifdc.edu.ar\/home\/wp-json\/wp\/v2\/pages\/3532\/revisions"}],"predecessor-version":[{"id":10170,"href":"https:\/\/ifdc.edu.ar\/home\/wp-json\/wp\/v2\/pages\/3532\/revisions\/10170"}],"wp:attachment":[{"href":"https:\/\/ifdc.edu.ar\/home\/wp-json\/wp\/v2\/media?parent=3532"}],"curies":[{"name":"wp","href":"https:\/\/api.w.org\/{rel}","templated":true}]}}