{"id":3537,"date":"2021-02-17T13:42:26","date_gmt":"2021-02-17T13:42:26","guid":{"rendered":"https:\/\/ifdc.edu.ar\/home\/?page_id=3537"},"modified":"2025-03-27T17:55:49","modified_gmt":"2025-03-27T17:55:49","slug":"3537-2","status":"publish","type":"page","link":"https:\/\/ifdc.edu.ar\/home\/3607-2\/3537-2\/","title":{"rendered":"Biblioteca"},"content":{"rendered":"<p>[et_pb_section fb_built=\u00bb1&#8243; _builder_version=\u00bb4.4.8&#8243; background_image=\u00bbhttps:\/\/ifdc.edu.ar\/home\/wp-content\/uploads\/2021\/02\/Gradiente-1.png\u00bb locked=\u00bboff\u00bb][et_pb_row _builder_version=\u00bb4.4.8&#8243;][et_pb_column type=\u00bb4_4&#8243; _builder_version=\u00bb4.4.8&#8243;][et_pb_text _builder_version=\u00bb4.4.8&#8243; header_text_color=\u00bb#f9f9f9&#8243;]<\/p>\n<header class=\"entry-header\">\n<h1 class=\"entry-title\" style=\"text-align: center;\"><strong>Biblioteca<\/strong><\/h1>\n<\/header>\n<p>[\/et_pb_text][\/et_pb_column][\/et_pb_row][\/et_pb_section][et_pb_section fb_built=\u00bb1&#8243; _builder_version=\u00bb4.4.8&#8243;][et_pb_row _builder_version=\u00bb4.4.8&#8243; locked=\u00bboff\u00bb][et_pb_column type=\u00bb4_4&#8243; _builder_version=\u00bb4.4.8&#8243;][et_pb_text _builder_version=\u00bb4.4.8&#8243;]<\/p>\n<h1 style=\"text-align: center;\"><strong>Biblioteca Mar\u00eda Rosa P\u00e9rez G\u00f3mez de Silin<\/strong><\/h1>\n<h3 style=\"text-align: center;\"><strong>Contacto:\u00a0<a href=\"mailto:biblioteca@ifdc.edu.ar\u00a0\">biblioteca@ifdc.edu.ar\u00a0<\/a><\/strong><\/h3>\n<p>[\/et_pb_text][\/et_pb_column][\/et_pb_row][et_pb_row column_structure=\u00bb1_2,1_2,1_2&#8243; _builder_version=\u00bb4.4.8&#8243; locked=\u00bboff\u00bb][et_pb_column type=\u00bb1_2&#8243; _builder_version=\u00bb4.4.8&#8243;][et_pb_button button_url=\u00bbhttps:\/\/biblioifdc.kohttps:\/\/drive.google.com\/drive\/folders\/1rEuH6ozFuxeNBIfN2QrEHBlaEWrmFiEh.aplicacioneslibres.com.ar\/\u00bb button_text=\u00bbCat\u00e1logo en l\u00ednea\u00bb button_alignment=\u00bbcenter\u00bb _builder_version=\u00bb4.4.8&#8243; custom_button=\u00bbon\u00bb button_text_size=\u00bb19px\u00bb button_text_color=\u00bb#f9f9f9&#8243; button_bg_color=\u00bb#1e73be\u00bb button_border_color=\u00bbrgba(0,0,0,0)\u00bb button_border_radius=\u00bb49px\u00bb button_icon_color=\u00bb#1e73be\u00bb hover_enabled=\u00bb0&#8243; box_shadow_style=\u00bbpreset1&#8243; locked=\u00bboff\u00bb][\/et_pb_button][\/et_pb_column][et_pb_column type=\u00bb1_2&#8243; _builder_version=\u00bb4.4.8&#8243;][et_pb_button button_url=\u00bbhttps:\/\/drive.google.com\/drive\/folders\/1sXlUgcdDBvE4XvZoCPpqXLNneaaq_DJd?usp=sharing\u00bb button_text=\u00bbPlan de lecturas R\u00edo Negro &#8211; Accesible\u00bb button_alignment=\u00bbcenter\u00bb _builder_version=\u00bb4.4.8&#8243; custom_button=\u00bbon\u00bb button_text_size=\u00bb19px\u00bb button_text_color=\u00bb#f9f9f9&#8243; button_bg_color=\u00bb#1e73be\u00bb button_border_color=\u00bbrgba(0,0,0,0)\u00bb button_border_radius=\u00bb49px\u00bb button_icon_color=\u00bb#1e73be\u00bb box_shadow_style=\u00bbpreset1&#8243; locked=\u00bboff\u00bb][\/et_pb_button][\/et_pb_column][et_pb_column type=\u00bb1_2&#8243; _builder_version=\u00bb4.4.8&#8243;][et_pb_button button_url=\u00bbhttps:\/\/sites.google.com\/view\/programa-de-accesibilidad-ifdc\/inicio\/tratado-de-marrakech?authuser=0&#8243; button_text=\u00bbBiblioteca digital accesible\u00bb button_alignment=\u00bbcenter\u00bb _builder_version=\u00bb4.4.8&#8243; custom_button=\u00bbon\u00bb button_text_size=\u00bb19px\u00bb button_text_color=\u00bb#f9f9f9&#8243; button_bg_color=\u00bb#1e73be\u00bb button_border_color=\u00bbrgba(0,0,0,0)\u00bb button_border_radius=\u00bb49px\u00bb button_icon_color=\u00bb#1e73be\u00bb box_shadow_style=\u00bbpreset1&#8243; locked=\u00bboff\u00bb][\/et_pb_button][\/et_pb_column][\/et_pb_row][et_pb_row _builder_version=\u00bb4.4.8&#8243;][et_pb_column type=\u00bb4_4&#8243; _builder_version=\u00bb4.4.8&#8243;][et_pb_divider _builder_version=\u00bb4.4.8&#8243;][\/et_pb_divider][\/et_pb_column][\/et_pb_row][et_pb_row column_structure=\u00bb1_2,1_2&#8243; _builder_version=\u00bb4.4.8&#8243;][et_pb_column type=\u00bb1_2&#8243; _builder_version=\u00bb4.4.8&#8243;][et_pb_text _builder_version=\u00bb4.4.8&#8243;]<strong>Equipo de Bibliotecarios:<\/strong><\/p>\n<p>Mara Rodriguez<\/p>\n<p>Sol Tuero<\/p>\n<p>Natalia Maciel<\/p>\n<p>Quimey Painefile<\/p>\n<p>Mirta D\u00edaz<\/p>\n<p>Diego Derbes[\/et_pb_text][\/et_pb_column][et_pb_column type=\u00bb1_2&#8243; _builder_version=\u00bb4.4.8&#8243;][et_pb_text _builder_version=\u00bb4.4.8&#8243;]<strong>Horario de atenci\u00f3n:<\/strong><\/p>\n<p>8:00 a 20:00 hs[\/et_pb_text][\/et_pb_column][\/et_pb_row][et_pb_row _builder_version=\u00bb4.4.8&#8243; locked=\u00bboff\u00bb][et_pb_column type=\u00bb4_4&#8243; _builder_version=\u00bb4.4.8&#8243;][et_pb_divider _builder_version=\u00bb4.4.8&#8243;][\/et_pb_divider][\/et_pb_column][\/et_pb_row][et_pb_row _builder_version=\u00bb4.4.8&#8243; locked=\u00bboff\u00bb][et_pb_column type=\u00bb4_4&#8243; _builder_version=\u00bb4.4.8&#8243;][et_pb_text _builder_version=\u00bb4.4.8&#8243;]<\/p>\n<h1 style=\"text-align: center;\"><b>Hac\u00e9 tu consulta a nuestro Bibliobot<\/b><\/h1>\n<p>[\/et_pb_text][\/et_pb_column][\/et_pb_row][et_pb_row disabled_on=\u00bboff|off|off\u00bb _builder_version=\u00bb4.4.8&#8243;][et_pb_column type=\u00bb4_4&#8243; _builder_version=\u00bb4.4.8&#8243;][et_pb_image src=\u00bbhttps:\/\/ifdc.edu.ar\/home\/wp-content\/uploads\/2023\/04\/Bibliobot.jpg\u00bb title_text=\u00bbBibliobot\u00bb url=\u00bbhttps:\/\/poe.com\/Bibliobot\u00bb align=\u00bbcenter\u00bb _builder_version=\u00bb4.4.8&#8243;][\/et_pb_image][et_pb_button button_url=\u00bbhttps:\/\/poe.com\/Bibliobot\u00bb button_text=\u00bbBibliobot en l\u00ednea\u00bb button_alignment=\u00bbcenter\u00bb _builder_version=\u00bb4.4.8&#8243; custom_button=\u00bbon\u00bb button_text_size=\u00bb19px\u00bb button_text_color=\u00bb#f9f9f9&#8243; button_bg_color=\u00bb#1e73be\u00bb button_border_color=\u00bbrgba(0,0,0,0)\u00bb button_border_radius=\u00bb49px\u00bb button_icon_color=\u00bb#1e73be\u00bb box_shadow_style=\u00bbpreset1&#8243; locked=\u00bboff\u00bb][\/et_pb_button][\/et_pb_column][\/et_pb_row][et_pb_row _builder_version=\u00bb4.4.8&#8243; locked=\u00bboff\u00bb][et_pb_column type=\u00bb4_4&#8243; _builder_version=\u00bb4.4.8&#8243;][et_pb_divider _builder_version=\u00bb4.4.8&#8243;][\/et_pb_divider][\/et_pb_column][\/et_pb_row][et_pb_row _builder_version=\u00bb4.4.8&#8243; locked=\u00bboff\u00bb][et_pb_column type=\u00bb4_4&#8243; _builder_version=\u00bb4.4.8&#8243;][et_pb_text _builder_version=\u00bb4.4.8&#8243; link_option_url=\u00bbhttps:\/\/drive.google.com\/file\/d\/1KIE17Pju7TzqZ95Krb-JnIdCASUPV9lC\/view?usp=sharing\u00bb]<\/p>\n<h1 style=\"text-align: center;\"><span style=\"color: #008080;\"><strong><a style=\"color: #008080;\" title=\"Reglamento de Biblioteca\" href=\"https:\/\/ifdbariloche-rng.infd.edu.ar\/sitio\/biblioteca\/upload\/REGLAMENTO_DE_BIBLIOTECA_IFDC_BARILOCHE_2015.pdf\" target=\"_blank\" rel=\"noopener\">Reglamento de la Biblioteca (Clic Aqui)<\/a><\/strong><\/span><\/h1>\n<p>[\/et_pb_text][\/et_pb_column][\/et_pb_row][\/et_pb_section]<\/p>\n","protected":false},"excerpt":{"rendered":"<p>[et_pb_section fb_built=\u00bb1&#8243; _builder_version=\u00bb4.4.8&#8243; background_image=\u00bbhttps:\/\/ifdc.edu.ar\/home\/wp-content\/uploads\/2021\/02\/Gradiente-1.png\u00bb locked=\u00bboff\u00bb][et_pb_row _builder_version=\u00bb4.4.8&#8243;][et_pb_column type=\u00bb4_4&#8243; _builder_version=\u00bb4.4.8&#8243;][et_pb_text _builder_version=\u00bb4.4.8&#8243; header_text_color=\u00bb#f9f9f9&#8243;] Biblioteca [\/et_pb_text][\/et_pb_column][\/et_pb_row][\/et_pb_section][et_pb_section fb_built=\u00bb1&#8243; _builder_version=\u00bb4.4.8&#8243;][et_pb_row _builder_version=\u00bb4.4.8&#8243; locked=\u00bboff\u00bb][et_pb_column type=\u00bb4_4&#8243; _builder_version=\u00bb4.4.8&#8243;][et_pb_text _builder_version=\u00bb4.4.8&#8243;] Biblioteca Mar\u00eda Rosa P\u00e9rez G\u00f3mez de Silin Contacto:\u00a0biblioteca@ifdc.edu.ar\u00a0 [\/et_pb_text][\/et_pb_column][\/et_pb_row][et_pb_row column_structure=\u00bb1_2,1_2,1_2&#8243; _builder_version=\u00bb4.4.8&#8243; [&hellip;]<\/p>\n","protected":false},"author":3,"featured_media":0,"parent":3607,"menu_order":0,"comment_status":"closed","ping_status":"closed","template":"","meta":{"_et_pb_use_builder":"on","_et_pb_old_content":"","_et_gb_content_width":"","footnotes":""},"class_list":["post-3537","page","type-page","status-publish","hentry"],"yoast_head":"<!-- This site is optimized with the Yoast SEO plugin v26.9 - https:\/\/yoast.com\/product\/yoast-seo-wordpress\/ -->\n<title>Biblioteca - IFDC Bariloche<\/title>\n<meta name=\"robots\" content=\"index, follow, max-snippet:-1, max-image-preview:large, max-video-preview:-1\" \/>\n<link rel=\"canonical\" href=\"https:\/\/ifdc.edu.ar\/home\/3607-2\/3537-2\/\" \/>\n<meta property=\"og:locale\" content=\"es_ES\" \/>\n<meta property=\"og:type\" content=\"article\" \/>\n<meta property=\"og:title\" content=\"Biblioteca - IFDC Bariloche\" \/>\n<meta property=\"og:description\" content=\"[et_pb_section fb_built=\u00bb1&#8243; _builder_version=\u00bb4.4.8&#8243; background_image=\u00bbhttps:\/\/ifdc.edu.ar\/home\/wp-content\/uploads\/2021\/02\/Gradiente-1.png\u00bb locked=\u00bboff\u00bb][et_pb_row _builder_version=\u00bb4.4.8&#8243;][et_pb_column type=\u00bb4_4&#8243; _builder_version=\u00bb4.4.8&#8243;][et_pb_text _builder_version=\u00bb4.4.8&#8243; header_text_color=\u00bb#f9f9f9&#8243;] Biblioteca [\/et_pb_text][\/et_pb_column][\/et_pb_row][\/et_pb_section][et_pb_section fb_built=\u00bb1&#8243; _builder_version=\u00bb4.4.8&#8243;][et_pb_row _builder_version=\u00bb4.4.8&#8243; locked=\u00bboff\u00bb][et_pb_column type=\u00bb4_4&#8243; _builder_version=\u00bb4.4.8&#8243;][et_pb_text _builder_version=\u00bb4.4.8&#8243;] Biblioteca Mar\u00eda Rosa P\u00e9rez G\u00f3mez de Silin Contacto:\u00a0biblioteca@ifdc.edu.ar\u00a0 [\/et_pb_text][\/et_pb_column][\/et_pb_row][et_pb_row column_structure=\u00bb1_2,1_2,1_2&#8243; _builder_version=\u00bb4.4.8&#8243; [&hellip;]\" \/>\n<meta property=\"og:url\" content=\"https:\/\/ifdc.edu.ar\/home\/3607-2\/3537-2\/\" \/>\n<meta property=\"og:site_name\" content=\"IFDC Bariloche\" \/>\n<meta property=\"article:modified_time\" content=\"2025-03-27T17:55:49+00:00\" \/>\n<meta name=\"twitter:card\" content=\"summary_large_image\" \/>\n<meta name=\"twitter:label1\" content=\"Tiempo de lectura\" \/>\n\t<meta name=\"twitter:data1\" content=\"3 minutos\" \/>\n<script type=\"application\/ld+json\" class=\"yoast-schema-graph\">{\"@context\":\"https:\/\/schema.org\",\"@graph\":[{\"@type\":\"WebPage\",\"@id\":\"https:\/\/ifdc.edu.ar\/home\/3607-2\/3537-2\/\",\"url\":\"https:\/\/ifdc.edu.ar\/home\/3607-2\/3537-2\/\",\"name\":\"Biblioteca - IFDC Bariloche\",\"isPartOf\":{\"@id\":\"https:\/\/ifdc.edu.ar\/home\/#website\"},\"datePublished\":\"2021-02-17T13:42:26+00:00\",\"dateModified\":\"2025-03-27T17:55:49+00:00\",\"breadcrumb\":{\"@id\":\"https:\/\/ifdc.edu.ar\/home\/3607-2\/3537-2\/#breadcrumb\"},\"inLanguage\":\"es\",\"potentialAction\":[{\"@type\":\"ReadAction\",\"target\":[\"https:\/\/ifdc.edu.ar\/home\/3607-2\/3537-2\/\"]}]},{\"@type\":\"BreadcrumbList\",\"@id\":\"https:\/\/ifdc.edu.ar\/home\/3607-2\/3537-2\/#breadcrumb\",\"itemListElement\":[{\"@type\":\"ListItem\",\"position\":1,\"name\":\"Portada\",\"item\":\"https:\/\/ifdc.edu.ar\/home\/\"},{\"@type\":\"ListItem\",\"position\":2,\"name\":\"Tramites y Consultas\",\"item\":\"https:\/\/ifdc.edu.ar\/home\/3607-2\/\"},{\"@type\":\"ListItem\",\"position\":3,\"name\":\"Biblioteca\"}]},{\"@type\":\"WebSite\",\"@id\":\"https:\/\/ifdc.edu.ar\/home\/#website\",\"url\":\"https:\/\/ifdc.edu.ar\/home\/\",\"name\":\"IFDC Bariloche\",\"description\":\"IFDC Bariloche\",\"potentialAction\":[{\"@type\":\"SearchAction\",\"target\":{\"@type\":\"EntryPoint\",\"urlTemplate\":\"https:\/\/ifdc.edu.ar\/home\/?s={search_term_string}\"},\"query-input\":{\"@type\":\"PropertyValueSpecification\",\"valueRequired\":true,\"valueName\":\"search_term_string\"}}],\"inLanguage\":\"es\"}]}<\/script>\n<!-- \/ Yoast SEO plugin. -->","yoast_head_json":{"title":"Biblioteca - IFDC Bariloche","robots":{"index":"index","follow":"follow","max-snippet":"max-snippet:-1","max-image-preview":"max-image-preview:large","max-video-preview":"max-video-preview:-1"},"canonical":"https:\/\/ifdc.edu.ar\/home\/3607-2\/3537-2\/","og_locale":"es_ES","og_type":"article","og_title":"Biblioteca - IFDC Bariloche","og_description":"[et_pb_section fb_built=\u00bb1&#8243; _builder_version=\u00bb4.4.8&#8243; background_image=\u00bbhttps:\/\/ifdc.edu.ar\/home\/wp-content\/uploads\/2021\/02\/Gradiente-1.png\u00bb locked=\u00bboff\u00bb][et_pb_row _builder_version=\u00bb4.4.8&#8243;][et_pb_column type=\u00bb4_4&#8243; _builder_version=\u00bb4.4.8&#8243;][et_pb_text _builder_version=\u00bb4.4.8&#8243; header_text_color=\u00bb#f9f9f9&#8243;] Biblioteca [\/et_pb_text][\/et_pb_column][\/et_pb_row][\/et_pb_section][et_pb_section fb_built=\u00bb1&#8243; _builder_version=\u00bb4.4.8&#8243;][et_pb_row _builder_version=\u00bb4.4.8&#8243; locked=\u00bboff\u00bb][et_pb_column type=\u00bb4_4&#8243; _builder_version=\u00bb4.4.8&#8243;][et_pb_text _builder_version=\u00bb4.4.8&#8243;] Biblioteca Mar\u00eda Rosa P\u00e9rez G\u00f3mez de Silin Contacto:\u00a0biblioteca@ifdc.edu.ar\u00a0 [\/et_pb_text][\/et_pb_column][\/et_pb_row][et_pb_row column_structure=\u00bb1_2,1_2,1_2&#8243; _builder_version=\u00bb4.4.8&#8243; [&hellip;]","og_url":"https:\/\/ifdc.edu.ar\/home\/3607-2\/3537-2\/","og_site_name":"IFDC Bariloche","article_modified_time":"2025-03-27T17:55:49+00:00","twitter_card":"summary_large_image","twitter_misc":{"Tiempo de lectura":"3 minutos"},"schema":{"@context":"https:\/\/schema.org","@graph":[{"@type":"WebPage","@id":"https:\/\/ifdc.edu.ar\/home\/3607-2\/3537-2\/","url":"https:\/\/ifdc.edu.ar\/home\/3607-2\/3537-2\/","name":"Biblioteca - IFDC Bariloche","isPartOf":{"@id":"https:\/\/ifdc.edu.ar\/home\/#website"},"datePublished":"2021-02-17T13:42:26+00:00","dateModified":"2025-03-27T17:55:49+00:00","breadcrumb":{"@id":"https:\/\/ifdc.edu.ar\/home\/3607-2\/3537-2\/#breadcrumb"},"inLanguage":"es","potentialAction":[{"@type":"ReadAction","target":["https:\/\/ifdc.edu.ar\/home\/3607-2\/3537-2\/"]}]},{"@type":"BreadcrumbList","@id":"https:\/\/ifdc.edu.ar\/home\/3607-2\/3537-2\/#breadcrumb","itemListElement":[{"@type":"ListItem","position":1,"name":"Portada","item":"https:\/\/ifdc.edu.ar\/home\/"},{"@type":"ListItem","position":2,"name":"Tramites y Consultas","item":"https:\/\/ifdc.edu.ar\/home\/3607-2\/"},{"@type":"ListItem","position":3,"name":"Biblioteca"}]},{"@type":"WebSite","@id":"https:\/\/ifdc.edu.ar\/home\/#website","url":"https:\/\/ifdc.edu.ar\/home\/","name":"IFDC Bariloche","description":"IFDC Bariloche","potentialAction":[{"@type":"SearchAction","target":{"@type":"EntryPoint","urlTemplate":"https:\/\/ifdc.edu.ar\/home\/?s={search_term_string}"},"query-input":{"@type":"PropertyValueSpecification","valueRequired":true,"valueName":"search_term_string"}}],"inLanguage":"es"}]}},"_links":{"self":[{"href":"https:\/\/ifdc.edu.ar\/home\/wp-json\/wp\/v2\/pages\/3537","targetHints":{"allow":["GET"]}}],"collection":[{"href":"https:\/\/ifdc.edu.ar\/home\/wp-json\/wp\/v2\/pages"}],"about":[{"href":"https:\/\/ifdc.edu.ar\/home\/wp-json\/wp\/v2\/types\/page"}],"author":[{"embeddable":true,"href":"https:\/\/ifdc.edu.ar\/home\/wp-json\/wp\/v2\/users\/3"}],"replies":[{"embeddable":true,"href":"https:\/\/ifdc.edu.ar\/home\/wp-json\/wp\/v2\/comments?post=3537"}],"version-history":[{"count":34,"href":"https:\/\/ifdc.edu.ar\/home\/wp-json\/wp\/v2\/pages\/3537\/revisions"}],"predecessor-version":[{"id":9106,"href":"https:\/\/ifdc.edu.ar\/home\/wp-json\/wp\/v2\/pages\/3537\/revisions\/9106"}],"up":[{"embeddable":true,"href":"https:\/\/ifdc.edu.ar\/home\/wp-json\/wp\/v2\/pages\/3607"}],"wp:attachment":[{"href":"https:\/\/ifdc.edu.ar\/home\/wp-json\/wp\/v2\/media?parent=3537"}],"curies":[{"name":"wp","href":"https:\/\/api.w.org\/{rel}","templated":true}]}}