{"id":3563,"date":"2021-02-17T13:47:28","date_gmt":"2021-02-17T13:47:28","guid":{"rendered":"https:\/\/ifdc.edu.ar\/home\/?page_id=3563"},"modified":"2025-05-12T12:19:09","modified_gmt":"2025-05-12T12:19:09","slug":"3563-2","status":"publish","type":"page","link":"https:\/\/ifdc.edu.ar\/home\/3563-2\/","title":{"rendered":"Preguntas TIC"},"content":{"rendered":"<p>[et_pb_section fb_built=\u00bb1&#8243; _builder_version=\u00bb4.4.8&#8243; background_image=\u00bbhttps:\/\/ifdc.edu.ar\/home\/wp-content\/uploads\/2021\/02\/Gradiente-1.png\u00bb][et_pb_row _builder_version=\u00bb4.4.8&#8243;][et_pb_column type=\u00bb4_4&#8243; _builder_version=\u00bb4.4.8&#8243;][et_pb_text _builder_version=\u00bb4.4.8&#8243; header_2_text_color=\u00bb#f9f9f9&#8243;]<\/p>\n<h2 style=\"text-align: center;\">Preguntas TIC<\/h2>\n<p>[\/et_pb_text][\/et_pb_column][\/et_pb_row][\/et_pb_section][et_pb_section fb_built=\u00bb1&#8243; _builder_version=\u00bb4.4.8&#8243;][et_pb_row _builder_version=\u00bb4.4.8&#8243;][et_pb_column type=\u00bb4_4&#8243; _builder_version=\u00bb4.4.8&#8243;][et_pb_divider show_divider=\u00bboff\u00bb _builder_version=\u00bb4.4.8&#8243;][\/et_pb_divider][\/et_pb_column][\/et_pb_row][et_pb_row column_structure=\u00bb1_4,3_4&#8243; _builder_version=\u00bb4.4.8&#8243; custom_padding=\u00bb||0px|||\u00bb][et_pb_column type=\u00bb1_4&#8243; _builder_version=\u00bb4.4.8&#8243;][et_pb_blurb image=\u00bbhttps:\/\/ifdc.edu.ar\/home\/wp-content\/uploads\/2021\/02\/bgh.jpg\u00bb _builder_version=\u00bb4.4.8&#8243; custom_padding=\u00bb||0px|||\u00bb][\/et_pb_blurb][\/et_pb_column][et_pb_column type=\u00bb3_4&#8243; _builder_version=\u00bb4.4.8&#8243;][et_pb_text _builder_version=\u00bb4.4.8&#8243; hover_enabled=\u00bb0&#8243; locked=\u00bboff\u00bb]<\/p>\n<p style=\"text-align: left;\"><strong><br \/> \u00bfSe te bloque\u00f3 la netbook?<\/strong><\/p>\n<p style=\"text-align: left;\"><span style=\"font-size: 14px;\">Para poder desbloquear los equipos, los estudiantes y docentes deber\u00e1n comunicarse con los referentes TIC al siguiente mail <span style=\"color: #0c71c3;\"><a href=\"mailto:referentetic@ifdc.edu.ar\">referentetic@ifdc.edu.ar<\/a><\/span><\/span><\/p>\n<p style=\"text-align: left;\">Les recordamos que solo podremos desbloquear las netbooks que fueron entregadas en el IFDC Bariloche. Las repartidas en otras instituciones es necesario que se dirijan all\u00ed, ya que las netbooks est\u00e1n enlazadas al servidor de la instituci\u00f3n.<\/p>\n<p style=\"text-align: left;\">Tambi\u00e9n pueden acercarse personalmente en los siguientes horarios:<\/p>\n<table dir=\"ltr\" style=\"height: 306px;\" border=\"1\" cellspacing=\"0\" cellpadding=\"0\">\n<colgroup>\n<col width=\"100\" \/>\n<col width=\"226\" \/>\n<col width=\"211\" \/>\n<col width=\"212\" \/>\n<col width=\"219\" \/>\n<col width=\"211\" \/><\/colgroup>\n<tbody>\n<tr style=\"height: 18px;\" bgcolor=\"1e73be\">\n<td style=\"width: 66.2031px; height: 18px;\" data-sheets-value=\"{&quot;1&quot;:2,&quot;2&quot;:&quot;Turno&quot;}\"><span style=\"color: #ffffff;\"><strong>Turno<\/strong><\/span><\/td>\n<td style=\"width: 86.5781px; height: 18px;\" data-sheets-value=\"{&quot;1&quot;:2,&quot;2&quot;:&quot;Lunes&quot;}\"><span style=\"color: #ffffff;\"><strong>Lunes<\/strong><\/span><\/td>\n<td style=\"width: 84.7656px; height: 18px;\" data-sheets-value=\"{&quot;1&quot;:2,&quot;2&quot;:&quot;Martes&quot;}\"><span style=\"color: #ffffff;\"><strong>Martes<\/strong><\/span><\/td>\n<td style=\"width: 90.9219px; height: 18px;\" data-sheets-value=\"{&quot;1&quot;:2,&quot;2&quot;:&quot;Mi\u00e9rcoles&quot;}\"><span style=\"color: #ffffff;\"><strong>Mi\u00e9rcoles<\/strong><\/span><\/td>\n<td style=\"width: 85.7344px; height: 18px;\" data-sheets-value=\"{&quot;1&quot;:2,&quot;2&quot;:&quot;Jueves&quot;}\"><span style=\"color: #f9f9f9;\"><strong>Jueves<\/strong><\/span><\/td>\n<td style=\"width: 84.7969px; height: 18px;\" data-sheets-value=\"{&quot;1&quot;:2,&quot;2&quot;:&quot;Viernes&quot;}\"><span style=\"color: #ffffff;\"><strong>Viernes<\/strong><\/span><\/td>\n<\/tr>\n<tr style=\"height: 54px;\">\n<td style=\"width: 66.2031px; height: 108px;\" bgcolor=\"4f4f4f\" data-sheets-value=\"{&quot;1&quot;:2,&quot;2&quot;:&quot;Ma\u00f1ana&quot;}\"><span style=\"color: #ffffff;\"><strong>Ma\u00f1ana<\/strong><\/span><\/td>\n<td style=\"width: 86.5781px; height: 108px;\" bgcolor=\"eaf5ff\"><span style=\"color: #666666;\"> <strong>08 a 12 hs<\/strong> <span style=\"font-size: 14px;\">Guillermo Petroff<\/span><\/span><\/td>\n<td style=\"width: 84.7656px; height: 54px;\" data-sheets-value=\"{&quot;1&quot;:2,&quot;2&quot;:&quot;09 a 13 hs Guillermo Petroff&quot;}\" data-sheets-textstyleruns=\"{&quot;1&quot;:0,&quot;2&quot;:{&quot;4&quot;:12,&quot;5&quot;:1}}\uee10{&quot;1&quot;:10,&quot;2&quot;:{&quot;4&quot;:12}}\uee10{&quot;1&quot;:11}\" bgcolor=\"eaf5ff\">\n<p><span><strong>08 a 10.30 hs<\/strong><\/span><\/p>\n<p><span><strong>12 a 13.30hs<\/strong> <\/span><\/p>\n<p><span>Guillermo Petroff<\/span><\/p>\n<\/td>\n<td style=\"width: 90.9219px; height: 108px;\" bgcolor=\"eaf5ff\"><strong>08 a 12 hs<\/strong> Guillermo Petroff<\/td>\n<td style=\"width: 85.7344px; height: 54px;\" bgcolor=\"eaf5ff\">\n<p><span><strong>08 a 10.30 hs<\/strong><\/span><\/p>\n<p><span><strong>12 a 13.30hs<\/strong> <\/span><\/p>\n<p><span>Guillermo Petroff<\/span><\/p>\n<\/td>\n<td style=\"width: 84.7969px; height: 54px;\" bgcolor=\"eaf5ff\"><span style=\"color: #5b5b5b;\">\u00a0<strong>08 a 12 hs<\/strong> Guillermo Petroff<\/span><\/td>\n<\/tr>\n<tr style=\"height: 54px;\">\n<td style=\"width: 66.2031px; height: 108px;\" bgcolor=\"4f4f4f\" data-sheets-value=\"{&quot;1&quot;:2,&quot;2&quot;:&quot;Tarde&quot;}\"><span style=\"color: #ffffff;\"><strong>Tarde<\/strong><\/span><\/td>\n<td style=\"width: 86.5781px; height: 54px;\" data-sheets-value=\"{&quot;1&quot;:2,&quot;2&quot;:&quot;12 a 16 hs Leonardo De Filippis&quot;}\" data-sheets-textstyleruns=\"{&quot;1&quot;:0,&quot;2&quot;:{&quot;4&quot;:12,&quot;5&quot;:1}}\uee10{&quot;1&quot;:10}\">\n<p><strong>12:30 a<\/strong><\/p>\n<p><strong>16:30 hs<\/strong><\/p>\n<p>Leonardo De Filippis<\/p>\n<\/td>\n<td style=\"width: 84.7656px; height: 54px;\">\n<p><strong style=\"font-size: 14px;\"><\/strong><\/p>\n<p><strong style=\"font-size: 14px;\"><\/strong><\/p>\n<p><strong style=\"font-size: 14px;\">12.30 a<\/strong><\/p>\n<p><strong style=\"font-size: 14px;\">16.30 hs<\/strong><\/p>\n<p><span style=\"font-size: 14px;\">Leonardo De Filippis<\/span><\/p>\n<p>&nbsp;<\/p>\n<\/td>\n<td style=\"width: 90.9219px; height: 54px;\" data-sheets-value=\"{&quot;1&quot;:2,&quot;2&quot;:&quot;12 a 16 hs Leonardo De Filippis&quot;}\" data-sheets-textstyleruns=\"{&quot;1&quot;:0,&quot;2&quot;:{&quot;4&quot;:12,&quot;5&quot;:1}}\uee10{&quot;1&quot;:10}\">\n<p><strong>12.30 a <\/strong><\/p>\n<p><strong>16.30 hs<\/strong><\/p>\n<p>Leonardo De Filippis<\/p>\n<\/td>\n<td style=\"width: 85.7344px; height: 54px;\" data-sheets-value=\"{&quot;1&quot;:2,&quot;2&quot;:&quot;12 a 16 hs Leonardo De Filippis&quot;}\" data-sheets-textstyleruns=\"{&quot;1&quot;:0,&quot;2&quot;:{&quot;4&quot;:12,&quot;5&quot;:1}}\uee10{&quot;1&quot;:10}\">\n<p><strong>12:30 a <\/strong><\/p>\n<p><strong>16:30 hs<\/strong> Leonardo De Filippis<\/p>\n<\/td>\n<td style=\"width: 84.7969px; height: 54px;\" data-sheets-value=\"{&quot;1&quot;:2,&quot;2&quot;:&quot;10 a 14 hs Leonardo De Filippis&quot;}\" data-sheets-textstyleruns=\"{&quot;1&quot;:0,&quot;2&quot;:{&quot;4&quot;:12,&quot;5&quot;:1}}\uee10{&quot;1&quot;:10}\">\n<p><strong>12.30 a 16.30 hs<\/strong><\/p>\n<p>Leonardo De Filippis<\/p>\n<\/td>\n<\/tr>\n<tr style=\"height: 72px;\">\n<td style=\"width: 66.2031px; height: 72px;\" bgcolor=\"4f4f4f\" data-sheets-value=\"{&quot;1&quot;:2,&quot;2&quot;:&quot;Noche&quot;}\"><span style=\"color: #ffffff;\"><strong>Noche<\/strong><\/span><\/td>\n<td style=\"width: 86.5781px; height: 72px;\" data-sheets-value=\"{&quot;1&quot;:2,&quot;2&quot;:&quot;18 a 22 hs Alvaro Marin Robles&quot;}\" data-sheets-textstyleruns=\"{&quot;1&quot;:0,&quot;2&quot;:{&quot;4&quot;:12,&quot;5&quot;:1}}\uee10{&quot;1&quot;:9,&quot;2&quot;:{&quot;5&quot;:1}}\uee10{&quot;1&quot;:10}\"><strong>18 a 22 hs<\/strong> Alvaro Marin Robles<\/td>\n<td style=\"width: 84.7656px; height: 72px;\" data-sheets-value=\"{&quot;1&quot;:2,&quot;2&quot;:&quot;18 a 22 hs Alvaro Marin Robles&quot;}\" data-sheets-textstyleruns=\"{&quot;1&quot;:0,&quot;2&quot;:{&quot;4&quot;:12,&quot;5&quot;:1}}\uee10{&quot;1&quot;:9,&quot;2&quot;:{&quot;5&quot;:1}}\uee10{&quot;1&quot;:10}\"><strong>18 a 22 hs<\/strong> Alvaro Marin Robles<\/td>\n<td style=\"width: 90.9219px; height: 72px;\" data-sheets-value=\"{&quot;1&quot;:2,&quot;2&quot;:&quot;18 a 22 hs Alvaro Marin Robles&quot;}\" data-sheets-textstyleruns=\"{&quot;1&quot;:0,&quot;2&quot;:{&quot;4&quot;:12,&quot;5&quot;:1}}\uee10{&quot;1&quot;:9,&quot;2&quot;:{&quot;5&quot;:1}}\uee10{&quot;1&quot;:10}\"><strong>18 a 22 hs<\/strong> Alvaro Marin Robles<\/td>\n<td style=\"width: 85.7344px; height: 72px;\" data-sheets-value=\"{&quot;1&quot;:2,&quot;2&quot;:&quot;18 a 22 hs Alvaro Marin Robles&quot;}\" data-sheets-textstyleruns=\"{&quot;1&quot;:0,&quot;2&quot;:{&quot;4&quot;:12,&quot;5&quot;:1}}\uee10{&quot;1&quot;:9,&quot;2&quot;:{&quot;5&quot;:1}}\uee10{&quot;1&quot;:10}\"><strong>18 a 22 hs<\/strong> Alvaro Marin Robles<\/td>\n<td style=\"width: 84.7969px; height: 72px;\" data-sheets-value=\"{&quot;1&quot;:2,&quot;2&quot;:&quot;18 a 22 hs Alvaro Marin Robles&quot;}\" data-sheets-textstyleruns=\"{&quot;1&quot;:0,&quot;2&quot;:{&quot;4&quot;:12,&quot;5&quot;:1}}\uee10{&quot;1&quot;:9,&quot;2&quot;:{&quot;5&quot;:1}}\uee10{&quot;1&quot;:10}\"><strong>18 a 22 hs<\/strong> Alvaro Marin Robles<\/td>\n<\/tr>\n<\/tbody>\n<\/table>\n<p>[\/et_pb_text][\/et_pb_column][\/et_pb_row][et_pb_row _builder_version=\u00bb4.4.8&#8243;][et_pb_column type=\u00bb4_4&#8243; _builder_version=\u00bb4.4.8&#8243;][et_pb_divider show_divider=\u00bboff\u00bb _builder_version=\u00bb4.4.8&#8243;][\/et_pb_divider][\/et_pb_column][\/et_pb_row][et_pb_row _builder_version=\u00bb4.4.8&#8243; custom_padding=\u00bb10px|10px|10px|10px|false|false\u00bb box_shadow_style=\u00bbpreset3&#8243; box_shadow_vertical=\u00bb-9px\u00bb][et_pb_column type=\u00bb4_4&#8243; _builder_version=\u00bb4.4.8&#8243;][et_pb_text _builder_version=\u00bb4.4.8&#8243; text_text_color=\u00bb#0c71c3&#8243; header_text_color=\u00bb#0c71c3&#8243;]<\/p>\n<h2 style=\"text-align: center;\"><span style=\"color: #3366ff;\"><strong>Orientaciones para entrar al campus<\/strong><\/span><\/h2>\n<p>[\/et_pb_text][et_pb_blog fullwidth=\u00bboff\u00bb include_categories=\u00bb14&#8243; show_author=\u00bboff\u00bb show_categories=\u00bboff\u00bb _builder_version=\u00bb4.4.8&#8243; custom_margin=\u00bb|||10px|false|false\u00bb box_shadow_style=\u00bbpreset1&#8243; box_shadow_style_image=\u00bbpreset1&#8243; locked=\u00bboff\u00bb][\/et_pb_blog][\/et_pb_column][\/et_pb_row][et_pb_row disabled_on=\u00bbon|on|on\u00bb _builder_version=\u00bb4.4.8&#8243; disabled=\u00bbon\u00bb][et_pb_column type=\u00bb4_4&#8243; _builder_version=\u00bb4.4.8&#8243;][et_pb_text _builder_version=\u00bb4.4.8&#8243; header_2_text_color=\u00bb#f9f9f9&#8243;]<\/p>\n<h2 style=\"text-align: center;\"><strong><span style=\"color: #3366ff;\">Si ten\u00e9s alguna consulta escribinos:<\/span><\/strong><\/h2>\n<p>[\/et_pb_text][et_pb_contact_form email=\u00bbreferenteifdc@gmail.com\u00bb _builder_version=\u00bb4.4.8&#8243;][et_pb_contact_field field_id=\u00bbNombre\u00bb field_title=\u00bbNombre\u00bb _builder_version=\u00bb4.4.8&#8243; button_text_size__hover_enabled=\u00bboff\u00bb button_one_text_size__hover_enabled=\u00bboff\u00bb button_two_text_size__hover_enabled=\u00bboff\u00bb button_text_color__hover_enabled=\u00bboff\u00bb button_one_text_color__hover_enabled=\u00bboff\u00bb button_two_text_color__hover_enabled=\u00bboff\u00bb button_border_width__hover_enabled=\u00bboff\u00bb button_one_border_width__hover_enabled=\u00bboff\u00bb button_two_border_width__hover_enabled=\u00bboff\u00bb button_border_color__hover_enabled=\u00bboff\u00bb button_one_border_color__hover_enabled=\u00bboff\u00bb button_two_border_color__hover_enabled=\u00bboff\u00bb button_border_radius__hover_enabled=\u00bboff\u00bb button_one_border_radius__hover_enabled=\u00bboff\u00bb button_two_border_radius__hover_enabled=\u00bboff\u00bb button_letter_spacing__hover_enabled=\u00bboff\u00bb button_one_letter_spacing__hover_enabled=\u00bboff\u00bb button_two_letter_spacing__hover_enabled=\u00bboff\u00bb button_bg_color__hover_enabled=\u00bboff\u00bb button_one_bg_color__hover_enabled=\u00bboff\u00bb button_two_bg_color__hover_enabled=\u00bboff\u00bb][\/et_pb_contact_field][et_pb_contact_field field_id=\u00bbEmail\u00bb field_title=\u00bbDirecci\u00f3n de correo electr\u00f3nico\u00bb field_type=\u00bbemail\u00bb _builder_version=\u00bb4.4.8&#8243; button_text_size__hover_enabled=\u00bboff\u00bb button_one_text_size__hover_enabled=\u00bboff\u00bb button_two_text_size__hover_enabled=\u00bboff\u00bb button_text_color__hover_enabled=\u00bboff\u00bb button_one_text_color__hover_enabled=\u00bboff\u00bb button_two_text_color__hover_enabled=\u00bboff\u00bb button_border_width__hover_enabled=\u00bboff\u00bb button_one_border_width__hover_enabled=\u00bboff\u00bb button_two_border_width__hover_enabled=\u00bboff\u00bb button_border_color__hover_enabled=\u00bboff\u00bb button_one_border_color__hover_enabled=\u00bboff\u00bb button_two_border_color__hover_enabled=\u00bboff\u00bb button_border_radius__hover_enabled=\u00bboff\u00bb button_one_border_radius__hover_enabled=\u00bboff\u00bb button_two_border_radius__hover_enabled=\u00bboff\u00bb button_letter_spacing__hover_enabled=\u00bboff\u00bb button_one_letter_spacing__hover_enabled=\u00bboff\u00bb button_two_letter_spacing__hover_enabled=\u00bboff\u00bb button_bg_color__hover_enabled=\u00bboff\u00bb button_one_bg_color__hover_enabled=\u00bboff\u00bb button_two_bg_color__hover_enabled=\u00bboff\u00bb][\/et_pb_contact_field][et_pb_contact_field field_id=\u00bbMensaje\u00bb field_title=\u00bbMensaje\u00bb field_type=\u00bbtext\u00bb fullwidth_field=\u00bbon\u00bb _builder_version=\u00bb4.4.8&#8243; button_text_size__hover_enabled=\u00bboff\u00bb button_one_text_size__hover_enabled=\u00bboff\u00bb button_two_text_size__hover_enabled=\u00bboff\u00bb button_text_color__hover_enabled=\u00bboff\u00bb button_one_text_color__hover_enabled=\u00bboff\u00bb button_two_text_color__hover_enabled=\u00bboff\u00bb button_border_width__hover_enabled=\u00bboff\u00bb button_one_border_width__hover_enabled=\u00bboff\u00bb button_two_border_width__hover_enabled=\u00bboff\u00bb button_border_color__hover_enabled=\u00bboff\u00bb button_one_border_color__hover_enabled=\u00bboff\u00bb button_two_border_color__hover_enabled=\u00bboff\u00bb button_border_radius__hover_enabled=\u00bboff\u00bb button_one_border_radius__hover_enabled=\u00bboff\u00bb button_two_border_radius__hover_enabled=\u00bboff\u00bb button_letter_spacing__hover_enabled=\u00bboff\u00bb button_one_letter_spacing__hover_enabled=\u00bboff\u00bb button_two_letter_spacing__hover_enabled=\u00bboff\u00bb button_bg_color__hover_enabled=\u00bboff\u00bb button_one_bg_color__hover_enabled=\u00bboff\u00bb button_two_bg_color__hover_enabled=\u00bboff\u00bb][\/et_pb_contact_field][\/et_pb_contact_form][\/et_pb_column][\/et_pb_row][\/et_pb_section]<\/p>\n","protected":false},"excerpt":{"rendered":"<p>[et_pb_section fb_built=\u00bb1&#8243; _builder_version=\u00bb4.4.8&#8243; background_image=\u00bbhttps:\/\/ifdc.edu.ar\/home\/wp-content\/uploads\/2021\/02\/Gradiente-1.png\u00bb][et_pb_row _builder_version=\u00bb4.4.8&#8243;][et_pb_column type=\u00bb4_4&#8243; _builder_version=\u00bb4.4.8&#8243;][et_pb_text _builder_version=\u00bb4.4.8&#8243; header_2_text_color=\u00bb#f9f9f9&#8243;] Preguntas TIC [\/et_pb_text][\/et_pb_column][\/et_pb_row][\/et_pb_section][et_pb_section fb_built=\u00bb1&#8243; _builder_version=\u00bb4.4.8&#8243;][et_pb_row _builder_version=\u00bb4.4.8&#8243;][et_pb_column type=\u00bb4_4&#8243; _builder_version=\u00bb4.4.8&#8243;][et_pb_divider show_divider=\u00bboff\u00bb _builder_version=\u00bb4.4.8&#8243;][\/et_pb_divider][\/et_pb_column][\/et_pb_row][et_pb_row column_structure=\u00bb1_4,3_4&#8243; _builder_version=\u00bb4.4.8&#8243; custom_padding=\u00bb||0px|||\u00bb][et_pb_column type=\u00bb1_4&#8243; _builder_version=\u00bb4.4.8&#8243;][et_pb_blurb image=\u00bbhttps:\/\/ifdc.edu.ar\/home\/wp-content\/uploads\/2021\/02\/bgh.jpg\u00bb _builder_version=\u00bb4.4.8&#8243; custom_padding=\u00bb||0px|||\u00bb][\/et_pb_blurb][\/et_pb_column][et_pb_column type=\u00bb3_4&#8243; _builder_version=\u00bb4.4.8&#8243;][et_pb_text _builder_version=\u00bb4.4.8&#8243; [&hellip;]<\/p>\n","protected":false},"author":3,"featured_media":0,"parent":0,"menu_order":0,"comment_status":"closed","ping_status":"closed","template":"","meta":{"_et_pb_use_builder":"on","_et_pb_old_content":"","_et_gb_content_width":"","footnotes":""},"class_list":["post-3563","page","type-page","status-publish","hentry"],"yoast_head":"<!-- This site is optimized with the Yoast SEO plugin v26.9 - https:\/\/yoast.com\/product\/yoast-seo-wordpress\/ -->\n<title>Preguntas TIC - IFDC Bariloche<\/title>\n<meta name=\"robots\" content=\"index, follow, max-snippet:-1, max-image-preview:large, max-video-preview:-1\" \/>\n<link rel=\"canonical\" href=\"https:\/\/ifdc.edu.ar\/home\/3563-2\/\" \/>\n<meta property=\"og:locale\" content=\"es_ES\" \/>\n<meta property=\"og:type\" content=\"article\" \/>\n<meta property=\"og:title\" content=\"Preguntas TIC - IFDC Bariloche\" \/>\n<meta property=\"og:description\" content=\"[et_pb_section fb_built=\u00bb1&#8243; _builder_version=\u00bb4.4.8&#8243; background_image=\u00bbhttps:\/\/ifdc.edu.ar\/home\/wp-content\/uploads\/2021\/02\/Gradiente-1.png\u00bb][et_pb_row _builder_version=\u00bb4.4.8&#8243;][et_pb_column type=\u00bb4_4&#8243; _builder_version=\u00bb4.4.8&#8243;][et_pb_text _builder_version=\u00bb4.4.8&#8243; header_2_text_color=\u00bb#f9f9f9&#8243;] Preguntas TIC [\/et_pb_text][\/et_pb_column][\/et_pb_row][\/et_pb_section][et_pb_section fb_built=\u00bb1&#8243; _builder_version=\u00bb4.4.8&#8243;][et_pb_row _builder_version=\u00bb4.4.8&#8243;][et_pb_column type=\u00bb4_4&#8243; _builder_version=\u00bb4.4.8&#8243;][et_pb_divider show_divider=\u00bboff\u00bb _builder_version=\u00bb4.4.8&#8243;][\/et_pb_divider][\/et_pb_column][\/et_pb_row][et_pb_row column_structure=\u00bb1_4,3_4&#8243; _builder_version=\u00bb4.4.8&#8243; custom_padding=\u00bb||0px|||\u00bb][et_pb_column type=\u00bb1_4&#8243; _builder_version=\u00bb4.4.8&#8243;][et_pb_blurb image=\u00bbhttps:\/\/ifdc.edu.ar\/home\/wp-content\/uploads\/2021\/02\/bgh.jpg\u00bb _builder_version=\u00bb4.4.8&#8243; custom_padding=\u00bb||0px|||\u00bb][\/et_pb_blurb][\/et_pb_column][et_pb_column type=\u00bb3_4&#8243; _builder_version=\u00bb4.4.8&#8243;][et_pb_text _builder_version=\u00bb4.4.8&#8243; [&hellip;]\" \/>\n<meta property=\"og:url\" content=\"https:\/\/ifdc.edu.ar\/home\/3563-2\/\" \/>\n<meta property=\"og:site_name\" content=\"IFDC Bariloche\" \/>\n<meta property=\"article:modified_time\" content=\"2025-05-12T12:19:09+00:00\" \/>\n<meta name=\"twitter:card\" content=\"summary_large_image\" \/>\n<meta name=\"twitter:label1\" content=\"Tiempo de lectura\" \/>\n\t<meta name=\"twitter:data1\" content=\"5 minutos\" \/>\n<script type=\"application\/ld+json\" class=\"yoast-schema-graph\">{\"@context\":\"https:\/\/schema.org\",\"@graph\":[{\"@type\":\"WebPage\",\"@id\":\"https:\/\/ifdc.edu.ar\/home\/3563-2\/\",\"url\":\"https:\/\/ifdc.edu.ar\/home\/3563-2\/\",\"name\":\"Preguntas TIC - IFDC Bariloche\",\"isPartOf\":{\"@id\":\"https:\/\/ifdc.edu.ar\/home\/#website\"},\"datePublished\":\"2021-02-17T13:47:28+00:00\",\"dateModified\":\"2025-05-12T12:19:09+00:00\",\"breadcrumb\":{\"@id\":\"https:\/\/ifdc.edu.ar\/home\/3563-2\/#breadcrumb\"},\"inLanguage\":\"es\",\"potentialAction\":[{\"@type\":\"ReadAction\",\"target\":[\"https:\/\/ifdc.edu.ar\/home\/3563-2\/\"]}]},{\"@type\":\"BreadcrumbList\",\"@id\":\"https:\/\/ifdc.edu.ar\/home\/3563-2\/#breadcrumb\",\"itemListElement\":[{\"@type\":\"ListItem\",\"position\":1,\"name\":\"Portada\",\"item\":\"https:\/\/ifdc.edu.ar\/home\/\"},{\"@type\":\"ListItem\",\"position\":2,\"name\":\"Preguntas TIC\"}]},{\"@type\":\"WebSite\",\"@id\":\"https:\/\/ifdc.edu.ar\/home\/#website\",\"url\":\"https:\/\/ifdc.edu.ar\/home\/\",\"name\":\"IFDC Bariloche\",\"description\":\"IFDC Bariloche\",\"potentialAction\":[{\"@type\":\"SearchAction\",\"target\":{\"@type\":\"EntryPoint\",\"urlTemplate\":\"https:\/\/ifdc.edu.ar\/home\/?s={search_term_string}\"},\"query-input\":{\"@type\":\"PropertyValueSpecification\",\"valueRequired\":true,\"valueName\":\"search_term_string\"}}],\"inLanguage\":\"es\"}]}<\/script>\n<!-- \/ Yoast SEO plugin. -->","yoast_head_json":{"title":"Preguntas TIC - IFDC Bariloche","robots":{"index":"index","follow":"follow","max-snippet":"max-snippet:-1","max-image-preview":"max-image-preview:large","max-video-preview":"max-video-preview:-1"},"canonical":"https:\/\/ifdc.edu.ar\/home\/3563-2\/","og_locale":"es_ES","og_type":"article","og_title":"Preguntas TIC - IFDC Bariloche","og_description":"[et_pb_section fb_built=\u00bb1&#8243; _builder_version=\u00bb4.4.8&#8243; background_image=\u00bbhttps:\/\/ifdc.edu.ar\/home\/wp-content\/uploads\/2021\/02\/Gradiente-1.png\u00bb][et_pb_row _builder_version=\u00bb4.4.8&#8243;][et_pb_column type=\u00bb4_4&#8243; _builder_version=\u00bb4.4.8&#8243;][et_pb_text _builder_version=\u00bb4.4.8&#8243; header_2_text_color=\u00bb#f9f9f9&#8243;] Preguntas TIC [\/et_pb_text][\/et_pb_column][\/et_pb_row][\/et_pb_section][et_pb_section fb_built=\u00bb1&#8243; _builder_version=\u00bb4.4.8&#8243;][et_pb_row _builder_version=\u00bb4.4.8&#8243;][et_pb_column type=\u00bb4_4&#8243; _builder_version=\u00bb4.4.8&#8243;][et_pb_divider show_divider=\u00bboff\u00bb _builder_version=\u00bb4.4.8&#8243;][\/et_pb_divider][\/et_pb_column][\/et_pb_row][et_pb_row column_structure=\u00bb1_4,3_4&#8243; _builder_version=\u00bb4.4.8&#8243; custom_padding=\u00bb||0px|||\u00bb][et_pb_column type=\u00bb1_4&#8243; _builder_version=\u00bb4.4.8&#8243;][et_pb_blurb image=\u00bbhttps:\/\/ifdc.edu.ar\/home\/wp-content\/uploads\/2021\/02\/bgh.jpg\u00bb _builder_version=\u00bb4.4.8&#8243; custom_padding=\u00bb||0px|||\u00bb][\/et_pb_blurb][\/et_pb_column][et_pb_column type=\u00bb3_4&#8243; _builder_version=\u00bb4.4.8&#8243;][et_pb_text _builder_version=\u00bb4.4.8&#8243; [&hellip;]","og_url":"https:\/\/ifdc.edu.ar\/home\/3563-2\/","og_site_name":"IFDC Bariloche","article_modified_time":"2025-05-12T12:19:09+00:00","twitter_card":"summary_large_image","twitter_misc":{"Tiempo de lectura":"5 minutos"},"schema":{"@context":"https:\/\/schema.org","@graph":[{"@type":"WebPage","@id":"https:\/\/ifdc.edu.ar\/home\/3563-2\/","url":"https:\/\/ifdc.edu.ar\/home\/3563-2\/","name":"Preguntas TIC - IFDC Bariloche","isPartOf":{"@id":"https:\/\/ifdc.edu.ar\/home\/#website"},"datePublished":"2021-02-17T13:47:28+00:00","dateModified":"2025-05-12T12:19:09+00:00","breadcrumb":{"@id":"https:\/\/ifdc.edu.ar\/home\/3563-2\/#breadcrumb"},"inLanguage":"es","potentialAction":[{"@type":"ReadAction","target":["https:\/\/ifdc.edu.ar\/home\/3563-2\/"]}]},{"@type":"BreadcrumbList","@id":"https:\/\/ifdc.edu.ar\/home\/3563-2\/#breadcrumb","itemListElement":[{"@type":"ListItem","position":1,"name":"Portada","item":"https:\/\/ifdc.edu.ar\/home\/"},{"@type":"ListItem","position":2,"name":"Preguntas TIC"}]},{"@type":"WebSite","@id":"https:\/\/ifdc.edu.ar\/home\/#website","url":"https:\/\/ifdc.edu.ar\/home\/","name":"IFDC Bariloche","description":"IFDC Bariloche","potentialAction":[{"@type":"SearchAction","target":{"@type":"EntryPoint","urlTemplate":"https:\/\/ifdc.edu.ar\/home\/?s={search_term_string}"},"query-input":{"@type":"PropertyValueSpecification","valueRequired":true,"valueName":"search_term_string"}}],"inLanguage":"es"}]}},"_links":{"self":[{"href":"https:\/\/ifdc.edu.ar\/home\/wp-json\/wp\/v2\/pages\/3563","targetHints":{"allow":["GET"]}}],"collection":[{"href":"https:\/\/ifdc.edu.ar\/home\/wp-json\/wp\/v2\/pages"}],"about":[{"href":"https:\/\/ifdc.edu.ar\/home\/wp-json\/wp\/v2\/types\/page"}],"author":[{"embeddable":true,"href":"https:\/\/ifdc.edu.ar\/home\/wp-json\/wp\/v2\/users\/3"}],"replies":[{"embeddable":true,"href":"https:\/\/ifdc.edu.ar\/home\/wp-json\/wp\/v2\/comments?post=3563"}],"version-history":[{"count":30,"href":"https:\/\/ifdc.edu.ar\/home\/wp-json\/wp\/v2\/pages\/3563\/revisions"}],"predecessor-version":[{"id":9209,"href":"https:\/\/ifdc.edu.ar\/home\/wp-json\/wp\/v2\/pages\/3563\/revisions\/9209"}],"wp:attachment":[{"href":"https:\/\/ifdc.edu.ar\/home\/wp-json\/wp\/v2\/media?parent=3563"}],"curies":[{"name":"wp","href":"https:\/\/api.w.org\/{rel}","templated":true}]}}