{"id":3598,"date":"2021-02-17T13:54:13","date_gmt":"2021-02-17T13:54:13","guid":{"rendered":"https:\/\/ifdc.edu.ar\/home\/?page_id=3598"},"modified":"2024-03-13T13:49:33","modified_gmt":"2024-03-13T13:49:33","slug":"3598-2","status":"publish","type":"page","link":"https:\/\/ifdc.edu.ar\/home\/3598-2\/","title":{"rendered":"Propuesta Acad\u00e9mica"},"content":{"rendered":"<p>[et_pb_section fb_built=\u00bb1&#8243; admin_label=\u00bbCourses Hero\u00bb _builder_version=\u00bb4.4.8&#8243; use_background_color_gradient=\u00bbon\u00bb background_color_gradient_start=\u00bb#474ab6&#8243; background_color_gradient_end=\u00bb#9271f6&#8243; background_image=\u00bbhttps:\/\/ifdc.edu.ar\/home\/wp-content\/uploads\/2021\/02\/Gradiente-1.png\u00bb background_blend=\u00bboverlay\u00bb min_height=\u00bb291.4px\u00bb custom_padding=\u00bb100px|0px|144px|0px||\u00bb animation_style=\u00bbslide\u00bb animation_direction=\u00bbtop\u00bb animation_intensity_slide=\u00bb2%\u00bb locked=\u00bboff\u00bb][et_pb_row _builder_version=\u00bb3.25&#8243; background_size=\u00bbinitial\u00bb background_position=\u00bbtop_left\u00bb background_repeat=\u00bbrepeat\u00bb custom_margin=\u00bb|||\u00bb custom_padding=\u00bb||0px|||\u00bb custom_width_px=\u00bb1280px\u00bb][et_pb_column type=\u00bb4_4&#8243; _builder_version=\u00bb3.25&#8243; custom_padding=\u00bb|||\u00bb custom_padding__hover=\u00bb|||\u00bb][et_pb_text _builder_version=\u00bb4.4.8&#8243; header_font=\u00bb|on|||\u00bb header_font_size=\u00bb42px\u00bb header_line_height=\u00bb1.3em\u00bb background_size=\u00bbinitial\u00bb background_position=\u00bbtop_left\u00bb background_repeat=\u00bbrepeat\u00bb text_orientation=\u00bbcenter\u00bb background_layout=\u00bbdark\u00bb max_width=\u00bb530px\u00bb module_alignment=\u00bbcenter\u00bb custom_padding=\u00bb|||\u00bb header_font_size_tablet=\u00bb\u00bb header_font_size_phone=\u00bb\u00bb header_font_size_last_edited=\u00bbon|desktop\u00bb locked=\u00bboff\u00bb]<\/p>\n<h1>Propuesta Acad\u00e9mica<\/h1>\n<p>[\/et_pb_text][\/et_pb_column][\/et_pb_row][\/et_pb_section][et_pb_section fb_built=\u00bb1&#8243; admin_label=\u00bbCourses\u00bb _builder_version=\u00bb3.22&#8243; custom_padding=\u00bb0px|0px|100px|0px\u00bb][et_pb_row column_structure=\u00bb1_2,1_2&#8243; _builder_version=\u00bb4.4.8&#8243; background_size=\u00bbinitial\u00bb background_position=\u00bbtop_left\u00bb background_repeat=\u00bbrepeat\u00bb custom_margin=\u00bb|220px||219px||\u00bb custom_margin_tablet=\u00bb|||86px|false|false\u00bb custom_margin_phone=\u00bb|||47px|false|false\u00bb custom_margin_last_edited=\u00bbon|phone\u00bb custom_padding=\u00bb0px|0px|27px|0px\u00bb][et_pb_column type=\u00bb1_2&#8243; _builder_version=\u00bb3.25&#8243; custom_padding=\u00bb|||\u00bb custom_padding__hover=\u00bb|||\u00bb][et_pb_blurb title=\u00bbProfesorado de Educaci\u00f3n Primaria\u00bb url=\u00bbhttps:\/\/ifdc.edu.ar\/home\/3568-2\/\u00bb use_icon=\u00bbon\u00bb font_icon=\u00bb%%75%%\u00bb icon_color=\u00bb#17b2ff\u00bb icon_placement=\u00bbleft\u00bb content_max_width=\u00bb1100px\u00bb _builder_version=\u00bb4.4.8&#8243; header_font=\u00bb|on|||\u00bb header_text_color=\u00bb#2e2545&#8243; header_line_height=\u00bb1.5em\u00bb body_text_color=\u00bb#8585bd\u00bb body_line_height=\u00bb1.9em\u00bb background_color=\u00bb#ffffff\u00bb background_size=\u00bbinitial\u00bb background_position=\u00bbtop_left\u00bb background_repeat=\u00bbrepeat\u00bb custom_margin=\u00bb-80px||10%|\u00bb custom_padding=\u00bb30px|40px|30px|40px\u00bb animation_style=\u00bbzoom\u00bb animation_direction=\u00bbbottom\u00bb animation_intensity_zoom=\u00bb20%\u00bb animation_starting_opacity=\u00bb100%\u00bb box_shadow_style=\u00bbpreset2&#8243; box_shadow_horizontal=\u00bb0px\u00bb box_shadow_vertical=\u00bb0px\u00bb box_shadow_blur=\u00bb60px\u00bb box_shadow_color=\u00bbrgba(71,74,182,0.12)\u00bb locked=\u00bboff\u00bb]<\/p>\n<p>Las finalidades de la formaci\u00f3n docente inicial se orientan a la construcci\u00f3n de un proyecto de acci\u00f3n compartido que promueva una s\u00f3lida formaci\u00f3n en el oficio de ense\u00f1ar. Formar profesionales capaces de transmitir la herencia cultural, los conocimientos y valores para una formaci\u00f3n integral en las nuevas generaciones.<\/p>\n<p>[\/et_pb_blurb][et_pb_blurb title=\u00bbProfesorado de Educaci\u00f3n Inicial\u00bb url=\u00bbhttps:\/\/ifdc.edu.ar\/home\/3572-2\/\u00bb use_icon=\u00bbon\u00bb font_icon=\u00bb%%75%%\u00bb icon_color=\u00bb#17b2ff\u00bb icon_placement=\u00bbleft\u00bb content_max_width=\u00bb1100px\u00bb _builder_version=\u00bb4.4.8&#8243; header_font=\u00bb|on|||\u00bb header_text_color=\u00bb#2e2545&#8243; header_line_height=\u00bb1.5em\u00bb body_text_color=\u00bb#8585bd\u00bb body_line_height=\u00bb1.9em\u00bb background_color=\u00bb#ffffff\u00bb background_size=\u00bbinitial\u00bb background_position=\u00bbtop_left\u00bb background_repeat=\u00bbrepeat\u00bb custom_margin=\u00bb||10%|\u00bb custom_padding=\u00bb30px|40px|30px|40px\u00bb animation_style=\u00bbzoom\u00bb animation_direction=\u00bbbottom\u00bb animation_intensity_zoom=\u00bb20%\u00bb animation_starting_opacity=\u00bb100%\u00bb box_shadow_style=\u00bbpreset2&#8243; box_shadow_horizontal=\u00bb0px\u00bb box_shadow_vertical=\u00bb0px\u00bb box_shadow_blur=\u00bb60px\u00bb box_shadow_color=\u00bbrgba(71,74,182,0.12)\u00bb locked=\u00bboff\u00bb]<\/p>\n<p>La formaci\u00f3n docente consiste en un proceso de construcci\u00f3n de sujetos \u00e9ticos, pol\u00edticos, comprometidos socialmente mediante su propio pensar, sentir y hacer con la Educaci\u00f3n Inicial. La ense\u00f1anza en el Nivel Inicial adquiere caracter\u00edsticas singulares, en tanto no debe ser concebida como preparaci\u00f3n para el siguiente nivel educativo, imitando sus formas y m\u00e9todos, sino desde fundamentos educativos que respondan a las demandas propias de los modos de aprender, de conocer de los ni\u00f1os y ni\u00f1as menores de seis a\u00f1os y a los tiempos de crianza en la configuraci\u00f3n como sujeto desde la primera infancia.<\/p>\n<p>[\/et_pb_blurb][\/et_pb_column][et_pb_column type=\u00bb1_2&#8243; _builder_version=\u00bb3.25&#8243; custom_padding=\u00bb|||\u00bb custom_padding__hover=\u00bb|||\u00bb][et_pb_blurb title=\u00bbProfesorado de Educaci\u00f3n Especial\u00bb url=\u00bbhttps:\/\/ifdc.edu.ar\/home\/3577-2\/\u00bb use_icon=\u00bbon\u00bb font_icon=\u00bb%%75%%\u00bb icon_color=\u00bb#17b2ff\u00bb icon_placement=\u00bbleft\u00bb content_max_width=\u00bb1100px\u00bb _builder_version=\u00bb4.4.8&#8243; header_font=\u00bb|on|||\u00bb header_text_color=\u00bb#2e2545&#8243; header_line_height=\u00bb1.5em\u00bb body_text_color=\u00bb#8585bd\u00bb body_line_height=\u00bb1.9em\u00bb background_color=\u00bb#ffffff\u00bb background_size=\u00bbinitial\u00bb background_position=\u00bbtop_left\u00bb background_repeat=\u00bbrepeat\u00bb custom_margin=\u00bb-80px||10%|\u00bb custom_margin_tablet=\u00bb0px||10%|\u00bb custom_margin_phone=\u00bb\u00bb custom_margin_last_edited=\u00bbon|phone\u00bb custom_padding=\u00bb30px|40px|30px|40px\u00bb animation_style=\u00bbzoom\u00bb animation_direction=\u00bbbottom\u00bb animation_delay=\u00bb100ms\u00bb animation_intensity_zoom=\u00bb20%\u00bb animation_starting_opacity=\u00bb100%\u00bb box_shadow_style=\u00bbpreset2&#8243; box_shadow_horizontal=\u00bb0px\u00bb box_shadow_vertical=\u00bb0px\u00bb box_shadow_blur=\u00bb60px\u00bb box_shadow_color=\u00bbrgba(71,74,182,0.12)\u00bb locked=\u00bboff\u00bb]<\/p>\n<p>La docencia en Educaci\u00f3n Especial tiene como principios y finalidades garantizar el derecho a la educaci\u00f3n de personas con discapacidad reconoci\u00e9ndolas como sujetos pol\u00edticos, activos y con plena participaci\u00f3n en el ejercicio de la ciudadan\u00eda, es decir, como sujetos de derecho. En este marco, se entiende a la discapacidad desde un modelo social , por lo tanto, esta es concebida no como un atributo de la persona, sino \u201cun conjunto de condiciones que responden a la interacci\u00f3n entre las caracter\u00edsticas del individuo y el contexto social\u201d (Res. CFE 155\/11, pp.7)<\/p>\n<p>[\/et_pb_blurb][et_pb_blurb title=\u00bbProfesorado de Educaci\u00f3n Secundaria en Filosof\u00eda\u00bb use_icon=\u00bbon\u00bb font_icon=\u00bb%%75%%\u00bb icon_color=\u00bb#17b2ff\u00bb icon_placement=\u00bbleft\u00bb content_max_width=\u00bb1100px\u00bb _builder_version=\u00bb4.4.8&#8243; header_font=\u00bb|on|||\u00bb header_text_color=\u00bb#2e2545&#8243; header_line_height=\u00bb1.5em\u00bb body_text_color=\u00bb#8585bd\u00bb body_line_height=\u00bb1.9em\u00bb background_color=\u00bb#ffffff\u00bb background_size=\u00bbinitial\u00bb background_position=\u00bbtop_left\u00bb background_repeat=\u00bbrepeat\u00bb custom_margin=\u00bb25px||10%||false|false\u00bb custom_margin_tablet=\u00bb0px||10%|\u00bb custom_margin_phone=\u00bb\u00bb custom_margin_last_edited=\u00bbon|phone\u00bb custom_padding=\u00bb30px|40px|30px|40px\u00bb animation_style=\u00bbzoom\u00bb animation_direction=\u00bbbottom\u00bb animation_delay=\u00bb100ms\u00bb animation_intensity_zoom=\u00bb20%\u00bb animation_starting_opacity=\u00bb100%\u00bb hover_enabled=\u00bb0&#8243; box_shadow_style=\u00bbpreset2&#8243; box_shadow_horizontal=\u00bb0px\u00bb box_shadow_vertical=\u00bb0px\u00bb box_shadow_blur=\u00bb60px\u00bb box_shadow_color=\u00bbrgba(71,74,182,0.12)\u00bb locked=\u00bboff\u00bb link_option_url=\u00bbhttps:\/\/ifdc.edu.ar\/home\/filosofia\/\u00bb url=\u00bbhttps:\/\/ifdc.edu.ar\/home\/filosofia\/\u00bb]<\/p>\n<p>Este dise\u00f1o propone una formaci\u00f3n docente en filosof\u00eda que se constituya en problematizaci\u00f3n y enunciaci\u00f3n de sentidos del presente, en encuentros con las subjetividades o las vidas mismas de las\/los estudiantes. Pretende ser una formaci\u00f3n territorializada, que problematice las l\u00edneas\/fuerza de nuestra experiencia cultural y social actual. Para ello habr\u00e1 que pensar de otro modo, aquello que es -o fue- problema para un pensamiento epist\u00e9mico de otros\/as \u2013las\/los griegas\/os, las\/los alemanas\/es, las\/los francesas\/eses, por ejemplo-, \u201ccolocarse frente a las circunstancias\u201d desde nuestra realidad y nuestra condici\u00f3n, y lograr una \u201cirrupci\u00f3n de algo que va Zemelman, Hugo (sin fecha ni datos de edici\u00f3n), \u201cPensar te\u00f3rico y pensar m\u00e1s all\u00e1 de lo prescripto\u201d \u00a0Sin desvalorizar la enorme producci\u00f3n filos\u00f3fica existente que suele aparecer en los planes de estudios de filosof\u00eda, ni desconocer c\u00f3mo esas teor\u00edas constituyen nuestros reg\u00edmenes de saber, busca entonces proveer a los\/as futuro\/as docentes de herramientas conceptuales, metodol\u00f3gicas y actitudinales, m\u00e1s que de teor\u00edas y sistemas, para pensar problemas propios de nuestra actualidad y nuestro territorio. Esto implica pensar en una construcci\u00f3n situada, local, regional de las subjetividades y comunidades desde nuestra \u00a0condici\u00f3n perif\u00e9rica en el contexto de la globalizaci\u00f3n y de nuestra colonialidad.<\/p>\n<p>[\/et_pb_blurb][\/et_pb_column][\/et_pb_row][\/et_pb_section]<\/p>\n","protected":false},"excerpt":{"rendered":"<p>[et_pb_section fb_built=\u00bb1&#8243; admin_label=\u00bbCourses Hero\u00bb _builder_version=\u00bb4.4.8&#8243; use_background_color_gradient=\u00bbon\u00bb background_color_gradient_start=\u00bb#474ab6&#8243; background_color_gradient_end=\u00bb#9271f6&#8243; background_image=\u00bbhttps:\/\/ifdc.edu.ar\/home\/wp-content\/uploads\/2021\/02\/Gradiente-1.png\u00bb background_blend=\u00bboverlay\u00bb min_height=\u00bb291.4px\u00bb custom_padding=\u00bb100px|0px|144px|0px||\u00bb animation_style=\u00bbslide\u00bb animation_direction=\u00bbtop\u00bb animation_intensity_slide=\u00bb2%\u00bb locked=\u00bboff\u00bb][et_pb_row _builder_version=\u00bb3.25&#8243; background_size=\u00bbinitial\u00bb background_position=\u00bbtop_left\u00bb background_repeat=\u00bbrepeat\u00bb custom_margin=\u00bb|||\u00bb custom_padding=\u00bb||0px|||\u00bb custom_width_px=\u00bb1280px\u00bb][et_pb_column type=\u00bb4_4&#8243; _builder_version=\u00bb3.25&#8243; custom_padding=\u00bb|||\u00bb custom_padding__hover=\u00bb|||\u00bb][et_pb_text _builder_version=\u00bb4.4.8&#8243; header_font=\u00bb|on|||\u00bb header_font_size=\u00bb42px\u00bb [&hellip;]<\/p>\n","protected":false},"author":3,"featured_media":0,"parent":0,"menu_order":0,"comment_status":"closed","ping_status":"closed","template":"","meta":{"_et_pb_use_builder":"on","_et_pb_old_content":"","_et_gb_content_width":"","footnotes":""},"class_list":["post-3598","page","type-page","status-publish","hentry"],"yoast_head":"<!-- This site is optimized with the Yoast SEO plugin v26.9 - https:\/\/yoast.com\/product\/yoast-seo-wordpress\/ -->\n<title>Propuesta Acad\u00e9mica - IFDC Bariloche<\/title>\n<meta name=\"robots\" content=\"index, follow, max-snippet:-1, max-image-preview:large, max-video-preview:-1\" \/>\n<link rel=\"canonical\" href=\"https:\/\/ifdc.edu.ar\/home\/3598-2\/\" \/>\n<meta property=\"og:locale\" content=\"es_ES\" \/>\n<meta property=\"og:type\" content=\"article\" \/>\n<meta property=\"og:title\" content=\"Propuesta Acad\u00e9mica - IFDC Bariloche\" \/>\n<meta property=\"og:description\" content=\"[et_pb_section fb_built=\u00bb1&#8243; admin_label=\u00bbCourses Hero\u00bb _builder_version=\u00bb4.4.8&#8243; use_background_color_gradient=\u00bbon\u00bb background_color_gradient_start=\u00bb#474ab6&#8243; background_color_gradient_end=\u00bb#9271f6&#8243; background_image=\u00bbhttps:\/\/ifdc.edu.ar\/home\/wp-content\/uploads\/2021\/02\/Gradiente-1.png\u00bb background_blend=\u00bboverlay\u00bb min_height=\u00bb291.4px\u00bb custom_padding=\u00bb100px|0px|144px|0px||\u00bb animation_style=\u00bbslide\u00bb animation_direction=\u00bbtop\u00bb animation_intensity_slide=\u00bb2%\u00bb locked=\u00bboff\u00bb][et_pb_row _builder_version=\u00bb3.25&#8243; background_size=\u00bbinitial\u00bb background_position=\u00bbtop_left\u00bb background_repeat=\u00bbrepeat\u00bb custom_margin=\u00bb|||\u00bb custom_padding=\u00bb||0px|||\u00bb custom_width_px=\u00bb1280px\u00bb][et_pb_column type=\u00bb4_4&#8243; _builder_version=\u00bb3.25&#8243; custom_padding=\u00bb|||\u00bb custom_padding__hover=\u00bb|||\u00bb][et_pb_text _builder_version=\u00bb4.4.8&#8243; header_font=\u00bb|on|||\u00bb header_font_size=\u00bb42px\u00bb [&hellip;]\" \/>\n<meta property=\"og:url\" content=\"https:\/\/ifdc.edu.ar\/home\/3598-2\/\" \/>\n<meta property=\"og:site_name\" content=\"IFDC Bariloche\" \/>\n<meta property=\"article:modified_time\" content=\"2024-03-13T13:49:33+00:00\" \/>\n<meta name=\"twitter:card\" content=\"summary_large_image\" \/>\n<meta name=\"twitter:label1\" content=\"Tiempo de lectura\" \/>\n\t<meta name=\"twitter:data1\" content=\"6 minutos\" \/>\n<script type=\"application\/ld+json\" class=\"yoast-schema-graph\">{\"@context\":\"https:\/\/schema.org\",\"@graph\":[{\"@type\":\"WebPage\",\"@id\":\"https:\/\/ifdc.edu.ar\/home\/3598-2\/\",\"url\":\"https:\/\/ifdc.edu.ar\/home\/3598-2\/\",\"name\":\"Propuesta Acad\u00e9mica - IFDC Bariloche\",\"isPartOf\":{\"@id\":\"https:\/\/ifdc.edu.ar\/home\/#website\"},\"datePublished\":\"2021-02-17T13:54:13+00:00\",\"dateModified\":\"2024-03-13T13:49:33+00:00\",\"breadcrumb\":{\"@id\":\"https:\/\/ifdc.edu.ar\/home\/3598-2\/#breadcrumb\"},\"inLanguage\":\"es\",\"potentialAction\":[{\"@type\":\"ReadAction\",\"target\":[\"https:\/\/ifdc.edu.ar\/home\/3598-2\/\"]}]},{\"@type\":\"BreadcrumbList\",\"@id\":\"https:\/\/ifdc.edu.ar\/home\/3598-2\/#breadcrumb\",\"itemListElement\":[{\"@type\":\"ListItem\",\"position\":1,\"name\":\"Portada\",\"item\":\"https:\/\/ifdc.edu.ar\/home\/\"},{\"@type\":\"ListItem\",\"position\":2,\"name\":\"Propuesta Acad\u00e9mica\"}]},{\"@type\":\"WebSite\",\"@id\":\"https:\/\/ifdc.edu.ar\/home\/#website\",\"url\":\"https:\/\/ifdc.edu.ar\/home\/\",\"name\":\"IFDC Bariloche\",\"description\":\"IFDC Bariloche\",\"potentialAction\":[{\"@type\":\"SearchAction\",\"target\":{\"@type\":\"EntryPoint\",\"urlTemplate\":\"https:\/\/ifdc.edu.ar\/home\/?s={search_term_string}\"},\"query-input\":{\"@type\":\"PropertyValueSpecification\",\"valueRequired\":true,\"valueName\":\"search_term_string\"}}],\"inLanguage\":\"es\"}]}<\/script>\n<!-- \/ Yoast SEO plugin. -->","yoast_head_json":{"title":"Propuesta Acad\u00e9mica - IFDC Bariloche","robots":{"index":"index","follow":"follow","max-snippet":"max-snippet:-1","max-image-preview":"max-image-preview:large","max-video-preview":"max-video-preview:-1"},"canonical":"https:\/\/ifdc.edu.ar\/home\/3598-2\/","og_locale":"es_ES","og_type":"article","og_title":"Propuesta Acad\u00e9mica - IFDC Bariloche","og_description":"[et_pb_section fb_built=\u00bb1&#8243; admin_label=\u00bbCourses Hero\u00bb _builder_version=\u00bb4.4.8&#8243; use_background_color_gradient=\u00bbon\u00bb background_color_gradient_start=\u00bb#474ab6&#8243; background_color_gradient_end=\u00bb#9271f6&#8243; background_image=\u00bbhttps:\/\/ifdc.edu.ar\/home\/wp-content\/uploads\/2021\/02\/Gradiente-1.png\u00bb background_blend=\u00bboverlay\u00bb min_height=\u00bb291.4px\u00bb custom_padding=\u00bb100px|0px|144px|0px||\u00bb animation_style=\u00bbslide\u00bb animation_direction=\u00bbtop\u00bb animation_intensity_slide=\u00bb2%\u00bb locked=\u00bboff\u00bb][et_pb_row _builder_version=\u00bb3.25&#8243; background_size=\u00bbinitial\u00bb background_position=\u00bbtop_left\u00bb background_repeat=\u00bbrepeat\u00bb custom_margin=\u00bb|||\u00bb custom_padding=\u00bb||0px|||\u00bb custom_width_px=\u00bb1280px\u00bb][et_pb_column type=\u00bb4_4&#8243; _builder_version=\u00bb3.25&#8243; custom_padding=\u00bb|||\u00bb custom_padding__hover=\u00bb|||\u00bb][et_pb_text _builder_version=\u00bb4.4.8&#8243; header_font=\u00bb|on|||\u00bb header_font_size=\u00bb42px\u00bb [&hellip;]","og_url":"https:\/\/ifdc.edu.ar\/home\/3598-2\/","og_site_name":"IFDC Bariloche","article_modified_time":"2024-03-13T13:49:33+00:00","twitter_card":"summary_large_image","twitter_misc":{"Tiempo de lectura":"6 minutos"},"schema":{"@context":"https:\/\/schema.org","@graph":[{"@type":"WebPage","@id":"https:\/\/ifdc.edu.ar\/home\/3598-2\/","url":"https:\/\/ifdc.edu.ar\/home\/3598-2\/","name":"Propuesta Acad\u00e9mica - IFDC Bariloche","isPartOf":{"@id":"https:\/\/ifdc.edu.ar\/home\/#website"},"datePublished":"2021-02-17T13:54:13+00:00","dateModified":"2024-03-13T13:49:33+00:00","breadcrumb":{"@id":"https:\/\/ifdc.edu.ar\/home\/3598-2\/#breadcrumb"},"inLanguage":"es","potentialAction":[{"@type":"ReadAction","target":["https:\/\/ifdc.edu.ar\/home\/3598-2\/"]}]},{"@type":"BreadcrumbList","@id":"https:\/\/ifdc.edu.ar\/home\/3598-2\/#breadcrumb","itemListElement":[{"@type":"ListItem","position":1,"name":"Portada","item":"https:\/\/ifdc.edu.ar\/home\/"},{"@type":"ListItem","position":2,"name":"Propuesta Acad\u00e9mica"}]},{"@type":"WebSite","@id":"https:\/\/ifdc.edu.ar\/home\/#website","url":"https:\/\/ifdc.edu.ar\/home\/","name":"IFDC Bariloche","description":"IFDC Bariloche","potentialAction":[{"@type":"SearchAction","target":{"@type":"EntryPoint","urlTemplate":"https:\/\/ifdc.edu.ar\/home\/?s={search_term_string}"},"query-input":{"@type":"PropertyValueSpecification","valueRequired":true,"valueName":"search_term_string"}}],"inLanguage":"es"}]}},"_links":{"self":[{"href":"https:\/\/ifdc.edu.ar\/home\/wp-json\/wp\/v2\/pages\/3598","targetHints":{"allow":["GET"]}}],"collection":[{"href":"https:\/\/ifdc.edu.ar\/home\/wp-json\/wp\/v2\/pages"}],"about":[{"href":"https:\/\/ifdc.edu.ar\/home\/wp-json\/wp\/v2\/types\/page"}],"author":[{"embeddable":true,"href":"https:\/\/ifdc.edu.ar\/home\/wp-json\/wp\/v2\/users\/3"}],"replies":[{"embeddable":true,"href":"https:\/\/ifdc.edu.ar\/home\/wp-json\/wp\/v2\/comments?post=3598"}],"version-history":[{"count":16,"href":"https:\/\/ifdc.edu.ar\/home\/wp-json\/wp\/v2\/pages\/3598\/revisions"}],"predecessor-version":[{"id":8445,"href":"https:\/\/ifdc.edu.ar\/home\/wp-json\/wp\/v2\/pages\/3598\/revisions\/8445"}],"wp:attachment":[{"href":"https:\/\/ifdc.edu.ar\/home\/wp-json\/wp\/v2\/media?parent=3598"}],"curies":[{"name":"wp","href":"https:\/\/api.w.org\/{rel}","templated":true}]}}