{"id":4532,"date":"2021-02-26T12:06:37","date_gmt":"2021-02-26T12:06:37","guid":{"rendered":"https:\/\/ifdc.edu.ar\/home\/?page_id=4532"},"modified":"2026-03-10T12:23:58","modified_gmt":"2026-03-10T12:23:58","slug":"4532-2","status":"publish","type":"page","link":"https:\/\/ifdc.edu.ar\/home\/4532-2\/","title":{"rendered":"Certificados y solicitudes"},"content":{"rendered":"<p>[et_pb_section fb_built=\u00bb1&#8243; _builder_version=\u00bb4.4.8&#8243; background_image=\u00bbhttps:\/\/ifdc.edu.ar\/home\/wp-content\/uploads\/2021\/02\/Gradiente-1.png\u00bb][et_pb_row _builder_version=\u00bb4.4.8&#8243;][et_pb_column type=\u00bb4_4&#8243; _builder_version=\u00bb4.4.8&#8243;][et_pb_text _builder_version=\u00bb4.4.8&#8243; text_text_color=\u00bb#ffffff\u00bb header_text_color=\u00bb#ffffff\u00bb]<\/p>\n<h1 style=\"text-align: center;\">Certificados y solicitudes<\/h1>\n<p>[\/et_pb_text][\/et_pb_column][\/et_pb_row][\/et_pb_section][et_pb_section fb_built=\u00bb1&#8243; _builder_version=\u00bb4.4.8&#8243; custom_padding=\u00bb0px|||||\u00bb][et_pb_row _builder_version=\u00bb4.4.8&#8243; custom_padding=\u00bb99px|||||\u00bb][et_pb_column type=\u00bb4_4&#8243; _builder_version=\u00bb4.4.8&#8243;][et_pb_accordion open_toggle_text_color=\u00bb#4f4f4f\u00bb open_toggle_background_color=\u00bb#f9f9f9&#8243; closed_toggle_background_color=\u00bb#17b2ff\u00bb icon_color=\u00bb#f9f9f9&#8243; _builder_version=\u00bb4.4.8&#8243; toggle_text_color=\u00bb#f9f9f9&#8243; hover_enabled=\u00bb0&#8243;][et_pb_accordion_item open=\u00bbon\u00bb _builder_version=\u00bb4.4.8&#8243; custom_css_main_element=\u00bbdisplay:none\u00bb][\/et_pb_accordion_item][et_pb_accordion_item title=\u00bbSolicitud de equivalencias\u00bb _builder_version=\u00bb4.4.8&#8243; open=\u00bboff\u00bb]<\/p>\n<h5><b>Solicitud de equivalencias<\/b><\/h5>\n<ul>\n<li><span style=\"font-weight: 400;\"> \u00a0 \u00a0 \u00a0 \u00a0 \u00a0 \u00a0 \u00a0 \u00a0 \u00a0 \u00a0 \u00a0 \u00a0 \u00a0 \u00a0 \u00a0 \u00a0 Recepci\u00f3n de equivalencias del 1\u00b0 cuatrimestre: 18\/02\u00a0 al 27\/02 de febrero del corriente a\u00f1o. Se realiza por medio del formulario de solicitud que se encuentra a disposici\u00f3n abajo<\/span><\/li>\n<li><span style=\"font-weight: 400;\"> \u00a0 \u00a0 \u00a0 \u00a0 \u00a0 \u00a0 \u00a0 \u00a0 \u00a0 \u00a0 \u00a0 \u00a0 \u00a0 \u00a0 \u00a0 \u00a0 Habr\u00e1 un nuevo per\u00edodo de solicitud de equivalencia, tambi\u00e9n correspondiente al 2do cuatrimestre, luego del receso invernal desde el 03 al 07\/08\/2026<\/span><\/li>\n<li><span style=\"font-weight: 400;\"> \u00a0 \u00a0 \u00a0 \u00a0 \u00a0 \u00a0 \u00a0 \u00a0 \u00a0 \u00a0 \u00a0 \u00a0 \u00a0 \u00a0 \u00a0 \u00a0 Por resoluci\u00f3n 100\/25 no se podr\u00e1n tramitar Solicitudes de equivalencias para materias cuyos programas tengan m\u00e1s de 10 a\u00f1os.<\/span><\/li>\n<\/ul>\n<p><strong>Pasos a seguir\u00a0 y requisitos para realizar la solicitud:<\/strong><\/p>\n<p>1\u00b0-Escanear los programas originales,\u00a0correspondientes a las unidades curriculares aprobadas, sobre las que deseas solicitar equivalencia. Tienen que estar debidamente certificados por autoridad de la Instituci\u00f3n emisora. Se construir\u00e1\u00a0un \u00fanico archivo\u00a0por unidad curricular. <b>Lxs estudiantes que soliciten equivalencias internas por cambio de carrera , por ejemplo, del Profesorado de Educaci\u00f3n Primaria a Inicial, deben pasar directamente al requisito n\u00ba 4. <\/b><\/p>\n<p><b>ACLARACI\u00d3N IMPORTANTE:<\/b>\u00a0Todos los archivos se recibir\u00e1n en formato digital PDF sin excepci\u00f3n. Cada uno debe especificar en letra may\u00fascula tu nombre, apellido y especificar unidad curricular (Ejemplo: GONZ\u00c1LEZ_CATALINA_PEDAGOG\u00cdA).<\/p>\n<p>2\u00b0-Escanear rendimiento acad\u00e9mico o anal\u00edtico del t\u00edtulo debidamente certificados por autoridad de la Instituci\u00f3n emisora.<\/p>\n<p><b>ACLARACI\u00d3N IMPORTANTE:<\/b>\u00a0Este archivo se recibir\u00e1 en formato digital PDF sin excepci\u00f3n. Especificar en letra may\u00fascula tu nombre, apellido y tipo de certificado (Ejemplo: GONZ\u00c1LEZ_CATALINA_RENDIMIENTO ACAD\u00c9MICO).<\/p>\n<p>3\u00b0- Descargar y completar el siguiente formulario. En el mismo se debe especificar toda la informaci\u00f3n solicitada. Si un mismo programa se presenta para distintas unidades curriculares se debe especificar entre par\u00e9ntesis con\u00a0<b><i>repite\u00a0<\/i><\/b>donde se detalla el nombre en la columna\u00a0<b><i>espacio cursado<\/i><\/b>. En el caso de no tener claridad a qu\u00e9 unidad curricular corresponder\u00edan los contenidos del programa presentado, especificar\u00a0<b><i>revisar coordinaci\u00f3n de carrera\u00a0<\/i><\/b>en la columna\u00a0<b><i>equivalente a.<\/i><\/b><\/p>\n<p><a href=\"https:\/\/drive.google.com\/file\/d\/1uzQOBHtxRbGw6hF5A1rYIOlc52ZwlUZB\/view\"><b>Para descargar la planilla ingresar aqu\u00ed<\/b><\/a><\/p>\n<p>&nbsp;<\/p>\n<p>4\u00ba-Una vez que tengas toda la documentaci\u00f3n lista y en orden, te pedimos que completes el siguiente formulario ingresando al siguiente link.<\/p>\n<p><strong><a href=\"https:\/\/docs.google.com\/forms\/d\/e\/1FAIpQLSfsJdzGXUfq2Q7NpsY7o2wAmFV9o3sGXkcOS946l8tGhdtIjg\/viewform\">FORMULARIO DE SOLICITUD EQUIVALENCIAS\u00a0<\/a><\/strong><\/p>\n<p>[\/et_pb_accordion_item][et_pb_accordion_item title=\u00bbCertificado de estudiante regular\u00bb _builder_version=\u00bb4.4.8&#8243; open=\u00bboff\u00bb]Para descargar el certificado de estudiante regular deb\u00e9s ingresar al aula SEC_Certificados en el campus virtual y seguir los pasos que all\u00ed se indican. Ingres\u00e1 al aula haciendo <a href=\"https:\/\/ifdbariloche-rng.infd.edu.ar\/aula\/index.cgi?id_curso=370\">clic aqu\u00ed<\/a>[\/et_pb_accordion_item][et_pb_accordion_item title=\u00bbSolicitud de RENDIMIENTO ACAD\u00c9MICO\u00bb _builder_version=\u00bb4.4.8&#8243; hover_enabled=\u00bb0&#8243; open=\u00bboff\u00bb]<\/p>\n<p>Para solicitar el Rendimiento Acad\u00e9mico ingres\u00e1 al\u00a0 formulario en la secci\u00f3n Consultas 2025.<\/p>\n<p>Al solicitarlo deber\u00e1s informarnos d\u00f3nde debe ser presentado.<\/p>\n<p>El plazo de entrega es de 10 d\u00edas h\u00e1biles. Se te enviar\u00e1 por mail.<\/p>\n<div id=\"page\" class=\"hfeed site grid-container container grid-parent\">\n<div id=\"content\" class=\"site-content\">\n<div id=\"primary\" class=\"content-area grid-parent mobile-grid-100 grid-100 tablet-grid-100\">\n<article id=\"post-4683\" class=\"post-4683 page type-page status-draft\">\n<div class=\"inside-article\">\n<div class=\"entry-content\">\n<p><a href=\"https:\/\/docs.google.com\/forms\/d\/e\/1FAIpQLSd__xWMV57xTMLIt5IT2w8rnCYcdwsKjt2mLYsU3ikMVjCb6Q\/viewform\"><strong>Ir al FORMULARIO Consultas 2026 para hacer la solicitud de Rendimiento Acad\u00e9mico<\/strong><\/a><\/p>\n<\/div>\n<\/div>\n<\/article>\n<\/div>\n<\/div>\n<\/div>\n<div class=\"site-footer  \">\n<div class=\"infd_logos\"><\/div>\n<\/div>\n<p>[\/et_pb_accordion_item][\/et_pb_accordion][\/et_pb_column][\/et_pb_row][\/et_pb_section]<\/p>\n","protected":false},"excerpt":{"rendered":"<p>[et_pb_section fb_built=\u00bb1&#8243; _builder_version=\u00bb4.4.8&#8243; background_image=\u00bbhttps:\/\/ifdc.edu.ar\/home\/wp-content\/uploads\/2021\/02\/Gradiente-1.png\u00bb][et_pb_row _builder_version=\u00bb4.4.8&#8243;][et_pb_column type=\u00bb4_4&#8243; _builder_version=\u00bb4.4.8&#8243;][et_pb_text _builder_version=\u00bb4.4.8&#8243; text_text_color=\u00bb#ffffff\u00bb header_text_color=\u00bb#ffffff\u00bb] Certificados y solicitudes [\/et_pb_text][\/et_pb_column][\/et_pb_row][\/et_pb_section][et_pb_section fb_built=\u00bb1&#8243; _builder_version=\u00bb4.4.8&#8243; custom_padding=\u00bb0px|||||\u00bb][et_pb_row _builder_version=\u00bb4.4.8&#8243; custom_padding=\u00bb99px|||||\u00bb][et_pb_column type=\u00bb4_4&#8243; _builder_version=\u00bb4.4.8&#8243;][et_pb_accordion open_toggle_text_color=\u00bb#4f4f4f\u00bb open_toggle_background_color=\u00bb#f9f9f9&#8243; closed_toggle_background_color=\u00bb#17b2ff\u00bb icon_color=\u00bb#f9f9f9&#8243; _builder_version=\u00bb4.4.8&#8243; toggle_text_color=\u00bb#f9f9f9&#8243; hover_enabled=\u00bb0&#8243;][et_pb_accordion_item open=\u00bbon\u00bb _builder_version=\u00bb4.4.8&#8243; [&hellip;]<\/p>\n","protected":false},"author":3,"featured_media":0,"parent":0,"menu_order":0,"comment_status":"closed","ping_status":"closed","template":"","meta":{"_et_pb_use_builder":"on","_et_pb_old_content":"","_et_gb_content_width":"","footnotes":""},"class_list":["post-4532","page","type-page","status-publish","hentry"],"yoast_head":"<!-- This site is optimized with the Yoast SEO plugin v26.9 - https:\/\/yoast.com\/product\/yoast-seo-wordpress\/ -->\n<title>Certificados y solicitudes - IFDC Bariloche<\/title>\n<meta name=\"robots\" content=\"index, follow, max-snippet:-1, max-image-preview:large, max-video-preview:-1\" \/>\n<link rel=\"canonical\" href=\"https:\/\/ifdc.edu.ar\/home\/4532-2\/\" \/>\n<meta property=\"og:locale\" content=\"es_ES\" \/>\n<meta property=\"og:type\" content=\"article\" \/>\n<meta property=\"og:title\" content=\"Certificados y solicitudes - IFDC Bariloche\" \/>\n<meta property=\"og:description\" content=\"[et_pb_section fb_built=\u00bb1&#8243; _builder_version=\u00bb4.4.8&#8243; background_image=\u00bbhttps:\/\/ifdc.edu.ar\/home\/wp-content\/uploads\/2021\/02\/Gradiente-1.png\u00bb][et_pb_row _builder_version=\u00bb4.4.8&#8243;][et_pb_column type=\u00bb4_4&#8243; _builder_version=\u00bb4.4.8&#8243;][et_pb_text _builder_version=\u00bb4.4.8&#8243; text_text_color=\u00bb#ffffff\u00bb header_text_color=\u00bb#ffffff\u00bb] Certificados y solicitudes [\/et_pb_text][\/et_pb_column][\/et_pb_row][\/et_pb_section][et_pb_section fb_built=\u00bb1&#8243; _builder_version=\u00bb4.4.8&#8243; custom_padding=\u00bb0px|||||\u00bb][et_pb_row _builder_version=\u00bb4.4.8&#8243; custom_padding=\u00bb99px|||||\u00bb][et_pb_column type=\u00bb4_4&#8243; _builder_version=\u00bb4.4.8&#8243;][et_pb_accordion open_toggle_text_color=\u00bb#4f4f4f\u00bb open_toggle_background_color=\u00bb#f9f9f9&#8243; closed_toggle_background_color=\u00bb#17b2ff\u00bb icon_color=\u00bb#f9f9f9&#8243; _builder_version=\u00bb4.4.8&#8243; toggle_text_color=\u00bb#f9f9f9&#8243; hover_enabled=\u00bb0&#8243;][et_pb_accordion_item open=\u00bbon\u00bb _builder_version=\u00bb4.4.8&#8243; [&hellip;]\" \/>\n<meta property=\"og:url\" content=\"https:\/\/ifdc.edu.ar\/home\/4532-2\/\" \/>\n<meta property=\"og:site_name\" content=\"IFDC Bariloche\" \/>\n<meta property=\"article:modified_time\" content=\"2026-03-10T12:23:58+00:00\" \/>\n<meta name=\"twitter:card\" content=\"summary_large_image\" \/>\n<meta name=\"twitter:label1\" content=\"Tiempo de lectura\" \/>\n\t<meta name=\"twitter:data1\" content=\"3 minutos\" \/>\n<script type=\"application\/ld+json\" class=\"yoast-schema-graph\">{\"@context\":\"https:\/\/schema.org\",\"@graph\":[{\"@type\":\"WebPage\",\"@id\":\"https:\/\/ifdc.edu.ar\/home\/4532-2\/\",\"url\":\"https:\/\/ifdc.edu.ar\/home\/4532-2\/\",\"name\":\"Certificados y solicitudes - IFDC Bariloche\",\"isPartOf\":{\"@id\":\"https:\/\/ifdc.edu.ar\/home\/#website\"},\"datePublished\":\"2021-02-26T12:06:37+00:00\",\"dateModified\":\"2026-03-10T12:23:58+00:00\",\"breadcrumb\":{\"@id\":\"https:\/\/ifdc.edu.ar\/home\/4532-2\/#breadcrumb\"},\"inLanguage\":\"es\",\"potentialAction\":[{\"@type\":\"ReadAction\",\"target\":[\"https:\/\/ifdc.edu.ar\/home\/4532-2\/\"]}]},{\"@type\":\"BreadcrumbList\",\"@id\":\"https:\/\/ifdc.edu.ar\/home\/4532-2\/#breadcrumb\",\"itemListElement\":[{\"@type\":\"ListItem\",\"position\":1,\"name\":\"Portada\",\"item\":\"https:\/\/ifdc.edu.ar\/home\/\"},{\"@type\":\"ListItem\",\"position\":2,\"name\":\"Certificados y solicitudes\"}]},{\"@type\":\"WebSite\",\"@id\":\"https:\/\/ifdc.edu.ar\/home\/#website\",\"url\":\"https:\/\/ifdc.edu.ar\/home\/\",\"name\":\"IFDC Bariloche\",\"description\":\"IFDC Bariloche\",\"potentialAction\":[{\"@type\":\"SearchAction\",\"target\":{\"@type\":\"EntryPoint\",\"urlTemplate\":\"https:\/\/ifdc.edu.ar\/home\/?s={search_term_string}\"},\"query-input\":{\"@type\":\"PropertyValueSpecification\",\"valueRequired\":true,\"valueName\":\"search_term_string\"}}],\"inLanguage\":\"es\"}]}<\/script>\n<!-- \/ Yoast SEO plugin. -->","yoast_head_json":{"title":"Certificados y solicitudes - IFDC Bariloche","robots":{"index":"index","follow":"follow","max-snippet":"max-snippet:-1","max-image-preview":"max-image-preview:large","max-video-preview":"max-video-preview:-1"},"canonical":"https:\/\/ifdc.edu.ar\/home\/4532-2\/","og_locale":"es_ES","og_type":"article","og_title":"Certificados y solicitudes - IFDC Bariloche","og_description":"[et_pb_section fb_built=\u00bb1&#8243; _builder_version=\u00bb4.4.8&#8243; background_image=\u00bbhttps:\/\/ifdc.edu.ar\/home\/wp-content\/uploads\/2021\/02\/Gradiente-1.png\u00bb][et_pb_row _builder_version=\u00bb4.4.8&#8243;][et_pb_column type=\u00bb4_4&#8243; _builder_version=\u00bb4.4.8&#8243;][et_pb_text _builder_version=\u00bb4.4.8&#8243; text_text_color=\u00bb#ffffff\u00bb header_text_color=\u00bb#ffffff\u00bb] Certificados y solicitudes [\/et_pb_text][\/et_pb_column][\/et_pb_row][\/et_pb_section][et_pb_section fb_built=\u00bb1&#8243; _builder_version=\u00bb4.4.8&#8243; custom_padding=\u00bb0px|||||\u00bb][et_pb_row _builder_version=\u00bb4.4.8&#8243; custom_padding=\u00bb99px|||||\u00bb][et_pb_column type=\u00bb4_4&#8243; _builder_version=\u00bb4.4.8&#8243;][et_pb_accordion open_toggle_text_color=\u00bb#4f4f4f\u00bb open_toggle_background_color=\u00bb#f9f9f9&#8243; closed_toggle_background_color=\u00bb#17b2ff\u00bb icon_color=\u00bb#f9f9f9&#8243; _builder_version=\u00bb4.4.8&#8243; toggle_text_color=\u00bb#f9f9f9&#8243; hover_enabled=\u00bb0&#8243;][et_pb_accordion_item open=\u00bbon\u00bb _builder_version=\u00bb4.4.8&#8243; [&hellip;]","og_url":"https:\/\/ifdc.edu.ar\/home\/4532-2\/","og_site_name":"IFDC Bariloche","article_modified_time":"2026-03-10T12:23:58+00:00","twitter_card":"summary_large_image","twitter_misc":{"Tiempo de lectura":"3 minutos"},"schema":{"@context":"https:\/\/schema.org","@graph":[{"@type":"WebPage","@id":"https:\/\/ifdc.edu.ar\/home\/4532-2\/","url":"https:\/\/ifdc.edu.ar\/home\/4532-2\/","name":"Certificados y solicitudes - IFDC Bariloche","isPartOf":{"@id":"https:\/\/ifdc.edu.ar\/home\/#website"},"datePublished":"2021-02-26T12:06:37+00:00","dateModified":"2026-03-10T12:23:58+00:00","breadcrumb":{"@id":"https:\/\/ifdc.edu.ar\/home\/4532-2\/#breadcrumb"},"inLanguage":"es","potentialAction":[{"@type":"ReadAction","target":["https:\/\/ifdc.edu.ar\/home\/4532-2\/"]}]},{"@type":"BreadcrumbList","@id":"https:\/\/ifdc.edu.ar\/home\/4532-2\/#breadcrumb","itemListElement":[{"@type":"ListItem","position":1,"name":"Portada","item":"https:\/\/ifdc.edu.ar\/home\/"},{"@type":"ListItem","position":2,"name":"Certificados y solicitudes"}]},{"@type":"WebSite","@id":"https:\/\/ifdc.edu.ar\/home\/#website","url":"https:\/\/ifdc.edu.ar\/home\/","name":"IFDC Bariloche","description":"IFDC Bariloche","potentialAction":[{"@type":"SearchAction","target":{"@type":"EntryPoint","urlTemplate":"https:\/\/ifdc.edu.ar\/home\/?s={search_term_string}"},"query-input":{"@type":"PropertyValueSpecification","valueRequired":true,"valueName":"search_term_string"}}],"inLanguage":"es"}]}},"_links":{"self":[{"href":"https:\/\/ifdc.edu.ar\/home\/wp-json\/wp\/v2\/pages\/4532","targetHints":{"allow":["GET"]}}],"collection":[{"href":"https:\/\/ifdc.edu.ar\/home\/wp-json\/wp\/v2\/pages"}],"about":[{"href":"https:\/\/ifdc.edu.ar\/home\/wp-json\/wp\/v2\/types\/page"}],"author":[{"embeddable":true,"href":"https:\/\/ifdc.edu.ar\/home\/wp-json\/wp\/v2\/users\/3"}],"replies":[{"embeddable":true,"href":"https:\/\/ifdc.edu.ar\/home\/wp-json\/wp\/v2\/comments?post=4532"}],"version-history":[{"count":33,"href":"https:\/\/ifdc.edu.ar\/home\/wp-json\/wp\/v2\/pages\/4532\/revisions"}],"predecessor-version":[{"id":10177,"href":"https:\/\/ifdc.edu.ar\/home\/wp-json\/wp\/v2\/pages\/4532\/revisions\/10177"}],"wp:attachment":[{"href":"https:\/\/ifdc.edu.ar\/home\/wp-json\/wp\/v2\/media?parent=4532"}],"curies":[{"name":"wp","href":"https:\/\/api.w.org\/{rel}","templated":true}]}}