{"id":5815,"date":"2021-06-15T17:41:46","date_gmt":"2021-06-15T17:41:46","guid":{"rendered":"https:\/\/ifdc.edu.ar\/home\/?page_id=5815"},"modified":"2021-09-22T18:45:19","modified_gmt":"2021-09-22T18:45:19","slug":"5815-2","status":"publish","type":"page","link":"https:\/\/ifdc.edu.ar\/home\/5815-2\/","title":{"rendered":"Programa de Etnograf\u00eda y Educaci\u00f3n"},"content":{"rendered":"<p>[et_pb_section fb_built=\u00bb1&#8243; _builder_version=\u00bb4.4.8&#8243; background_image=\u00bbhttps:\/\/ifdc.edu.ar\/home\/wp-content\/uploads\/2021\/02\/Gradiente-1.png\u00bb locked=\u00bboff\u00bb][et_pb_row _builder_version=\u00bb4.4.8&#8243;][et_pb_column type=\u00bb4_4&#8243; _builder_version=\u00bb4.4.8&#8243;][et_pb_text _builder_version=\u00bb4.4.8&#8243; header_text_color=\u00bb#f9f9f9&#8243;]<\/p>\n<header class=\"entry-header\">\n<h1 class=\"entry-title\" itemprop=\"headline\" style=\"text-align: center;\"><strong>Programa de Etnograf\u00eda y Educaci\u00f3n<\/strong><\/h1>\n<\/header>\n<p>[\/et_pb_text][\/et_pb_column][\/et_pb_row][\/et_pb_section][et_pb_section fb_built=\u00bb1&#8243; _builder_version=\u00bb4.4.8&#8243;][et_pb_row _builder_version=\u00bb4.4.8&#8243;][et_pb_column type=\u00bb4_4&#8243; _builder_version=\u00bb4.4.8&#8243;][et_pb_image src=\u00bbhttps:\/\/ifdc.edu.ar\/home\/wp-content\/uploads\/2021\/06\/programa-etno.jpg\u00bb title_text=\u00bbprograma etno\u00bb _builder_version=\u00bb4.4.8&#8243; width=\u00bb57%\u00bb module_alignment=\u00bbcenter\u00bb][\/et_pb_image][\/et_pb_column][\/et_pb_row][et_pb_row _builder_version=\u00bb4.4.8&#8243;][et_pb_column type=\u00bb4_4&#8243; _builder_version=\u00bb4.4.8&#8243;][et_pb_text _builder_version=\u00bb4.4.8&#8243;]<\/p>\n<header class=\"entry-header\">\n<p class=\"entry-title\" itemprop=\"headline\">El programa de etnograf\u00eda y educaci\u00f3n, constituye un espacio de intercambio y discusi\u00f3n en torno a la producci\u00f3n de conocimiento creado en el marco del enfoque de la etnograf\u00eda en intersecci\u00f3n con la educaci\u00f3n.<\/p>\n<p class=\"entry-title\" itemprop=\"headline\">Lo conformamos, inicialmente, un grupo de profesoras etn\u00f3grafas motivas por la necesidad de compartir e intercambiar intereses comunes en temas y enfoques que ven\u00edamos trabajando individualmente, en particular proyectos de investigaci\u00f3n con enfoque etnogr\u00e1fico. Siendo que este requiere de la producci\u00f3n escrita y discusi\u00f3n continua entre etn\u00f3grafas &#8211; en nuestro caso &#8211; y no habiendo encontrado ese espacio para promover institucionalmente esas discusiones e intercambios es que creamos un programa de investigaci\u00f3n en Etnograf\u00eda Educativa que tienda lazos que redundar\u00e1n en una producci\u00f3n por y para la formaci\u00f3n docente en nuestra instituci\u00f3n.<\/p>\n<p class=\"entry-title\" itemprop=\"headline\">En la actualidad, somos referentes las profesoras: Mariana Caram y Soledad Fernandez (Profesorado de Educaci\u00f3n Especial) y Silvina Fernandez (Profesorado de Educaci\u00f3n Inicial). La intenci\u00f3n de proponerlo como programa responde a las diversidad de actividades de investigaci\u00f3n, formaci\u00f3n inicial, capacitaci\u00f3n y extensi\u00f3n que propone, en las cuales confluyamos con m\u00faltiples actores de la comunidad educativa y as\u00ed como en relaci\u00f3n con otros actores e instituciones.<\/p>\n<\/header>\n<div class=\"entry-content\" itemprop=\"text\">\n<ul><\/ul>\n<\/div>\n<p>[\/et_pb_text][\/et_pb_column][\/et_pb_row][et_pb_row _builder_version=\u00bb4.4.8&#8243; custom_padding=\u00bb15px|15px|15px|15px|false|false\u00bb box_shadow_style=\u00bbpreset1&#8243; locked=\u00bboff\u00bb][et_pb_column type=\u00bb4_4&#8243; _builder_version=\u00bb4.4.8&#8243;][et_pb_text _builder_version=\u00bb4.4.8&#8243;]<\/p>\n<h2><b>Objetivos del programa:<\/b><\/h2>\n<p><b><\/b><\/p>\n<p>\u25cf Promover la construcci\u00f3n de conocimiento etnogr\u00e1fico en el campo de la Antropolog\u00eda y la Educaci\u00f3n en estrecha relaci\u00f3n con la formaci\u00f3n docente<br \/>inicial y permanente.<br \/>\u25cf Promover la construcci\u00f3n de espacios de estudio, discusi\u00f3n e intercambio sobre el enfoque y el m\u00e9todo etnogr\u00e1fico en articulaci\u00f3n y enriquecido por cada l\u00ednea de investigaci\u00f3n &#8211; extensi\u00f3n del IFDC Bariloche.<br \/>\u25cf Potenciar entre profesores y estudiantes del IFDC las relaciones inter &#8211; disciplinarias e inter &#8211; carreras mediante la investigaci\u00f3n en el campo de la<br \/>Antropolog\u00eda y la Educaci\u00f3n.<br \/>\u25cf Fortalecer v\u00ednculos con grupos de trabajo de otras instituciones orientados a la investigaci\u00f3n en el campo de la Antropolog\u00eda y la Educaci\u00f3n.<\/p>\n<p>[\/et_pb_text][\/et_pb_column][\/et_pb_row][et_pb_row _builder_version=\u00bb4.4.8&#8243;][et_pb_column type=\u00bb4_4&#8243; _builder_version=\u00bb4.4.8&#8243;][et_pb_divider show_divider=\u00bboff\u00bb _builder_version=\u00bb4.4.8&#8243;][\/et_pb_divider][\/et_pb_column][\/et_pb_row][et_pb_row _builder_version=\u00bb4.4.8&#8243; custom_padding=\u00bb15px|15px|15px|15px|false|false\u00bb box_shadow_style=\u00bbpreset1&#8243; locked=\u00bboff\u00bb][et_pb_column type=\u00bb4_4&#8243; _builder_version=\u00bb4.4.8&#8243;][et_pb_text _builder_version=\u00bb4.4.8&#8243; custom_padding=\u00bb||0px|0px||\u00bb]<\/p>\n<h2><strong>L\u00edneas de investigaci\u00f3n:<\/strong><\/h2>\n<p>\u25cf Procesos educativos e inclusi\u00f3n, una mirada desde la historia, la cultura y la<br \/>perspectiva de los actores.<br \/>\u25cf La producci\u00f3n de conocimiento con ni\u00f1xs y sus aspectos te\u00f3ricos-metodol\u00f3gicos en<br \/>torno a la investigaci\u00f3n en colaboraci\u00f3n.<br \/>\u25cf Los objetos y materiales en el nivel inicial.<\/p>\n<p>[\/et_pb_text][\/et_pb_column][\/et_pb_row][et_pb_row _builder_version=\u00bb4.4.8&#8243;][et_pb_column type=\u00bb4_4&#8243; _builder_version=\u00bb4.4.8&#8243;][et_pb_divider show_divider=\u00bboff\u00bb _builder_version=\u00bb4.4.8&#8243;][\/et_pb_divider][\/et_pb_column][\/et_pb_row][et_pb_row _builder_version=\u00bb4.4.8&#8243; custom_padding=\u00bb15px|15px|15px|15px|false|false\u00bb box_shadow_style=\u00bbpreset1&#8243; locked=\u00bboff\u00bb][et_pb_column type=\u00bb4_4&#8243; _builder_version=\u00bb4.4.8&#8243;][et_pb_text _builder_version=\u00bb4.4.8&#8243; custom_padding=\u00bb||10px|||\u00bb]<\/p>\n<h2><b>Publicaciones del Programa<\/b><\/h2>\n<p><strong>A\u00f1o 2021<\/strong><\/p>\n<p>Fern\u00e1ndez, S. del C. (2021). \u201c\u00a1Es porque no le ponen onda!\u201d: pr\u00e1cticas de comensalidad en la escuela. Magis, Revista Internacional De Investigaci\u00f3n En Educaci\u00f3n, 14 (Segunda parte dossier Etnograf\u00eda), 1-25.<a href=\"https:\/\/revistas.javeriana.edu.co\/index.php\/MAGIS\/article\/view\/26549\">\u00a0https:\/\/revistas.javeriana.edu.co\/index.php\/MAGIS\/article\/view\/26549<\/a><\/p>\n<p>Fernandez, M.S. (2021) \u201cLa historia de la Formaci\u00f3n Docente Inicial en R\u00edo Negro\u201d. Revista Pilquen &#8211; secci\u00f3n Psicopedagog\u00eda &#8211; CURZA. ISSN 1851 3115 (en proceso de publicaci\u00f3n).<\/p>\n<p><strong>A\u00f1o 2019<\/strong><br \/><a href=\"https:\/\/drive.google.com\/file\/d\/1d3yLsfRDiPLdIsVTB8cAZhMv2yBkznqk\/view?usp=sharing\">Caram, Mariana; Ceteri, Eliana; Neira, Ver\u00f3nica . (2019). Cultura escolar e inclusi\u00f3n educativa. Sentidos y pr\u00e1cticas. En: Revista Novedades Educativas Nro 342, Junio. Discapacidad | Adolescencias y escuelas. P\u00e1ginas 26-30. ISBN: 03283534<\/a><\/p>\n<p><a href=\"https:\/\/drive.google.com\/file\/d\/1ruyiQkbEbwEQBU9PH19cathwxSOpxZUd\/view?usp=sharing\">Caram, Mariana. (2019). La educaci\u00f3n especial en San Carlos de Bariloche, una aproximaci\u00f3n a su proceso hist\u00f3rico cultural desde el enfoque etnogr\u00e1fico. Actas de VIII Jornadas sobre Etnograf\u00eda y Procesos Educativos en Argentina. 27 y 28 de septiembre de 2018. IDES. CABA. ISSN 2362-5775<\/a><\/p>\n<p>Fern\u00e1ndez, S. (2019). Auxiliares de servicio: el orden y la limpieza como modos de \u201chacer pol\u00edtica\u201d en la escuela. Educaci\u00f3n, Lenguaje y Sociedad, 16(16).<br \/>doi: <a href=\"https:\/\/doi.org\/10.19137\/els-2019-161607\">https:\/\/doi.org\/10.19137\/els-2019-161607<\/a><\/p>\n<p><strong>A\u00f1o 2018<\/strong><br \/>Milstein, D. y Fern\u00e1ndez, S. (2018) \u00bfQui\u00e9nes protegen la educaci\u00f3n de lxs ni\u00f1xs?<br \/>Evidencias y reflexiones sobre el \u201cabandono\u201d del Estado a las escuelas p\u00fablicas. Bordes.<br \/>Revista de Pol\u00edtica, Derecho y Sociedad.<br \/><a href=\"http:\/\/revistabordes.unpaz.edu.ar\/quienes-protegen-la-educacion-de-lxs-ninxs\/\">http:\/\/revistabordes.unpaz.edu.ar\/quienes-protegen-la-educacion-de-lxs-ninxs\/<\/a><\/p>\n<p>[\/et_pb_text][\/et_pb_column][\/et_pb_row][\/et_pb_section][et_pb_section fb_built=\u00bb1&#8243; disabled_on=\u00bbon|on|on\u00bb _builder_version=\u00bb4.4.8&#8243; disabled=\u00bbon\u00bb][et_pb_row column_structure=\u00bb1_3,1_3,1_3&#8243; _builder_version=\u00bb4.4.8&#8243;][et_pb_column type=\u00bb1_3&#8243; _builder_version=\u00bb4.4.8&#8243;][et_pb_blurb title=\u00bbPrograma de Accesibilidad\u00bb url=\u00bbhttps:\/\/drive.google.com\/file\/d\/1s7ZVaAnBzsBD7ifE4aKljrF_RTmzEuD-\/view?usp=sharing\u00bb url_new_window=\u00bbon\u00bb image=\u00bbhttps:\/\/ifdc.edu.ar\/home\/wp-content\/uploads\/2021\/02\/icono-pdf-1-150&#215;150.png\u00bb _builder_version=\u00bb4.4.8&#8243; header_text_align=\u00bbcenter\u00bb header_text_color=\u00bb#1e73be\u00bb custom_padding=\u00bb15px|15px|15px|15px|false|false\u00bb box_shadow_style=\u00bbpreset2&#8243; locked=\u00bboff\u00bb][\/et_pb_blurb][\/et_pb_column][et_pb_column type=\u00bb1_3&#8243; _builder_version=\u00bb4.4.8&#8243;][et_pb_blurb title=\u00bbL\u00edneas de Acci\u00f3n\u00bb url=\u00bbhttps:\/\/drive.google.com\/file\/d\/1js7LARi2VCYYxRSzvq6tVmGo1KFKFmS7\/view?usp=sharing\u00bb url_new_window=\u00bbon\u00bb image=\u00bbhttps:\/\/ifdc.edu.ar\/home\/wp-content\/uploads\/2021\/02\/icono-pdf-1-150&#215;150.png\u00bb _builder_version=\u00bb4.4.8&#8243; header_text_align=\u00bbcenter\u00bb header_text_color=\u00bb#1e73be\u00bb custom_padding=\u00bb15px|15px|15px|15px|false|false\u00bb box_shadow_style=\u00bbpreset2&#8243; locked=\u00bboff\u00bb][\/et_pb_blurb][et_pb_blurb title=\u00bbDispositivos de apoyo\u00bb url=\u00bbhttps:\/\/drive.google.com\/file\/d\/1UlpIIbBuwLT1NHQmCZj9lNRenIaQ_5zV\/view?usp=sharing\u00bb url_new_window=\u00bbon\u00bb image=\u00bbhttps:\/\/ifdc.edu.ar\/home\/wp-content\/uploads\/2021\/02\/icono-pdf-1-150&#215;150.png\u00bb _builder_version=\u00bb4.4.8&#8243; header_text_align=\u00bbcenter\u00bb header_text_color=\u00bb#1e73be\u00bb custom_padding=\u00bb15px|15px|15px|15px|false|false\u00bb box_shadow_style=\u00bbpreset2&#8243; locked=\u00bboff\u00bb][\/et_pb_blurb][et_pb_text _builder_version=\u00bb4.4.8&#8243;][\/et_pb_text][\/et_pb_column][et_pb_column type=\u00bb1_3&#8243; _builder_version=\u00bb4.4.8&#8243;][et_pb_blurb title=\u00bbNormativas\u00bb url=\u00bbhttps:\/\/drive.google.com\/file\/d\/1mSlM-7hHlTLxwDtz_zI5G8y-Vhqg94S3\/view?usp=sharing\u00bb url_new_window=\u00bbon\u00bb image=\u00bbhttps:\/\/ifdc.edu.ar\/home\/wp-content\/uploads\/2021\/02\/icono-pdf-1-150&#215;150.png\u00bb _builder_version=\u00bb4.4.8&#8243; header_text_align=\u00bbcenter\u00bb header_text_color=\u00bb#1e73be\u00bb custom_padding=\u00bb15px|15px|15px|15px|false|false\u00bb box_shadow_style=\u00bbpreset2&#8243; locked=\u00bboff\u00bb][\/et_pb_blurb][\/et_pb_column][\/et_pb_row][\/et_pb_section][et_pb_section fb_built=\u00bb1&#8243; _builder_version=\u00bb4.4.8&#8243; box_shadow_style=\u00bbpreset1&#8243;][et_pb_row _builder_version=\u00bb4.4.8&#8243;][et_pb_column type=\u00bb4_4&#8243; _builder_version=\u00bb4.4.8&#8243;][et_pb_text _builder_version=\u00bb4.4.8&#8243; header_text_align=\u00bbcenter\u00bb header_text_color=\u00bb#17b2ff\u00bb header_2_text_align=\u00bbcenter\u00bb header_2_text_color=\u00bb#17b2ff\u00bb locked=\u00bboff\u00bb]<\/p>\n<h2>Anuncios y novedades<\/h2>\n<p>[\/et_pb_text][\/et_pb_column][\/et_pb_row][et_pb_row disabled_on=\u00bbon|on|on\u00bb _builder_version=\u00bb4.4.8&#8243; disabled=\u00bbon\u00bb locked=\u00bboff\u00bb][et_pb_column type=\u00bb4_4&#8243; _builder_version=\u00bb4.4.8&#8243;][et_pb_blog fullwidth=\u00bboff\u00bb include_categories=\u00bb18&#8243; show_more=\u00bbon\u00bb show_author=\u00bboff\u00bb show_categories=\u00bboff\u00bb use_overlay=\u00bbon\u00bb overlay_icon_color=\u00bb#17b2ff\u00bb _builder_version=\u00bb4.4.8&#8243; header_text_align=\u00bbleft\u00bb header_text_color=\u00bb#1e73be\u00bb meta_text_color=\u00bb#17b2ff\u00bb box_shadow_style=\u00bbpreset1&#8243;][\/et_pb_blog][\/et_pb_column][\/et_pb_row][\/et_pb_section]<\/p>\n","protected":false},"excerpt":{"rendered":"<p>[et_pb_section fb_built=\u00bb1&#8243; _builder_version=\u00bb4.4.8&#8243; background_image=\u00bbhttps:\/\/ifdc.edu.ar\/home\/wp-content\/uploads\/2021\/02\/Gradiente-1.png\u00bb locked=\u00bboff\u00bb][et_pb_row _builder_version=\u00bb4.4.8&#8243;][et_pb_column type=\u00bb4_4&#8243; _builder_version=\u00bb4.4.8&#8243;][et_pb_text _builder_version=\u00bb4.4.8&#8243; header_text_color=\u00bb#f9f9f9&#8243;] Programa de Etnograf\u00eda y Educaci\u00f3n [\/et_pb_text][\/et_pb_column][\/et_pb_row][\/et_pb_section][et_pb_section fb_built=\u00bb1&#8243; _builder_version=\u00bb4.4.8&#8243;][et_pb_row _builder_version=\u00bb4.4.8&#8243;][et_pb_column type=\u00bb4_4&#8243; _builder_version=\u00bb4.4.8&#8243;][et_pb_image src=\u00bbhttps:\/\/ifdc.edu.ar\/home\/wp-content\/uploads\/2021\/06\/programa-etno.jpg\u00bb title_text=\u00bbprograma etno\u00bb _builder_version=\u00bb4.4.8&#8243; width=\u00bb57%\u00bb module_alignment=\u00bbcenter\u00bb][\/et_pb_image][\/et_pb_column][\/et_pb_row][et_pb_row _builder_version=\u00bb4.4.8&#8243;][et_pb_column type=\u00bb4_4&#8243; _builder_version=\u00bb4.4.8&#8243;][et_pb_text [&hellip;]<\/p>\n","protected":false},"author":3,"featured_media":0,"parent":0,"menu_order":0,"comment_status":"closed","ping_status":"closed","template":"","meta":{"_et_pb_use_builder":"on","_et_pb_old_content":"","_et_gb_content_width":"","footnotes":""},"class_list":["post-5815","page","type-page","status-publish","hentry"],"yoast_head":"<!-- This site is optimized with the Yoast SEO plugin v26.9 - https:\/\/yoast.com\/product\/yoast-seo-wordpress\/ -->\n<title>Programa de Etnograf\u00eda y Educaci\u00f3n - IFDC Bariloche<\/title>\n<meta name=\"robots\" content=\"index, follow, max-snippet:-1, max-image-preview:large, max-video-preview:-1\" \/>\n<link rel=\"canonical\" href=\"https:\/\/ifdc.edu.ar\/home\/5815-2\/\" \/>\n<meta property=\"og:locale\" content=\"es_ES\" \/>\n<meta property=\"og:type\" content=\"article\" \/>\n<meta property=\"og:title\" content=\"Programa de Etnograf\u00eda y Educaci\u00f3n - IFDC Bariloche\" \/>\n<meta property=\"og:description\" content=\"[et_pb_section fb_built=\u00bb1&#8243; _builder_version=\u00bb4.4.8&#8243; background_image=\u00bbhttps:\/\/ifdc.edu.ar\/home\/wp-content\/uploads\/2021\/02\/Gradiente-1.png\u00bb locked=\u00bboff\u00bb][et_pb_row _builder_version=\u00bb4.4.8&#8243;][et_pb_column type=\u00bb4_4&#8243; _builder_version=\u00bb4.4.8&#8243;][et_pb_text _builder_version=\u00bb4.4.8&#8243; header_text_color=\u00bb#f9f9f9&#8243;] Programa de Etnograf\u00eda y Educaci\u00f3n [\/et_pb_text][\/et_pb_column][\/et_pb_row][\/et_pb_section][et_pb_section fb_built=\u00bb1&#8243; _builder_version=\u00bb4.4.8&#8243;][et_pb_row _builder_version=\u00bb4.4.8&#8243;][et_pb_column type=\u00bb4_4&#8243; _builder_version=\u00bb4.4.8&#8243;][et_pb_image src=\u00bbhttps:\/\/ifdc.edu.ar\/home\/wp-content\/uploads\/2021\/06\/programa-etno.jpg\u00bb title_text=\u00bbprograma etno\u00bb _builder_version=\u00bb4.4.8&#8243; width=\u00bb57%\u00bb module_alignment=\u00bbcenter\u00bb][\/et_pb_image][\/et_pb_column][\/et_pb_row][et_pb_row _builder_version=\u00bb4.4.8&#8243;][et_pb_column type=\u00bb4_4&#8243; _builder_version=\u00bb4.4.8&#8243;][et_pb_text [&hellip;]\" \/>\n<meta property=\"og:url\" content=\"https:\/\/ifdc.edu.ar\/home\/5815-2\/\" \/>\n<meta property=\"og:site_name\" content=\"IFDC Bariloche\" \/>\n<meta property=\"article:modified_time\" content=\"2021-09-22T18:45:19+00:00\" \/>\n<meta name=\"twitter:card\" content=\"summary_large_image\" \/>\n<meta name=\"twitter:label1\" content=\"Tiempo de lectura\" \/>\n\t<meta name=\"twitter:data1\" content=\"7 minutos\" \/>\n<script type=\"application\/ld+json\" class=\"yoast-schema-graph\">{\"@context\":\"https:\/\/schema.org\",\"@graph\":[{\"@type\":\"WebPage\",\"@id\":\"https:\/\/ifdc.edu.ar\/home\/5815-2\/\",\"url\":\"https:\/\/ifdc.edu.ar\/home\/5815-2\/\",\"name\":\"Programa de Etnograf\u00eda y Educaci\u00f3n - IFDC Bariloche\",\"isPartOf\":{\"@id\":\"https:\/\/ifdc.edu.ar\/home\/#website\"},\"datePublished\":\"2021-06-15T17:41:46+00:00\",\"dateModified\":\"2021-09-22T18:45:19+00:00\",\"breadcrumb\":{\"@id\":\"https:\/\/ifdc.edu.ar\/home\/5815-2\/#breadcrumb\"},\"inLanguage\":\"es\",\"potentialAction\":[{\"@type\":\"ReadAction\",\"target\":[\"https:\/\/ifdc.edu.ar\/home\/5815-2\/\"]}]},{\"@type\":\"BreadcrumbList\",\"@id\":\"https:\/\/ifdc.edu.ar\/home\/5815-2\/#breadcrumb\",\"itemListElement\":[{\"@type\":\"ListItem\",\"position\":1,\"name\":\"Portada\",\"item\":\"https:\/\/ifdc.edu.ar\/home\/\"},{\"@type\":\"ListItem\",\"position\":2,\"name\":\"Programa de Etnograf\u00eda y Educaci\u00f3n\"}]},{\"@type\":\"WebSite\",\"@id\":\"https:\/\/ifdc.edu.ar\/home\/#website\",\"url\":\"https:\/\/ifdc.edu.ar\/home\/\",\"name\":\"IFDC Bariloche\",\"description\":\"IFDC Bariloche\",\"potentialAction\":[{\"@type\":\"SearchAction\",\"target\":{\"@type\":\"EntryPoint\",\"urlTemplate\":\"https:\/\/ifdc.edu.ar\/home\/?s={search_term_string}\"},\"query-input\":{\"@type\":\"PropertyValueSpecification\",\"valueRequired\":true,\"valueName\":\"search_term_string\"}}],\"inLanguage\":\"es\"}]}<\/script>\n<!-- \/ Yoast SEO plugin. -->","yoast_head_json":{"title":"Programa de Etnograf\u00eda y Educaci\u00f3n - IFDC Bariloche","robots":{"index":"index","follow":"follow","max-snippet":"max-snippet:-1","max-image-preview":"max-image-preview:large","max-video-preview":"max-video-preview:-1"},"canonical":"https:\/\/ifdc.edu.ar\/home\/5815-2\/","og_locale":"es_ES","og_type":"article","og_title":"Programa de Etnograf\u00eda y Educaci\u00f3n - IFDC Bariloche","og_description":"[et_pb_section fb_built=\u00bb1&#8243; _builder_version=\u00bb4.4.8&#8243; background_image=\u00bbhttps:\/\/ifdc.edu.ar\/home\/wp-content\/uploads\/2021\/02\/Gradiente-1.png\u00bb locked=\u00bboff\u00bb][et_pb_row _builder_version=\u00bb4.4.8&#8243;][et_pb_column type=\u00bb4_4&#8243; _builder_version=\u00bb4.4.8&#8243;][et_pb_text _builder_version=\u00bb4.4.8&#8243; header_text_color=\u00bb#f9f9f9&#8243;] Programa de Etnograf\u00eda y Educaci\u00f3n [\/et_pb_text][\/et_pb_column][\/et_pb_row][\/et_pb_section][et_pb_section fb_built=\u00bb1&#8243; _builder_version=\u00bb4.4.8&#8243;][et_pb_row _builder_version=\u00bb4.4.8&#8243;][et_pb_column type=\u00bb4_4&#8243; _builder_version=\u00bb4.4.8&#8243;][et_pb_image src=\u00bbhttps:\/\/ifdc.edu.ar\/home\/wp-content\/uploads\/2021\/06\/programa-etno.jpg\u00bb title_text=\u00bbprograma etno\u00bb _builder_version=\u00bb4.4.8&#8243; width=\u00bb57%\u00bb module_alignment=\u00bbcenter\u00bb][\/et_pb_image][\/et_pb_column][\/et_pb_row][et_pb_row _builder_version=\u00bb4.4.8&#8243;][et_pb_column type=\u00bb4_4&#8243; _builder_version=\u00bb4.4.8&#8243;][et_pb_text [&hellip;]","og_url":"https:\/\/ifdc.edu.ar\/home\/5815-2\/","og_site_name":"IFDC Bariloche","article_modified_time":"2021-09-22T18:45:19+00:00","twitter_card":"summary_large_image","twitter_misc":{"Tiempo de lectura":"7 minutos"},"schema":{"@context":"https:\/\/schema.org","@graph":[{"@type":"WebPage","@id":"https:\/\/ifdc.edu.ar\/home\/5815-2\/","url":"https:\/\/ifdc.edu.ar\/home\/5815-2\/","name":"Programa de Etnograf\u00eda y Educaci\u00f3n - IFDC Bariloche","isPartOf":{"@id":"https:\/\/ifdc.edu.ar\/home\/#website"},"datePublished":"2021-06-15T17:41:46+00:00","dateModified":"2021-09-22T18:45:19+00:00","breadcrumb":{"@id":"https:\/\/ifdc.edu.ar\/home\/5815-2\/#breadcrumb"},"inLanguage":"es","potentialAction":[{"@type":"ReadAction","target":["https:\/\/ifdc.edu.ar\/home\/5815-2\/"]}]},{"@type":"BreadcrumbList","@id":"https:\/\/ifdc.edu.ar\/home\/5815-2\/#breadcrumb","itemListElement":[{"@type":"ListItem","position":1,"name":"Portada","item":"https:\/\/ifdc.edu.ar\/home\/"},{"@type":"ListItem","position":2,"name":"Programa de Etnograf\u00eda y Educaci\u00f3n"}]},{"@type":"WebSite","@id":"https:\/\/ifdc.edu.ar\/home\/#website","url":"https:\/\/ifdc.edu.ar\/home\/","name":"IFDC Bariloche","description":"IFDC Bariloche","potentialAction":[{"@type":"SearchAction","target":{"@type":"EntryPoint","urlTemplate":"https:\/\/ifdc.edu.ar\/home\/?s={search_term_string}"},"query-input":{"@type":"PropertyValueSpecification","valueRequired":true,"valueName":"search_term_string"}}],"inLanguage":"es"}]}},"_links":{"self":[{"href":"https:\/\/ifdc.edu.ar\/home\/wp-json\/wp\/v2\/pages\/5815","targetHints":{"allow":["GET"]}}],"collection":[{"href":"https:\/\/ifdc.edu.ar\/home\/wp-json\/wp\/v2\/pages"}],"about":[{"href":"https:\/\/ifdc.edu.ar\/home\/wp-json\/wp\/v2\/types\/page"}],"author":[{"embeddable":true,"href":"https:\/\/ifdc.edu.ar\/home\/wp-json\/wp\/v2\/users\/3"}],"replies":[{"embeddable":true,"href":"https:\/\/ifdc.edu.ar\/home\/wp-json\/wp\/v2\/comments?post=5815"}],"version-history":[{"count":12,"href":"https:\/\/ifdc.edu.ar\/home\/wp-json\/wp\/v2\/pages\/5815\/revisions"}],"predecessor-version":[{"id":6034,"href":"https:\/\/ifdc.edu.ar\/home\/wp-json\/wp\/v2\/pages\/5815\/revisions\/6034"}],"wp:attachment":[{"href":"https:\/\/ifdc.edu.ar\/home\/wp-json\/wp\/v2\/media?parent=5815"}],"curies":[{"name":"wp","href":"https:\/\/api.w.org\/{rel}","templated":true}]}}