{"id":6263,"date":"2022-02-11T14:38:38","date_gmt":"2022-02-11T14:38:38","guid":{"rendered":"https:\/\/ifdc.edu.ar\/home\/?page_id=6263"},"modified":"2026-03-02T12:58:00","modified_gmt":"2026-03-02T12:58:00","slug":"6263-2","status":"publish","type":"page","link":"https:\/\/ifdc.edu.ar\/home\/6263-2\/","title":{"rendered":"Ingresantes 2025"},"content":{"rendered":"<p>[et_pb_section fb_built=\u00bb1&#8243; _builder_version=\u00bb4.4.8&#8243; background_color=\u00bb#635982&#8243; background_enable_image=\u00bboff\u00bb locked=\u00bboff\u00bb][et_pb_row _builder_version=\u00bb4.4.8&#8243;][et_pb_column type=\u00bb4_4&#8243; _builder_version=\u00bb4.4.8&#8243;][et_pb_text _builder_version=\u00bb4.4.8&#8243; header_text_align=\u00bbcenter\u00bb header_text_color=\u00bb#ffffff\u00bb]<\/p>\n<h1>Ingresantes 2026<\/h1>\n<p>&nbsp;<\/p>\n<p>[\/et_pb_text][\/et_pb_column][\/et_pb_row][\/et_pb_section][et_pb_section fb_built=\u00bb1&#8243; _builder_version=\u00bb4.4.8&#8243;][et_pb_row _builder_version=\u00bb4.4.8&#8243;][et_pb_column type=\u00bb4_4&#8243; _builder_version=\u00bb4.4.8&#8243;][et_pb_text _builder_version=\u00bb4.4.8&#8243;]<\/p>\n<h1>Trayecto de Inicio Ciclo Lectivo 2026<\/h1>\n<p>[\/et_pb_text][\/et_pb_column][\/et_pb_row][et_pb_row _builder_version=\u00bb4.4.8&#8243; custom_padding=\u00bb11px||11px|||\u00bb][et_pb_column type=\u00bb4_4&#8243; _builder_version=\u00bb4.4.8&#8243;][et_pb_text _builder_version=\u00bb4.4.8&#8243;][\/et_pb_text][\/et_pb_column][\/et_pb_row][et_pb_row _builder_version=\u00bb4.4.8&#8243;][et_pb_column type=\u00bb4_4&#8243; _builder_version=\u00bb4.4.8&#8243;][et_pb_text _builder_version=\u00bb4.4.8&#8243; hover_enabled=\u00bb0&#8243;]\u00a1Les damos la bienvenida a la Formaci\u00f3n Docente!<\/p>\n<p>El Trayecto de Inicio del ciclo lectivo 2026 est\u00e1 dirigido a estudiantes ingresantes al IFDC Bariloche.<\/p>\n<p>Tiene una duraci\u00f3n de dos semanas. Es muy recomendable participar de las actividades en estos primeros momentos de ingreso a la instituci\u00f3n y a la formaci\u00f3n.<\/p>\n<p><strong>La primera semana<\/strong> se dearrolla del Mi\u00e9rcoles 4 al Viernes 6 de Marzo en las siguientes franjas horarias:<\/p>\n<div>-Turno Ma\u00f1ana: Profesorado de Educaci\u00f3n Primaria y Profesorado de Educaci\u00f3n Secundaria en Filosof\u00eda de\u00a0 9h. a 12h<\/div>\n<div>-Turno Tarde: Profesorado de Educaci\u00f3n Inicial y Profesorado de Educaci\u00f3n Especial con Orientaci\u00f3n en Discapacidad Intelectual de 17h a 20h<\/div>\n<div><\/div>\n<div><\/div>\n<p><\/p>\n<div><strong>La<\/strong><span><strong>\u00a0segunda semana<\/strong> se desarrolla del Lunes 9 al Viernes 13 de Marzo.<\/span>\u00a0Se divide seg\u00fan franja horaria de cada profesorado:<\/div>\n<div>-Profesorado de Educaci\u00f3n Primaria de\u00a0 9h. a 12h<\/div>\n<div>\n<div>-Profesorado de Educaci\u00f3n Secundaria en Filosof\u00eda de 9h a 12h<\/div>\n<\/div>\n<div>-Profesorado de Educaci\u00f3n Inicial de 14h a 17h<\/div>\n<div>-Profesorado de Educaci\u00f3n Especial con Orientaci\u00f3n en Discapacidad Intelectual 17h a 20h<\/div>\n<div><\/div>\n<div><\/div>\n<div><\/div>\n<div><\/div>\n<div><\/div>\n<div><\/div>\n<div><\/div>\n<div><\/div>\n<p>[\/et_pb_text][\/et_pb_column][\/et_pb_row][et_pb_row _builder_version=\u00bb4.4.8&#8243;][et_pb_column type=\u00bb4_4&#8243; _builder_version=\u00bb4.4.8&#8243;][et_pb_button button_url=\u00bbhttps:\/\/docs.google.com\/forms\/d\/e\/1FAIpQLSfimSw7ZX1IK3Ik0SxqwnH21lVLEPmafzoRVGlbNCbeBeQ5PA\/viewform\u00bb button_text=\u00bbINSCRIPCI\u00d3N AL TRAYECTO DE INTRODUCCI\u00d3N A LA EDUCACI\u00d3N SUPERIOR\u00bb button_alignment=\u00bbcenter\u00bb disabled_on=\u00bbon|on|on\u00bb _builder_version=\u00bb4.4.8&#8243; disabled=\u00bbon\u00bb][\/et_pb_button][\/et_pb_column][\/et_pb_row][et_pb_row _builder_version=\u00bb4.4.8&#8243; height=\u00bb300px\u00bb locked=\u00bboff\u00bb][et_pb_column type=\u00bb4_4&#8243; _builder_version=\u00bb4.4.8&#8243;][et_pb_blurb title=\u00bbGu\u00eda del Ingresante\u00bb url=\u00bbhttps:\/\/docs.google.com\/document\/d\/1zW1EEYfOs_glmTfLywM4g-cTA6yxiajK\/edit?rtpof=true&#038;sd=true\u00bb use_icon=\u00bbon\u00bb font_icon=\u00bb%%72%%\u00bb icon_color=\u00bb#f9f9f9&#8243; use_circle=\u00bbon\u00bb circle_color=\u00bb#17b2ff\u00bb use_icon_font_size=\u00bbon\u00bb icon_font_size=\u00bb80px\u00bb disabled_on=\u00bboff|off|off\u00bb _builder_version=\u00bb4.4.8&#8243; header_text_align=\u00bbcenter\u00bb custom_padding=\u00bb25px|15px|26px|15px|false|false\u00bb box_shadow_style=\u00bbpreset1&#8243; locked=\u00bboff\u00bb][\/et_pb_blurb][\/et_pb_column][\/et_pb_row][et_pb_row _builder_version=\u00bb4.4.8&#8243;][et_pb_column type=\u00bb4_4&#8243; _builder_version=\u00bb4.4.8&#8243;][et_pb_divider show_divider=\u00bboff\u00bb _builder_version=\u00bb4.4.8&#8243;][\/et_pb_divider][\/et_pb_column][\/et_pb_row][et_pb_row disabled_on=\u00bbon|on|on\u00bb _builder_version=\u00bb4.4.8&#8243; disabled=\u00bbon\u00bb][et_pb_column type=\u00bb4_4&#8243; _builder_version=\u00bb4.4.8&#8243;][et_pb_text _builder_version=\u00bb4.4.8&#8243; text_text_color=\u00bb#0c71c3&#8243;]<\/p>\n<h1 style=\"text-align: center;\"><strong>Gu\u00eda del Ingresante<\/strong><\/h1>\n<p>[\/et_pb_text][\/et_pb_column][\/et_pb_row][et_pb_row disabled_on=\u00bbon|on|on\u00bb _builder_version=\u00bb4.4.8&#8243; disabled=\u00bbon\u00bb][et_pb_column type=\u00bb4_4&#8243; _builder_version=\u00bb4.4.8&#8243;][et_pb_code _builder_version=\u00bb4.4.8&#8243;]<iframe<!-- [et_pb_line_break_holder] -->  id=\u00bbinlineFrameExample\u00bb<!-- [et_pb_line_break_holder] -->  title=\u00bbInline Frame Example\u00bb<!-- [et_pb_line_break_holder] -->  width=\u00bb100%\u00bb<!-- [et_pb_line_break_holder] -->  height=\u00bb600&#8243;<!-- [et_pb_line_break_holder] -->  src=\u00bbhttps:\/\/docs.google.com\/document\/d\/1zW1EEYfOs_glmTfLywM4g-cTA6yxiajK\/edit?rtpof=true&#038;sd=true\u00bb><!-- [et_pb_line_break_holder] --><\/iframe><!-- [et_pb_line_break_holder] -->[\/et_pb_code][\/et_pb_column][\/et_pb_row][\/et_pb_section][et_pb_section fb_built=\u00bb1&#8243; _builder_version=\u00bb4.4.8&#8243; custom_padding=\u00bb54px|||||\u00bb box_shadow_style=\u00bbpreset1&#8243;][et_pb_row disabled_on=\u00bbon|on|on\u00bb _builder_version=\u00bb4.4.8&#8243; disabled=\u00bbon\u00bb][et_pb_column type=\u00bb4_4&#8243; _builder_version=\u00bb4.4.8&#8243;][et_pb_text _builder_version=\u00bb4.4.8&#8243; text_text_color=\u00bb#0c71c3&#8243; header_text_color=\u00bb#0c71c3&#8243; header_2_text_align=\u00bbcenter\u00bb header_2_text_color=\u00bb#0c71c3&#8243; header_2_font_size=\u00bb32px\u00bb locked=\u00bboff\u00bb]<\/p>\n<h2><strong>Preguntas frecuentes<\/strong><\/h2>\n<p>[\/et_pb_text][\/et_pb_column][\/et_pb_row][et_pb_row column_structure=\u00bb1_2,1_2&#8243; disabled_on=\u00bbon|on|on\u00bb _builder_version=\u00bb4.4.8&#8243; disabled=\u00bbon\u00bb locked=\u00bboff\u00bb][et_pb_column type=\u00bb1_2&#8243; _builder_version=\u00bb4.4.8&#8243;][et_pb_blurb title=\u00bbPreguntas frecuentes para ingresantes \u00bb url=\u00bbhttps:\/\/ifdc.edu.ar\/home\/4074-2\/\u00bb use_icon=\u00bbon\u00bb font_icon=\u00bb%%83%%\u00bb icon_color=\u00bb#f9f9f9&#8243; use_circle=\u00bbon\u00bb circle_color=\u00bb#17b2ff\u00bb _builder_version=\u00bb4.4.8&#8243; header_text_align=\u00bbcenter\u00bb custom_padding=\u00bb15px|15px|15px|15px|false|false\u00bb box_shadow_style=\u00bbpreset1&#8243;][\/et_pb_blurb][\/et_pb_column][et_pb_column type=\u00bb1_2&#8243; _builder_version=\u00bb4.4.8&#8243;][et_pb_blurb title=\u00bbPreguntas frecuentes para estudiantes\u00bb url=\u00bbhttps:\/\/ifdc.edu.ar\/home\/4209-2\/\u00bb use_icon=\u00bbon\u00bb font_icon=\u00bb%%83%%\u00bb icon_color=\u00bb#f9f9f9&#8243; use_circle=\u00bbon\u00bb circle_color=\u00bb#17b2ff\u00bb _builder_version=\u00bb4.4.8&#8243; header_text_align=\u00bbcenter\u00bb custom_padding=\u00bb15px|15px|15px|15px|false|false\u00bb box_shadow_style=\u00bbpreset1&#8243;][\/et_pb_blurb][\/et_pb_column][\/et_pb_row][\/et_pb_section]<\/p>\n","protected":false},"excerpt":{"rendered":"<p>[et_pb_section fb_built=\u00bb1&#8243; _builder_version=\u00bb4.4.8&#8243; background_color=\u00bb#635982&#8243; background_enable_image=\u00bboff\u00bb locked=\u00bboff\u00bb][et_pb_row _builder_version=\u00bb4.4.8&#8243;][et_pb_column type=\u00bb4_4&#8243; _builder_version=\u00bb4.4.8&#8243;][et_pb_text _builder_version=\u00bb4.4.8&#8243; header_text_align=\u00bbcenter\u00bb header_text_color=\u00bb#ffffff\u00bb] Ingresantes 2026 &nbsp; [\/et_pb_text][\/et_pb_column][\/et_pb_row][\/et_pb_section][et_pb_section fb_built=\u00bb1&#8243; _builder_version=\u00bb4.4.8&#8243;][et_pb_row _builder_version=\u00bb4.4.8&#8243;][et_pb_column type=\u00bb4_4&#8243; _builder_version=\u00bb4.4.8&#8243;][et_pb_text _builder_version=\u00bb4.4.8&#8243;] Trayecto de Inicio Ciclo Lectivo 2026 [\/et_pb_text][\/et_pb_column][\/et_pb_row][et_pb_row _builder_version=\u00bb4.4.8&#8243; [&hellip;]<\/p>\n","protected":false},"author":3,"featured_media":0,"parent":0,"menu_order":0,"comment_status":"closed","ping_status":"closed","template":"","meta":{"_et_pb_use_builder":"on","_et_pb_old_content":"","_et_gb_content_width":"","footnotes":""},"class_list":["post-6263","page","type-page","status-publish","hentry"],"yoast_head":"<!-- This site is optimized with the Yoast SEO plugin v26.9 - https:\/\/yoast.com\/product\/yoast-seo-wordpress\/ -->\n<title>Ingresantes 2025 - IFDC Bariloche<\/title>\n<meta name=\"robots\" content=\"index, follow, max-snippet:-1, max-image-preview:large, max-video-preview:-1\" \/>\n<link rel=\"canonical\" href=\"https:\/\/ifdc.edu.ar\/home\/6263-2\/\" \/>\n<meta property=\"og:locale\" content=\"es_ES\" \/>\n<meta property=\"og:type\" content=\"article\" \/>\n<meta property=\"og:title\" content=\"Ingresantes 2025 - IFDC Bariloche\" \/>\n<meta property=\"og:description\" content=\"[et_pb_section fb_built=\u00bb1&#8243; _builder_version=\u00bb4.4.8&#8243; background_color=\u00bb#635982&#8243; background_enable_image=\u00bboff\u00bb locked=\u00bboff\u00bb][et_pb_row _builder_version=\u00bb4.4.8&#8243;][et_pb_column type=\u00bb4_4&#8243; _builder_version=\u00bb4.4.8&#8243;][et_pb_text _builder_version=\u00bb4.4.8&#8243; header_text_align=\u00bbcenter\u00bb header_text_color=\u00bb#ffffff\u00bb] Ingresantes 2026 &nbsp; [\/et_pb_text][\/et_pb_column][\/et_pb_row][\/et_pb_section][et_pb_section fb_built=\u00bb1&#8243; _builder_version=\u00bb4.4.8&#8243;][et_pb_row _builder_version=\u00bb4.4.8&#8243;][et_pb_column type=\u00bb4_4&#8243; _builder_version=\u00bb4.4.8&#8243;][et_pb_text _builder_version=\u00bb4.4.8&#8243;] Trayecto de Inicio Ciclo Lectivo 2026 [\/et_pb_text][\/et_pb_column][\/et_pb_row][et_pb_row _builder_version=\u00bb4.4.8&#8243; [&hellip;]\" \/>\n<meta property=\"og:url\" content=\"https:\/\/ifdc.edu.ar\/home\/6263-2\/\" \/>\n<meta property=\"og:site_name\" content=\"IFDC Bariloche\" \/>\n<meta property=\"article:modified_time\" content=\"2026-03-02T12:58:00+00:00\" \/>\n<meta name=\"twitter:card\" content=\"summary_large_image\" \/>\n<meta name=\"twitter:label1\" content=\"Tiempo de lectura\" \/>\n\t<meta name=\"twitter:data1\" content=\"4 minutos\" \/>\n<script type=\"application\/ld+json\" class=\"yoast-schema-graph\">{\"@context\":\"https:\/\/schema.org\",\"@graph\":[{\"@type\":\"WebPage\",\"@id\":\"https:\/\/ifdc.edu.ar\/home\/6263-2\/\",\"url\":\"https:\/\/ifdc.edu.ar\/home\/6263-2\/\",\"name\":\"Ingresantes 2025 - IFDC Bariloche\",\"isPartOf\":{\"@id\":\"https:\/\/ifdc.edu.ar\/home\/#website\"},\"datePublished\":\"2022-02-11T14:38:38+00:00\",\"dateModified\":\"2026-03-02T12:58:00+00:00\",\"breadcrumb\":{\"@id\":\"https:\/\/ifdc.edu.ar\/home\/6263-2\/#breadcrumb\"},\"inLanguage\":\"es\",\"potentialAction\":[{\"@type\":\"ReadAction\",\"target\":[\"https:\/\/ifdc.edu.ar\/home\/6263-2\/\"]}]},{\"@type\":\"BreadcrumbList\",\"@id\":\"https:\/\/ifdc.edu.ar\/home\/6263-2\/#breadcrumb\",\"itemListElement\":[{\"@type\":\"ListItem\",\"position\":1,\"name\":\"Portada\",\"item\":\"https:\/\/ifdc.edu.ar\/home\/\"},{\"@type\":\"ListItem\",\"position\":2,\"name\":\"Ingresantes 2025\"}]},{\"@type\":\"WebSite\",\"@id\":\"https:\/\/ifdc.edu.ar\/home\/#website\",\"url\":\"https:\/\/ifdc.edu.ar\/home\/\",\"name\":\"IFDC Bariloche\",\"description\":\"IFDC Bariloche\",\"potentialAction\":[{\"@type\":\"SearchAction\",\"target\":{\"@type\":\"EntryPoint\",\"urlTemplate\":\"https:\/\/ifdc.edu.ar\/home\/?s={search_term_string}\"},\"query-input\":{\"@type\":\"PropertyValueSpecification\",\"valueRequired\":true,\"valueName\":\"search_term_string\"}}],\"inLanguage\":\"es\"}]}<\/script>\n<!-- \/ Yoast SEO plugin. -->","yoast_head_json":{"title":"Ingresantes 2025 - IFDC Bariloche","robots":{"index":"index","follow":"follow","max-snippet":"max-snippet:-1","max-image-preview":"max-image-preview:large","max-video-preview":"max-video-preview:-1"},"canonical":"https:\/\/ifdc.edu.ar\/home\/6263-2\/","og_locale":"es_ES","og_type":"article","og_title":"Ingresantes 2025 - IFDC Bariloche","og_description":"[et_pb_section fb_built=\u00bb1&#8243; _builder_version=\u00bb4.4.8&#8243; background_color=\u00bb#635982&#8243; background_enable_image=\u00bboff\u00bb locked=\u00bboff\u00bb][et_pb_row _builder_version=\u00bb4.4.8&#8243;][et_pb_column type=\u00bb4_4&#8243; _builder_version=\u00bb4.4.8&#8243;][et_pb_text _builder_version=\u00bb4.4.8&#8243; header_text_align=\u00bbcenter\u00bb header_text_color=\u00bb#ffffff\u00bb] Ingresantes 2026 &nbsp; [\/et_pb_text][\/et_pb_column][\/et_pb_row][\/et_pb_section][et_pb_section fb_built=\u00bb1&#8243; _builder_version=\u00bb4.4.8&#8243;][et_pb_row _builder_version=\u00bb4.4.8&#8243;][et_pb_column type=\u00bb4_4&#8243; _builder_version=\u00bb4.4.8&#8243;][et_pb_text _builder_version=\u00bb4.4.8&#8243;] Trayecto de Inicio Ciclo Lectivo 2026 [\/et_pb_text][\/et_pb_column][\/et_pb_row][et_pb_row _builder_version=\u00bb4.4.8&#8243; [&hellip;]","og_url":"https:\/\/ifdc.edu.ar\/home\/6263-2\/","og_site_name":"IFDC Bariloche","article_modified_time":"2026-03-02T12:58:00+00:00","twitter_card":"summary_large_image","twitter_misc":{"Tiempo de lectura":"4 minutos"},"schema":{"@context":"https:\/\/schema.org","@graph":[{"@type":"WebPage","@id":"https:\/\/ifdc.edu.ar\/home\/6263-2\/","url":"https:\/\/ifdc.edu.ar\/home\/6263-2\/","name":"Ingresantes 2025 - IFDC Bariloche","isPartOf":{"@id":"https:\/\/ifdc.edu.ar\/home\/#website"},"datePublished":"2022-02-11T14:38:38+00:00","dateModified":"2026-03-02T12:58:00+00:00","breadcrumb":{"@id":"https:\/\/ifdc.edu.ar\/home\/6263-2\/#breadcrumb"},"inLanguage":"es","potentialAction":[{"@type":"ReadAction","target":["https:\/\/ifdc.edu.ar\/home\/6263-2\/"]}]},{"@type":"BreadcrumbList","@id":"https:\/\/ifdc.edu.ar\/home\/6263-2\/#breadcrumb","itemListElement":[{"@type":"ListItem","position":1,"name":"Portada","item":"https:\/\/ifdc.edu.ar\/home\/"},{"@type":"ListItem","position":2,"name":"Ingresantes 2025"}]},{"@type":"WebSite","@id":"https:\/\/ifdc.edu.ar\/home\/#website","url":"https:\/\/ifdc.edu.ar\/home\/","name":"IFDC Bariloche","description":"IFDC Bariloche","potentialAction":[{"@type":"SearchAction","target":{"@type":"EntryPoint","urlTemplate":"https:\/\/ifdc.edu.ar\/home\/?s={search_term_string}"},"query-input":{"@type":"PropertyValueSpecification","valueRequired":true,"valueName":"search_term_string"}}],"inLanguage":"es"}]}},"_links":{"self":[{"href":"https:\/\/ifdc.edu.ar\/home\/wp-json\/wp\/v2\/pages\/6263","targetHints":{"allow":["GET"]}}],"collection":[{"href":"https:\/\/ifdc.edu.ar\/home\/wp-json\/wp\/v2\/pages"}],"about":[{"href":"https:\/\/ifdc.edu.ar\/home\/wp-json\/wp\/v2\/types\/page"}],"author":[{"embeddable":true,"href":"https:\/\/ifdc.edu.ar\/home\/wp-json\/wp\/v2\/users\/3"}],"replies":[{"embeddable":true,"href":"https:\/\/ifdc.edu.ar\/home\/wp-json\/wp\/v2\/comments?post=6263"}],"version-history":[{"count":53,"href":"https:\/\/ifdc.edu.ar\/home\/wp-json\/wp\/v2\/pages\/6263\/revisions"}],"predecessor-version":[{"id":10131,"href":"https:\/\/ifdc.edu.ar\/home\/wp-json\/wp\/v2\/pages\/6263\/revisions\/10131"}],"wp:attachment":[{"href":"https:\/\/ifdc.edu.ar\/home\/wp-json\/wp\/v2\/media?parent=6263"}],"curies":[{"name":"wp","href":"https:\/\/api.w.org\/{rel}","templated":true}]}}