{"id":7233,"date":"2022-10-03T16:54:27","date_gmt":"2022-10-03T16:54:27","guid":{"rendered":"https:\/\/ifdc.edu.ar\/home\/?page_id=7233"},"modified":"2023-12-14T14:25:33","modified_gmt":"2023-12-14T14:25:33","slug":"tramas","status":"publish","type":"page","link":"https:\/\/ifdc.edu.ar\/home\/tramas\/","title":{"rendered":"Tramas"},"content":{"rendered":"<p>[et_pb_section fb_built=\u00bb1&#8243; _builder_version=\u00bb4.4.8&#8243; background_image=\u00bbhttps:\/\/ifdc.edu.ar\/home\/wp-content\/uploads\/2021\/02\/Gradiente-1.png\u00bb locked=\u00bboff\u00bb][et_pb_row _builder_version=\u00bb4.4.8&#8243;][et_pb_column type=\u00bb4_4&#8243; _builder_version=\u00bb4.4.8&#8243;][et_pb_text _builder_version=\u00bb4.4.8&#8243; header_text_color=\u00bb#f9f9f9&#8243;]<\/p>\n<header class=\"entry-header\">\n<h1 class=\"entry-title\" itemprop=\"headline\" style=\"text-align: center;\"><strong>Tramas de la formaci\u00f3n docente<\/strong><\/h1>\n<h1 class=\"entry-title\" itemprop=\"headline\" style=\"text-align: center;\"><strong>Miradas desde el sur<\/strong><strong style=\"font-size: 30px;\">\u00a0<\/strong><\/h1>\n<\/header>\n<p>[\/et_pb_text][\/et_pb_column][\/et_pb_row][\/et_pb_section][et_pb_section fb_built=\u00bb1&#8243; _builder_version=\u00bb4.4.8&#8243;][et_pb_row _builder_version=\u00bb4.4.8&#8243;][et_pb_column type=\u00bb4_4&#8243; _builder_version=\u00bb4.4.8&#8243;][et_pb_image src=\u00bbhttps:\/\/ifdc.edu.ar\/home\/wp-content\/uploads\/2022\/10\/logos_vectorizado.png\u00bb title_text=\u00bblogos_vectorizado\u00bb _builder_version=\u00bb4.4.8&#8243; width=\u00bb33%\u00bb module_alignment=\u00bbcenter\u00bb][\/et_pb_image][\/et_pb_column][\/et_pb_row][et_pb_row column_structure=\u00bb1_2,1_2&#8243; _builder_version=\u00bb4.4.8&#8243; custom_margin=\u00bb||||false|false\u00bb custom_padding=\u00bb30px|30px|30px|30px|false|false\u00bb box_shadow_style=\u00bbpreset1&#8243;][et_pb_column type=\u00bb1_2&#8243; _builder_version=\u00bb4.4.8&#8243;][et_pb_image src=\u00bbhttps:\/\/ifdc.edu.ar\/home\/wp-content\/uploads\/2023\/05\/tramas-mini.jpg\u00bb title_text=\u00bbtramas-mini\u00bb _builder_version=\u00bb4.4.8&#8243; box_shadow_style=\u00bbpreset1&#8243;][\/et_pb_image][\/et_pb_column][et_pb_column type=\u00bb1_2&#8243; _builder_version=\u00bb4.4.8&#8243;][et_pb_text _builder_version=\u00bb4.4.8&#8243;]<\/p>\n<h1 style=\"text-align: center;\">N\u00fam. 1 (1): Tramas de la Formaci\u00f3n Docente.<\/h1>\n<h1 style=\"text-align: center;\">Miradas desde el Sur.<\/h1>\n<p>[\/et_pb_text][et_pb_button button_url=\u00bbhttps:\/\/tramas.ifdc.edu.ar\/index.php\/revista\/issue\/view\/1&#8243; button_text=\u00bbVer publicaci\u00f3n\u00bb button_alignment=\u00bbcenter\u00bb _builder_version=\u00bb4.4.8&#8243; custom_button=\u00bbon\u00bb button_text_size=\u00bb19px\u00bb button_text_color=\u00bb#f9f9f9&#8243; button_bg_color=\u00bb#1e73be\u00bb button_border_color=\u00bbrgba(0,0,0,0)\u00bb button_border_radius=\u00bb49px\u00bb button_icon_color=\u00bb#1e73be\u00bb box_shadow_style=\u00bbpreset1&#8243; locked=\u00bboff\u00bb][\/et_pb_button][\/et_pb_column][\/et_pb_row][et_pb_row disabled_on=\u00bboff|off|off\u00bb _builder_version=\u00bb4.4.8&#8243; custom_padding=\u00bb||0px|||\u00bb][et_pb_column type=\u00bb4_4&#8243; _builder_version=\u00bb4.4.8&#8243;][\/et_pb_column][\/et_pb_row][et_pb_row column_structure=\u00bb1_2,1_2&#8243; _builder_version=\u00bb4.4.8&#8243; custom_margin=\u00bb||||false|false\u00bb custom_padding=\u00bb30px|30px|30px|30px|false|false\u00bb box_shadow_style=\u00bbpreset1&#8243; locked=\u00bboff\u00bb][et_pb_column type=\u00bb1_2&#8243; _builder_version=\u00bb4.4.8&#8243;][et_pb_image src=\u00bbhttps:\/\/ifdc.edu.ar\/home\/wp-content\/uploads\/2023\/12\/revista-1.jpg\u00bb title_text=\u00bbrevista 1&#8243; _builder_version=\u00bb4.4.8&#8243; box_shadow_style=\u00bbpreset1&#8243;][\/et_pb_image][\/et_pb_column][et_pb_column type=\u00bb1_2&#8243; _builder_version=\u00bb4.4.8&#8243;][et_pb_text _builder_version=\u00bb4.4.8&#8243;]<\/p>\n<h1>Edici\u00f3n Especial En clave de ESI<\/h1>\n<div class=\"obj_issue_toc\">\n<div class=\"heading\"><\/div>\n<\/div>\n<p>[\/et_pb_text][et_pb_button button_url=\u00bbhttps:\/\/tramas.ifdc.edu.ar\/index.php\/revista\/issue\/view\/2&#8243; button_text=\u00bbVer publicaci\u00f3n\u00bb button_alignment=\u00bbcenter\u00bb _builder_version=\u00bb4.4.8&#8243; custom_button=\u00bbon\u00bb button_text_size=\u00bb19px\u00bb button_text_color=\u00bb#f9f9f9&#8243; button_bg_color=\u00bb#1e73be\u00bb button_border_color=\u00bbrgba(0,0,0,0)\u00bb button_border_radius=\u00bb49px\u00bb button_icon_color=\u00bb#1e73be\u00bb box_shadow_style=\u00bbpreset1&#8243; locked=\u00bboff\u00bb][\/et_pb_button][\/et_pb_column][\/et_pb_row][et_pb_row disabled_on=\u00bboff|off|off\u00bb _builder_version=\u00bb4.4.8&#8243; locked=\u00bboff\u00bb][et_pb_column type=\u00bb4_4&#8243; _builder_version=\u00bb4.4.8&#8243;][\/et_pb_column][\/et_pb_row][et_pb_row disabled_on=\u00bboff|off|off\u00bb _builder_version=\u00bb4.4.8&#8243; custom_padding=\u00bb15px|15px|15px|15px|false|false\u00bb box_shadow_style=\u00bbpreset1&#8243; locked=\u00bboff\u00bb][et_pb_column type=\u00bb4_4&#8243; _builder_version=\u00bb4.4.8&#8243;][et_pb_text _builder_version=\u00bb4.4.8&#8243;]<\/p>\n<p><em>Tramas de la Formaci\u00f3n Docente. Miradas desde el Sur<\/em><span>\u00a0<\/span>es una iniciativa de equipo de docentes, referentes tics, bibliotecarias del IFDC Bariloche con el objetivo de generar un sitio de encuentro de saberes cuyos ejes versan fundamentalmente en: Pol\u00edticas educativas y derechos en la Formaci\u00f3n Docente (FD); Experiencias y narrativas inspiradoras en educaci\u00f3n; Enfoque de Genero en la Formaci\u00f3n Inicial e Interculturalidad Cr\u00edtica.<\/p>\n<p>Es una publicaci\u00f3n digital anual que prioriza las problem\u00e1ticas y abordajes de la FD. Entendemos que esta forma de divulgaci\u00f3n de saberes, constru\u00eddos desde los propios Institutos de Formaci\u00f3n Docente (IFD), representa un aporte para resignificar y sistematizar el trabajo realizado en nuestra regi\u00f3n patag\u00f3nica.\u00a0<\/p>\n<p>El objetivo de nuestra<span>\u00a0<\/span><em>revista<\/em><span>\u00a0<\/span>es, principalmente, construir un espacio de discusi\u00f3n y difusi\u00f3n de experiencias formativas y su an\u00e1lisis te\u00f3rico desde perspectivas cr\u00edticas e interdisciplinarias.\u00a0<\/p>\n<p>En ese sentido, las propuestas que publicamos recuperan los conocimientos que se trazan y construyen al interior de los\u00a0 IFD pero tambi\u00e9n, intentan trascender y permear los bordes de la instituci\u00f3n a los fines de indagar, dialogar y visibilizar saberes otros que se forjan en diversos \u00e1mbitos sociales y culturales (ONGs, sindicatos, movimientos sociales, etc). A partir del di\u00e1logo, el intercambio y la actualizaci\u00f3n de contenidos y problem\u00e1ticas que hacen a la FD<span>\u00a0<\/span><em>Tramas de la Formaci\u00f3n Docente. Miradas desde el Sur<\/em>, se propone constituir una herramienta de car\u00e1cter cient\u00edfico para la difusi\u00f3n y puesta en valor de tales cuestiones.<\/p>\n<p>[\/et_pb_text][\/et_pb_column][\/et_pb_row][et_pb_row disabled_on=\u00bboff|off|off\u00bb _builder_version=\u00bb4.4.8&#8243; locked=\u00bboff\u00bb][et_pb_column type=\u00bb4_4&#8243; _builder_version=\u00bb4.4.8&#8243;][et_pb_text _builder_version=\u00bb4.4.8&#8243;]<\/p>\n<h3><strong>CONVOCATORIA PARA PUBLICAR ART\u00cdCULOS CIENT\u00cdFICOS\u00a0<\/strong><\/h3>\n<p><strong><span style=\"font-weight: 400;\"><\/span><\/strong><\/p>\n<p>\u00a0<strong><span>I<\/span><span>NVITAMOS A INTERESADAS E INTERESADOS A ENVIAR ART\u00cdCULOS ACAD\u00c9MICOS ORIGINALES E IN\u00c9DITOS PARA PUBLICAR EN LA REVISTA <\/span><span>\u201cT<\/span><span>RAMAS DE LA FORMACI\u00d3N DOCENTE<\/span><span>, <\/span><span>MIRADAS DESDE EL SUR<\/span><span>\u201d<\/span><\/strong><\/p>\n<p>[\/et_pb_text][\/et_pb_column][\/et_pb_row][et_pb_row _builder_version=\u00bb4.4.8&#8243;][et_pb_column type=\u00bb4_4&#8243; _builder_version=\u00bb4.4.8&#8243;][et_pb_button button_url=\u00bbhttps:\/\/drive.google.com\/file\/d\/1c2sq12rYP8-YZW3pfjMnSavM5NbsJSxK\/view?usp=sharing\u00bb button_text=\u00bbSegunda convocatoria\u00bb button_alignment=\u00bbcenter\u00bb _builder_version=\u00bb4.4.8&#8243; custom_button=\u00bbon\u00bb button_text_size=\u00bb19px\u00bb button_text_color=\u00bb#f9f9f9&#8243; button_bg_color=\u00bb#1e73be\u00bb button_border_color=\u00bbrgba(0,0,0,0)\u00bb button_border_radius=\u00bb49px\u00bb button_icon_color=\u00bb#1e73be\u00bb box_shadow_style=\u00bbpreset1&#8243; locked=\u00bboff\u00bb][\/et_pb_button][\/et_pb_column][\/et_pb_row][et_pb_row disabled_on=\u00bbon|on|on\u00bb _builder_version=\u00bb4.4.8&#8243; custom_padding=\u00bb15px|15px|15px|15px|false|false\u00bb box_shadow_style=\u00bbpreset1&#8243; disabled=\u00bbon\u00bb locked=\u00bboff\u00bb][et_pb_column type=\u00bb4_4&#8243; _builder_version=\u00bb4.4.8&#8243;][et_pb_text _builder_version=\u00bb4.4.8&#8243;]<\/p>\n<p><span style=\"font-weight: 400;\">La revista Tramas de la Formaci\u00f3n Docente, Miradas desde el Sur es una revista cient\u00edfica anual en formato digital de acceso abierto editada por el IFDC Bariloche. Tiene como prop\u00f3sito constituir una herramienta comunicativa de difusi\u00f3n, debate e intercambio de producciones acad\u00e9micas e intelectuales con acento en el campo de la formaci\u00f3n docente para enriquecer las pr\u00e1cticas que hacen a dicha formaci\u00f3n, as\u00ed como los procesos que acompa\u00f1an el desarrollo de esas pr\u00e1cticas.\u00a0<\/span><\/p>\n<p><span style=\"font-weight: 400;\">La l\u00ednea editorial de la revista privilegiar\u00e1 trabajos originales que aborden temas y problemas que focalicen en la formaci\u00f3n docente atendiendo problem\u00e1ticas propias que constituyen los nudos cr\u00edticos de tales procesos pedag\u00f3gicos.\u00a0<\/span><\/p>\n<p><span style=\"font-weight: 400;\">Asimismo, priorizar\u00e1 las miradas cr\u00edticas de la educaci\u00f3n que evoquen la\u00a0<\/span><span style=\"font-size: 14px;\">pluralidad de vivencias, voces y territorios.\u00a0<\/span><\/p>\n<p><span style=\"font-weight: 400;\">En este primer n\u00famero pondremos el \u00e9nfasis tem\u00e1tico en aquellas colaboraciones que refieran a tratamientos interdisciplinarios sobre las formaciones de los profesorados: pol\u00edticas educativas, derechos en la formaci\u00f3n docente, experiencias y narrativas inspiradoras en educaci\u00f3n, perspectiva de g\u00e9nero e inclusi\u00f3n en la formaci\u00f3n inicial e interculturalidad.\u00a0<\/span><\/p>\n<p><span style=\"font-weight: 400;\">Si bien la revista busca promover aquellas investigaciones sobre la formaci\u00f3n docente en contextos situados como la regi\u00f3n patag\u00f3nica, tambi\u00e9n estar\u00e1 abierta a tem\u00e1ticas provenientes de otras geograf\u00edas generando, de ese modo, una conexi\u00f3n que posibilite la visibilizaci\u00f3n y la relaci\u00f3n con recorridos otros. <\/span><\/p>\n<p>[\/et_pb_text][\/et_pb_column][\/et_pb_row][et_pb_row _builder_version=\u00bb4.4.8&#8243;][et_pb_column type=\u00bb4_4&#8243; _builder_version=\u00bb4.4.8&#8243;][et_pb_divider show_divider=\u00bboff\u00bb _builder_version=\u00bb4.4.8&#8243;][\/et_pb_divider][\/et_pb_column][\/et_pb_row][et_pb_row column_structure=\u00bb3_4,1_4&#8243; _builder_version=\u00bb4.4.8&#8243; locked=\u00bboff\u00bb][et_pb_column type=\u00bb3_4&#8243; _builder_version=\u00bb4.4.8&#8243;][et_pb_testimonial portrait_url=\u00bbhttps:\/\/ifdc.edu.ar\/home\/wp-content\/uploads\/2021\/02\/logoifdcbariloche-e1534345367592.png\u00bb quote_icon=\u00bboff\u00bb _builder_version=\u00bb4.4.8&#8243;]<\/p>\n<p><span style=\"font-weight: 400;\">La convocatoria recibe textos acad\u00e9micos que se publicar\u00e1n en las<\/span> <span style=\"font-weight: 400;\">secciones Art\u00edculos, Ensayos, Rese\u00f1as y\/o Materiales<\/span><span style=\"font-weight: 400;\">\u00a0<\/span><\/p>\n<p><span style=\"font-weight: 400;\">Consultar a <\/span><span style=\"font-weight: 400;\">tramasymiradasdelsur@gmail.com<\/span><span style=\"font-weight: 400;\">\u00a0<\/span><\/p>\n<p>[\/et_pb_testimonial][\/et_pb_column][et_pb_column type=\u00bb1_4&#8243; _builder_version=\u00bb4.4.8&#8243;][et_pb_image src=\u00bbhttps:\/\/ifdc.edu.ar\/home\/wp-content\/uploads\/2021\/02\/icono-pdf-1-150&#215;150.png\u00bb alt=\u00bbicono-pdf\u00bb title_text=\u00bbicono-pdf (1)\u00bb url=\u00bbhttps:\/\/drive.google.com\/file\/d\/1kGx0eiBY4B89RI4_hZZ21bRAVF424Mp1\/view?usp=sharing\u00bb url_new_window=\u00bbon\u00bb align=\u00bbcenter\u00bb _builder_version=\u00bb4.4.8&#8243;][\/et_pb_image][et_pb_text _builder_version=\u00bb4.4.8&#8243; link_option_url=\u00bbhttps:\/\/drive.google.com\/file\/d\/1kGx0eiBY4B89RI4_hZZ21bRAVF424Mp1\/view?usp=sharing\u00bb hover_enabled=\u00bb0&#8243;]<\/p>\n<p style=\"text-align: center;\"><a href=\"https:\/\/drive.google.com\/file\/d\/1lY9fQTxAjjNf5-HRmr6MKpH6w7b-fxWu\/view\">Pautas de presentaci\u00f3n de trabajos<\/a><\/p>\n<p>[\/et_pb_text][\/et_pb_column][\/et_pb_row][et_pb_row _builder_version=\u00bb4.4.8&#8243; custom_padding=\u00bb15px|15px|15px|15px|false|false\u00bb box_shadow_style=\u00bbpreset1&#8243; locked=\u00bboff\u00bb][et_pb_column type=\u00bb4_4&#8243; _builder_version=\u00bb4.4.8&#8243;][et_pb_text _builder_version=\u00bb4.4.8&#8243; custom_padding=\u00bb||4px|||\u00bb]<\/p>\n<p><strong>PARA RECEPCI\u00d3N DE TRABAJOS ENVIAR A LA SIGUIENTE CUENTA : tramasdelsur@ifdc.edu.ar<\/strong><\/p>\n<p>[\/et_pb_text][\/et_pb_column][\/et_pb_row][\/et_pb_section][et_pb_section fb_built=\u00bb1&#8243; disabled_on=\u00bbon|on|on\u00bb _builder_version=\u00bb4.4.8&#8243; disabled=\u00bbon\u00bb][et_pb_row column_structure=\u00bb1_3,1_3,1_3&#8243; _builder_version=\u00bb4.4.8&#8243;][et_pb_column type=\u00bb1_3&#8243; _builder_version=\u00bb4.4.8&#8243;][et_pb_blurb title=\u00bbPrograma de Accesibilidad\u00bb url=\u00bbhttps:\/\/drive.google.com\/file\/d\/1s7ZVaAnBzsBD7ifE4aKljrF_RTmzEuD-\/view?usp=sharing\u00bb url_new_window=\u00bbon\u00bb image=\u00bbhttps:\/\/ifdc.edu.ar\/home\/wp-content\/uploads\/2021\/02\/icono-pdf-1-150&#215;150.png\u00bb _builder_version=\u00bb4.4.8&#8243; header_text_align=\u00bbcenter\u00bb header_text_color=\u00bb#1e73be\u00bb custom_padding=\u00bb15px|15px|15px|15px|false|false\u00bb box_shadow_style=\u00bbpreset2&#8243; locked=\u00bboff\u00bb][\/et_pb_blurb][\/et_pb_column][et_pb_column type=\u00bb1_3&#8243; _builder_version=\u00bb4.4.8&#8243;][et_pb_blurb title=\u00bbL\u00edneas de Acci\u00f3n\u00bb url=\u00bbhttps:\/\/drive.google.com\/file\/d\/1js7LARi2VCYYxRSzvq6tVmGo1KFKFmS7\/view?usp=sharing\u00bb url_new_window=\u00bbon\u00bb image=\u00bbhttps:\/\/ifdc.edu.ar\/home\/wp-content\/uploads\/2021\/02\/icono-pdf-1-150&#215;150.png\u00bb _builder_version=\u00bb4.4.8&#8243; header_text_align=\u00bbcenter\u00bb header_text_color=\u00bb#1e73be\u00bb custom_padding=\u00bb15px|15px|15px|15px|false|false\u00bb box_shadow_style=\u00bbpreset2&#8243; locked=\u00bboff\u00bb][\/et_pb_blurb][et_pb_blurb title=\u00bbDispositivos de apoyo\u00bb url=\u00bbhttps:\/\/drive.google.com\/file\/d\/1UlpIIbBuwLT1NHQmCZj9lNRenIaQ_5zV\/view?usp=sharing\u00bb url_new_window=\u00bbon\u00bb image=\u00bbhttps:\/\/ifdc.edu.ar\/home\/wp-content\/uploads\/2021\/02\/icono-pdf-1-150&#215;150.png\u00bb _builder_version=\u00bb4.4.8&#8243; header_text_align=\u00bbcenter\u00bb header_text_color=\u00bb#1e73be\u00bb custom_padding=\u00bb15px|15px|15px|15px|false|false\u00bb box_shadow_style=\u00bbpreset2&#8243; locked=\u00bboff\u00bb][\/et_pb_blurb][et_pb_text _builder_version=\u00bb4.4.8&#8243;][\/et_pb_text][\/et_pb_column][et_pb_column type=\u00bb1_3&#8243; _builder_version=\u00bb4.4.8&#8243;][et_pb_blurb title=\u00bbNormativas\u00bb url=\u00bbhttps:\/\/drive.google.com\/file\/d\/1mSlM-7hHlTLxwDtz_zI5G8y-Vhqg94S3\/view?usp=sharing\u00bb url_new_window=\u00bbon\u00bb image=\u00bbhttps:\/\/ifdc.edu.ar\/home\/wp-content\/uploads\/2021\/02\/icono-pdf-1-150&#215;150.png\u00bb _builder_version=\u00bb4.4.8&#8243; header_text_align=\u00bbcenter\u00bb header_text_color=\u00bb#1e73be\u00bb custom_padding=\u00bb15px|15px|15px|15px|false|false\u00bb box_shadow_style=\u00bbpreset2&#8243; locked=\u00bboff\u00bb][\/et_pb_blurb][\/et_pb_column][\/et_pb_row][\/et_pb_section][et_pb_section fb_built=\u00bb1&#8243; _builder_version=\u00bb4.4.8&#8243; box_shadow_style=\u00bbpreset1&#8243;][et_pb_row _builder_version=\u00bb4.4.8&#8243;][et_pb_column type=\u00bb4_4&#8243; _builder_version=\u00bb4.4.8&#8243;][et_pb_text _builder_version=\u00bb4.4.8&#8243; header_text_align=\u00bbcenter\u00bb header_text_color=\u00bb#17b2ff\u00bb header_2_text_align=\u00bbcenter\u00bb header_2_text_color=\u00bb#17b2ff\u00bb locked=\u00bboff\u00bb]<\/p>\n<h2>Anuncios y novedades<\/h2>\n<p>[\/et_pb_text][\/et_pb_column][\/et_pb_row][\/et_pb_section]<\/p>\n","protected":false},"excerpt":{"rendered":"<p>[et_pb_section fb_built=\u00bb1&#8243; _builder_version=\u00bb4.4.8&#8243; background_image=\u00bbhttps:\/\/ifdc.edu.ar\/home\/wp-content\/uploads\/2021\/02\/Gradiente-1.png\u00bb locked=\u00bboff\u00bb][et_pb_row _builder_version=\u00bb4.4.8&#8243;][et_pb_column type=\u00bb4_4&#8243; _builder_version=\u00bb4.4.8&#8243;][et_pb_text _builder_version=\u00bb4.4.8&#8243; header_text_color=\u00bb#f9f9f9&#8243;] Tramas de la formaci\u00f3n docente Miradas desde el sur\u00a0 [\/et_pb_text][\/et_pb_column][\/et_pb_row][\/et_pb_section][et_pb_section fb_built=\u00bb1&#8243; _builder_version=\u00bb4.4.8&#8243;][et_pb_row _builder_version=\u00bb4.4.8&#8243;][et_pb_column type=\u00bb4_4&#8243; _builder_version=\u00bb4.4.8&#8243;][et_pb_image src=\u00bbhttps:\/\/ifdc.edu.ar\/home\/wp-content\/uploads\/2022\/10\/logos_vectorizado.png\u00bb title_text=\u00bblogos_vectorizado\u00bb _builder_version=\u00bb4.4.8&#8243; width=\u00bb33%\u00bb module_alignment=\u00bbcenter\u00bb][\/et_pb_image][\/et_pb_column][\/et_pb_row][et_pb_row [&hellip;]<\/p>\n","protected":false},"author":3,"featured_media":0,"parent":0,"menu_order":0,"comment_status":"closed","ping_status":"closed","template":"","meta":{"_et_pb_use_builder":"on","_et_pb_old_content":"","_et_gb_content_width":"","footnotes":""},"class_list":["post-7233","page","type-page","status-publish","hentry"],"yoast_head":"<!-- This site is optimized with the Yoast SEO plugin v26.9 - https:\/\/yoast.com\/product\/yoast-seo-wordpress\/ -->\n<title>Tramas - IFDC Bariloche<\/title>\n<meta name=\"robots\" content=\"index, follow, max-snippet:-1, max-image-preview:large, max-video-preview:-1\" \/>\n<link rel=\"canonical\" href=\"https:\/\/ifdc.edu.ar\/home\/tramas\/\" \/>\n<meta property=\"og:locale\" content=\"es_ES\" \/>\n<meta property=\"og:type\" content=\"article\" \/>\n<meta property=\"og:title\" content=\"Tramas - IFDC Bariloche\" \/>\n<meta property=\"og:description\" content=\"[et_pb_section fb_built=\u00bb1&#8243; _builder_version=\u00bb4.4.8&#8243; background_image=\u00bbhttps:\/\/ifdc.edu.ar\/home\/wp-content\/uploads\/2021\/02\/Gradiente-1.png\u00bb locked=\u00bboff\u00bb][et_pb_row _builder_version=\u00bb4.4.8&#8243;][et_pb_column type=\u00bb4_4&#8243; _builder_version=\u00bb4.4.8&#8243;][et_pb_text _builder_version=\u00bb4.4.8&#8243; header_text_color=\u00bb#f9f9f9&#8243;] Tramas de la formaci\u00f3n docente Miradas desde el sur\u00a0 [\/et_pb_text][\/et_pb_column][\/et_pb_row][\/et_pb_section][et_pb_section fb_built=\u00bb1&#8243; _builder_version=\u00bb4.4.8&#8243;][et_pb_row _builder_version=\u00bb4.4.8&#8243;][et_pb_column type=\u00bb4_4&#8243; _builder_version=\u00bb4.4.8&#8243;][et_pb_image src=\u00bbhttps:\/\/ifdc.edu.ar\/home\/wp-content\/uploads\/2022\/10\/logos_vectorizado.png\u00bb title_text=\u00bblogos_vectorizado\u00bb _builder_version=\u00bb4.4.8&#8243; width=\u00bb33%\u00bb module_alignment=\u00bbcenter\u00bb][\/et_pb_image][\/et_pb_column][\/et_pb_row][et_pb_row [&hellip;]\" \/>\n<meta property=\"og:url\" content=\"https:\/\/ifdc.edu.ar\/home\/tramas\/\" \/>\n<meta property=\"og:site_name\" content=\"IFDC Bariloche\" \/>\n<meta property=\"article:modified_time\" content=\"2023-12-14T14:25:33+00:00\" \/>\n<meta name=\"twitter:card\" content=\"summary_large_image\" \/>\n<meta name=\"twitter:label1\" content=\"Tiempo de lectura\" \/>\n\t<meta name=\"twitter:data1\" content=\"9 minutos\" \/>\n<script type=\"application\/ld+json\" class=\"yoast-schema-graph\">{\"@context\":\"https:\/\/schema.org\",\"@graph\":[{\"@type\":\"WebPage\",\"@id\":\"https:\/\/ifdc.edu.ar\/home\/tramas\/\",\"url\":\"https:\/\/ifdc.edu.ar\/home\/tramas\/\",\"name\":\"Tramas - IFDC Bariloche\",\"isPartOf\":{\"@id\":\"https:\/\/ifdc.edu.ar\/home\/#website\"},\"datePublished\":\"2022-10-03T16:54:27+00:00\",\"dateModified\":\"2023-12-14T14:25:33+00:00\",\"breadcrumb\":{\"@id\":\"https:\/\/ifdc.edu.ar\/home\/tramas\/#breadcrumb\"},\"inLanguage\":\"es\",\"potentialAction\":[{\"@type\":\"ReadAction\",\"target\":[\"https:\/\/ifdc.edu.ar\/home\/tramas\/\"]}]},{\"@type\":\"BreadcrumbList\",\"@id\":\"https:\/\/ifdc.edu.ar\/home\/tramas\/#breadcrumb\",\"itemListElement\":[{\"@type\":\"ListItem\",\"position\":1,\"name\":\"Portada\",\"item\":\"https:\/\/ifdc.edu.ar\/home\/\"},{\"@type\":\"ListItem\",\"position\":2,\"name\":\"Tramas\"}]},{\"@type\":\"WebSite\",\"@id\":\"https:\/\/ifdc.edu.ar\/home\/#website\",\"url\":\"https:\/\/ifdc.edu.ar\/home\/\",\"name\":\"IFDC Bariloche\",\"description\":\"IFDC Bariloche\",\"potentialAction\":[{\"@type\":\"SearchAction\",\"target\":{\"@type\":\"EntryPoint\",\"urlTemplate\":\"https:\/\/ifdc.edu.ar\/home\/?s={search_term_string}\"},\"query-input\":{\"@type\":\"PropertyValueSpecification\",\"valueRequired\":true,\"valueName\":\"search_term_string\"}}],\"inLanguage\":\"es\"}]}<\/script>\n<!-- \/ Yoast SEO plugin. -->","yoast_head_json":{"title":"Tramas - IFDC Bariloche","robots":{"index":"index","follow":"follow","max-snippet":"max-snippet:-1","max-image-preview":"max-image-preview:large","max-video-preview":"max-video-preview:-1"},"canonical":"https:\/\/ifdc.edu.ar\/home\/tramas\/","og_locale":"es_ES","og_type":"article","og_title":"Tramas - IFDC Bariloche","og_description":"[et_pb_section fb_built=\u00bb1&#8243; _builder_version=\u00bb4.4.8&#8243; background_image=\u00bbhttps:\/\/ifdc.edu.ar\/home\/wp-content\/uploads\/2021\/02\/Gradiente-1.png\u00bb locked=\u00bboff\u00bb][et_pb_row _builder_version=\u00bb4.4.8&#8243;][et_pb_column type=\u00bb4_4&#8243; _builder_version=\u00bb4.4.8&#8243;][et_pb_text _builder_version=\u00bb4.4.8&#8243; header_text_color=\u00bb#f9f9f9&#8243;] Tramas de la formaci\u00f3n docente Miradas desde el sur\u00a0 [\/et_pb_text][\/et_pb_column][\/et_pb_row][\/et_pb_section][et_pb_section fb_built=\u00bb1&#8243; _builder_version=\u00bb4.4.8&#8243;][et_pb_row _builder_version=\u00bb4.4.8&#8243;][et_pb_column type=\u00bb4_4&#8243; _builder_version=\u00bb4.4.8&#8243;][et_pb_image src=\u00bbhttps:\/\/ifdc.edu.ar\/home\/wp-content\/uploads\/2022\/10\/logos_vectorizado.png\u00bb title_text=\u00bblogos_vectorizado\u00bb _builder_version=\u00bb4.4.8&#8243; width=\u00bb33%\u00bb module_alignment=\u00bbcenter\u00bb][\/et_pb_image][\/et_pb_column][\/et_pb_row][et_pb_row [&hellip;]","og_url":"https:\/\/ifdc.edu.ar\/home\/tramas\/","og_site_name":"IFDC Bariloche","article_modified_time":"2023-12-14T14:25:33+00:00","twitter_card":"summary_large_image","twitter_misc":{"Tiempo de lectura":"9 minutos"},"schema":{"@context":"https:\/\/schema.org","@graph":[{"@type":"WebPage","@id":"https:\/\/ifdc.edu.ar\/home\/tramas\/","url":"https:\/\/ifdc.edu.ar\/home\/tramas\/","name":"Tramas - IFDC Bariloche","isPartOf":{"@id":"https:\/\/ifdc.edu.ar\/home\/#website"},"datePublished":"2022-10-03T16:54:27+00:00","dateModified":"2023-12-14T14:25:33+00:00","breadcrumb":{"@id":"https:\/\/ifdc.edu.ar\/home\/tramas\/#breadcrumb"},"inLanguage":"es","potentialAction":[{"@type":"ReadAction","target":["https:\/\/ifdc.edu.ar\/home\/tramas\/"]}]},{"@type":"BreadcrumbList","@id":"https:\/\/ifdc.edu.ar\/home\/tramas\/#breadcrumb","itemListElement":[{"@type":"ListItem","position":1,"name":"Portada","item":"https:\/\/ifdc.edu.ar\/home\/"},{"@type":"ListItem","position":2,"name":"Tramas"}]},{"@type":"WebSite","@id":"https:\/\/ifdc.edu.ar\/home\/#website","url":"https:\/\/ifdc.edu.ar\/home\/","name":"IFDC Bariloche","description":"IFDC Bariloche","potentialAction":[{"@type":"SearchAction","target":{"@type":"EntryPoint","urlTemplate":"https:\/\/ifdc.edu.ar\/home\/?s={search_term_string}"},"query-input":{"@type":"PropertyValueSpecification","valueRequired":true,"valueName":"search_term_string"}}],"inLanguage":"es"}]}},"_links":{"self":[{"href":"https:\/\/ifdc.edu.ar\/home\/wp-json\/wp\/v2\/pages\/7233","targetHints":{"allow":["GET"]}}],"collection":[{"href":"https:\/\/ifdc.edu.ar\/home\/wp-json\/wp\/v2\/pages"}],"about":[{"href":"https:\/\/ifdc.edu.ar\/home\/wp-json\/wp\/v2\/types\/page"}],"author":[{"embeddable":true,"href":"https:\/\/ifdc.edu.ar\/home\/wp-json\/wp\/v2\/users\/3"}],"replies":[{"embeddable":true,"href":"https:\/\/ifdc.edu.ar\/home\/wp-json\/wp\/v2\/comments?post=7233"}],"version-history":[{"count":15,"href":"https:\/\/ifdc.edu.ar\/home\/wp-json\/wp\/v2\/pages\/7233\/revisions"}],"predecessor-version":[{"id":8236,"href":"https:\/\/ifdc.edu.ar\/home\/wp-json\/wp\/v2\/pages\/7233\/revisions\/8236"}],"wp:attachment":[{"href":"https:\/\/ifdc.edu.ar\/home\/wp-json\/wp\/v2\/media?parent=7233"}],"curies":[{"name":"wp","href":"https:\/\/api.w.org\/{rel}","templated":true}]}}